{"id":6355,"date":"2021-08-29T20:34:36","date_gmt":"2022-10-20T08:02:42","guid":{"rendered":"https:\/\/www.provitek.fi\/tuotteet\/maaratlemata\/h-kujulised-raamid-suitsutus-ja-keedukappidele\/"},"modified":"2022-10-20T11:02:42","modified_gmt":"2022-10-20T08:02:42","slug":"h-raamid-suitustus-ja-keedukappidele","status":"publish","type":"product","link":"https:\/\/www.provitek.fi\/et\/toode\/h-raamid-suitustus-ja-keedukappidele\/","title":{"rendered":"H-kujulised raamid suitsutus-ja keedukappidele"},"content":{"rendered":"","protected":false},"excerpt":{"rendered":"<p>Roostevabast terasest H &#8211; kujulise raamid on vastupidavad ja kergesti hooldatavad.<\/p>\n","protected":false},"featured_media":5172,"template":"","meta":{"_seopress_robots_primary_cat":"none","_seopress_titles_title":"","_seopress_titles_desc":"","_seopress_robots_index":"","_kad_blocks_custom_css":"","_kad_blocks_head_custom_js":"","_kad_blocks_body_custom_js":"","_kad_blocks_footer_custom_js":"","editor_plus_copied_stylings":"{}","_kad_post_transparent":"","_kad_post_title":"","_kad_post_layout":"","_kad_post_sidebar_id":"","_kad_post_content_style":"","_kad_post_vertical_padding":"","_kad_post_feature":"","_kad_post_feature_position":"","_kad_post_header":false,"_kad_post_footer":false,"_kad_post_classname":""},"product_brand":[],"product_cat":[169,168,172,165],"product_tag":[],"product_brands":[246],"class_list":{"0":"post-6355","1":"product","2":"type-product","3":"status-publish","4":"has-post-thumbnail","6":"product_cat-kala-et-2","7":"product_cat-liha-et-2","8":"product_cat-piimatoostus-et","9":"product_cat-uldine-et-et","10":"pa_kayttotarkoitus-transport","11":"pa_tuotekategoria-sisustus-et","12":"product_brands-brokelmann-et","14":"first","15":"instock","16":"shipping-taxable","17":"purchasable","18":"product-type-simple","19":"entry","20":"content-bg","21":"loop-entry"},"taxonomy_info":{"product_cat":[{"value":169,"label":"Kala"},{"value":168,"label":"Liha"},{"value":172,"label":"Piimat\u00f6\u00f6stus"},{"value":165,"label":"\u00dcldine"}],"pa_kayttotarkoitus":[{"value":161,"label":"Transport"}],"pa_tuotekategoria":[{"value":164,"label":"Sisustus"}],"product_brands":[{"value":246,"label":"Br\u00f6kelmann"}]},"featured_image_src_large":["https:\/\/www.provitek.fi\/wp-content\/uploads\/2021\/08\/H-Vaunut1-6.png",317,418,false],"author_info":[],"comment_info":"","_links":{"self":[{"href":"https:\/\/www.provitek.fi\/et\/wp-json\/wp\/v2\/product\/6355","targetHints":{"allow":["GET"]}}],"collection":[{"href":"https:\/\/www.provitek.fi\/et\/wp-json\/wp\/v2\/product"}],"about":[{"href":"https:\/\/www.provitek.fi\/et\/wp-json\/wp\/v2\/types\/product"}],"wp:featuredmedia":[{"embeddable":true,"href":"https:\/\/www.provitek.fi\/et\/wp-json\/wp\/v2\/media\/5172"}],"wp:attachment":[{"href":"https:\/\/www.provitek.fi\/et\/wp-json\/wp\/v2\/media?parent=6355"}],"wp:term":[{"taxonomy":"product_brand","embeddable":true,"href":"https:\/\/www.provitek.fi\/et\/wp-json\/wp\/v2\/product_brand?post=6355"},{"taxonomy":"product_cat","embeddable":true,"href":"https:\/\/www.provitek.fi\/et\/wp-json\/wp\/v2\/product_cat?post=6355"},{"taxonomy":"product_tag","embeddable":true,"href":"https:\/\/www.provitek.fi\/et\/wp-json\/wp\/v2\/product_tag?post=6355"},{"taxonomy":"product_brands","embeddable":true,"href":"https:\/\/www.provitek.fi\/et\/wp-json\/wp\/v2\/product_brands?post=6355"}],"curies":[{"name":"wp","href":"https:\/\/api.w.org\/{rel}","templated":true}]}}