{"id":6358,"date":"2021-08-29T20:35:10","date_gmt":"2022-10-24T11:14:09","guid":{"rendered":"https:\/\/www.provitek.fi\/tuotteet\/maaratlemata\/vorstikeppide-pesuseade\/"},"modified":"2022-10-24T14:14:10","modified_gmt":"2022-10-24T11:14:10","slug":"vorstikepi-pesuseade","status":"publish","type":"product","link":"https:\/\/www.provitek.fi\/et\/toode\/vorstikepi-pesuseade\/","title":{"rendered":"Vorstikeppide pesuseade"},"content":{"rendered":"","protected":false},"excerpt":{"rendered":"<p>          <span style=\"font-weight: 400;\">Nowicki kvaliteetne vorstikeppide pesuseade on vastupidav ja lihtsasti k\u00e4sitletav. Seade on komplekteeritud \u00fclemaailmselt tuntud tarnijatelt <\/span><\/p>\n<p>          <b>M\u00f5\u00f5tmed (mm): <\/b><\/p>\n<p>          <span style=\"font-weight: 400;\">Pikkus 1780, Laius 970, K\u00f5rgus 1410<\/span><\/p>\n<p>          <span style=\"font-weight: 400;\">Mahutatavus ca. 300 tk (1\/2) tundi<\/span><\/p>\n<p>          <span style=\"font-weight: 400;\">Kaal 260 kg<\/span><\/p>\n<p>          <span style=\"font-weight: 400;\">Omadused<\/span><\/p>\n<ul>\n<li style=\"font-weight: 400;\" aria-level=\"1\"><span style=\"font-weight: 400;\">Valmistatud roostevabast terasest (AISI 304) <\/span><\/li>\n<li style=\"font-weight: 400;\" aria-level=\"1\"><span style=\"font-weight: 400;\">Veenivoo j\u00e4lgmistoru<\/span><\/li>\n<li style=\"font-weight: 400;\" aria-level=\"1\"><span style=\"font-weight: 400;\">Kergesti k\u00e4sitletav <\/span><\/li>\n<li style=\"font-weight: 400;\" aria-level=\"1\"><span style=\"font-weight: 400;\">Reguleeritav pesuaeg 4-60 min<\/span><\/li>\n<li style=\"font-weight: 400;\" aria-level=\"1\"><span style=\"font-weight: 400;\">Kogus max. 300 tk 1000 mm <\/span><\/li>\n<li style=\"font-weight: 400;\" aria-level=\"1\"><span style=\"font-weight: 400;\">Intensiivne pesu \u2013 n. 300 tk v\u00f5i 200 kg per 30 min ts\u00fckkel (vastavalt m\u00e4\u00e4rduvusele) <\/span><\/li>\n<li style=\"font-weight: 400;\" aria-level=\"1\"><span style=\"font-weight: 400;\">Eemaldatav pealiskaas <\/span><\/li>\n<li style=\"font-weight: 400;\" aria-level=\"1\"><span style=\"font-weight: 400;\">Ees turvakate &#8211; v\u00e4ltimaks ootamatud avamist. <\/span><\/li>\n<li style=\"font-weight: 400;\" aria-level=\"1\"><span style=\"font-weight: 400;\">Pesutrummel on augustatud, mis tagab et vorstikepid p\u00f6\u00f6rlevad puhtas keskkonnas.Pesuvesi koos tahkete j\u00e4\u00e4kidega valgub seadme p\u00f5hja. <\/span><\/li>\n<li style=\"font-weight: 400;\" aria-level=\"1\"><span style=\"font-weight: 400;\">\u00dclapoolel luuk pesuaine lisamiseks <\/span><\/li>\n<li style=\"font-weight: 400;\" aria-level=\"1\"><span style=\"font-weight: 400;\">Ventiil vee \u00e4rajuhtimiseks <\/span><\/li>\n<li style=\"font-weight: 400;\" aria-level=\"1\"><span style=\"font-weight: 400;\">Kerge seadme puhastamine <\/span><\/li>\n<li style=\"font-weight: 400;\" aria-level=\"1\"><span style=\"font-weight: 400;\">Lihtne paigaldus <\/span><\/li>\n<li style=\"font-weight: 400;\" aria-level=\"1\"><span style=\"font-weight: 400;\">Vastab CE-n\u00f5uetele<\/span><\/li>\n<\/ul>\n","protected":false},"featured_media":5221,"template":"","meta":{"_seopress_robots_primary_cat":"none","_seopress_titles_title":"","_seopress_titles_desc":"","_seopress_robots_index":"","_kad_blocks_custom_css":"","_kad_blocks_head_custom_js":"","_kad_blocks_body_custom_js":"","_kad_blocks_footer_custom_js":"","editor_plus_copied_stylings":"{}","_kad_post_transparent":"","_kad_post_title":"","_kad_post_layout":"","_kad_post_sidebar_id":"","_kad_post_content_style":"","_kad_post_vertical_padding":"","_kad_post_feature":"","_kad_post_feature_position":"","_kad_post_header":false,"_kad_post_footer":false,"_kad_post_classname":""},"product_brand":[],"product_cat":[169,168,172,165],"product_tag":[],"product_brands":[269],"class_list":{"0":"post-6358","1":"product","2":"type-product","3":"status-publish","4":"has-post-thumbnail","6":"product_cat-kala-et-2","7":"product_cat-liha-et-2","8":"product_cat-piimatoostus-et","9":"product_cat-uldine-et-et","10":"pa_kayttotarkoitus-pesu-et","11":"pa_tuotekategoria-masinad-ja-seadmed","12":"product_brands-nowicki-et","14":"first","15":"instock","16":"shipping-taxable","17":"purchasable","18":"product-type-simple","19":"entry","20":"content-bg","21":"loop-entry"},"taxonomy_info":{"product_cat":[{"value":169,"label":"Kala"},{"value":168,"label":"Liha"},{"value":172,"label":"Piimat\u00f6\u00f6stus"},{"value":165,"label":"\u00dcldine"}],"pa_kayttotarkoitus":[{"value":182,"label":"Pesu"}],"pa_tuotekategoria":[{"value":179,"label":"Masinad ja seadmed"}],"product_brands":[{"value":269,"label":"Nowicki"}]},"featured_image_src_large":["https:\/\/www.provitek.fi\/wp-content\/uploads\/2021\/08\/Keppipesukoneet1-5.jpg",713,600,false],"author_info":[],"comment_info":"","_links":{"self":[{"href":"https:\/\/www.provitek.fi\/et\/wp-json\/wp\/v2\/product\/6358","targetHints":{"allow":["GET"]}}],"collection":[{"href":"https:\/\/www.provitek.fi\/et\/wp-json\/wp\/v2\/product"}],"about":[{"href":"https:\/\/www.provitek.fi\/et\/wp-json\/wp\/v2\/types\/product"}],"wp:featuredmedia":[{"embeddable":true,"href":"https:\/\/www.provitek.fi\/et\/wp-json\/wp\/v2\/media\/5221"}],"wp:attachment":[{"href":"https:\/\/www.provitek.fi\/et\/wp-json\/wp\/v2\/media?parent=6358"}],"wp:term":[{"taxonomy":"product_brand","embeddable":true,"href":"https:\/\/www.provitek.fi\/et\/wp-json\/wp\/v2\/product_brand?post=6358"},{"taxonomy":"product_cat","embeddable":true,"href":"https:\/\/www.provitek.fi\/et\/wp-json\/wp\/v2\/product_cat?post=6358"},{"taxonomy":"product_tag","embeddable":true,"href":"https:\/\/www.provitek.fi\/et\/wp-json\/wp\/v2\/product_tag?post=6358"},{"taxonomy":"product_brands","embeddable":true,"href":"https:\/\/www.provitek.fi\/et\/wp-json\/wp\/v2\/product_brands?post=6358"}],"curies":[{"name":"wp","href":"https:\/\/api.w.org\/{rel}","templated":true}]}}