{"id":6368,"date":"2021-08-29T20:35:10","date_gmt":"2022-11-02T14:47:37","guid":{"rendered":"https:\/\/www.provitek.fi\/tuotteet\/maaratlemata\/kallutusseade\/"},"modified":"2022-11-02T16:47:39","modified_gmt":"2022-11-02T14:47:39","slug":"kallutusseade","status":"publish","type":"product","link":"https:\/\/www.provitek.fi\/et\/toode\/kallutusseade\/","title":{"rendered":"Kallutusseade"},"content":{"rendered":"","protected":false},"excerpt":{"rendered":"<p><span style=\"font-weight: 400;\">Kvaliteetne ja tugev kallutusseade keerulistes tingimustes. Backsaver t\u00f5stuk-kallutaja abil liigutad mugavalt eriotstarbelisi vanne,konteineried,t\u00fcnne,lihak\u00e4rusid jne. Tugeva konstruktsiooniga ja minimaalse hooldusega seade on leidnud positiivset vastuv\u00f5ttu nii Euroopas ja ka v\u00e4ljas pool. Backsaver t\u00f5stuk-kallutaja koostisosad on hangitud tuntud valmistajatelt.<\/span><\/p>\n<p><span style=\"font-weight: 400;\">Omadused<\/span><\/p>\n<ul>\n<li style=\"font-weight: 400;\" aria-level=\"1\"><span style=\"font-weight: 400;\">Kallutusseade sobib nii konteineritele,vannidele,lihak\u00e4rudele,t\u00fcnnidele jne.<\/span><\/li>\n<li style=\"font-weight: 400;\" aria-level=\"1\"><span style=\"font-weight: 400;\">Kergesti liigutatav <\/span><\/li>\n<li style=\"font-weight: 400;\" aria-level=\"1\"><span style=\"font-weight: 400;\">Kallutusnurk kuni120 kraadi <\/span><\/li>\n<li style=\"font-weight: 400;\" aria-level=\"1\"><span style=\"font-weight: 400;\">Roostevabast terasest (AISI304) raam <\/span><\/li>\n<li style=\"font-weight: 400;\" aria-level=\"1\"><span style=\"font-weight: 400;\">Talub survepesu ja toiduainetet\u00f6\u00f6stuses kasutatavaid pesuaineid.Turvalisustase IP56 <\/span><\/li>\n<li style=\"font-weight: 400;\" aria-level=\"1\"><span style=\"font-weight: 400;\">Hoiatussignaal <\/span><\/li>\n<li style=\"font-weight: 400;\" aria-level=\"1\"><span style=\"font-weight: 400;\">Hooldusvaba AGM 12 V aku <\/span><\/li>\n<li style=\"font-weight: 400;\" aria-level=\"1\"><span style=\"font-weight: 400;\">T\u00f5steraskus 400 \u2013 1500 kg s\u00f5ltub margist<\/span><\/li>\n<li style=\"font-weight: 400;\" aria-level=\"1\"><span style=\"font-weight: 400;\">T\u00f5stekestvus 25 000 \u2013 60 000 kg ilma akut laadimata<\/span><\/li>\n<li style=\"font-weight: 400;\" aria-level=\"1\"><span style=\"font-weight: 400;\">Seadme kaal 200 \u2013 600 kg<\/span><\/li>\n<li style=\"font-weight: 400;\" aria-level=\"1\"><span style=\"font-weight: 400;\">Kaks p\u00f6\u00f6ratavat ratast koos piduritega ja kaks p\u00fcsivat ratast.K\u00f5ik rattad roostevabast terasest <\/span><\/li>\n<li style=\"font-weight: 400;\" aria-level=\"1\"><span style=\"font-weight: 400;\">Toiduainet\u00f6\u00f6stustele suunatud ja CE tunnustus <\/span><\/li>\n<li style=\"font-weight: 400;\" aria-level=\"1\"><span style=\"font-weight: 400;\">Palju modifikatsioone<\/span><\/li>\n<\/ul>\n<p><span style=\"font-weight: 400;\">Video<\/span><\/p>\n<p>https:\/\/youtu.be\/lcBqyYEY8Gg<\/p>\n","protected":false},"featured_media":5222,"template":"","meta":{"_seopress_robots_primary_cat":"none","_seopress_titles_title":"","_seopress_titles_desc":"","_seopress_robots_index":"","_kad_blocks_custom_css":"","_kad_blocks_head_custom_js":"","_kad_blocks_body_custom_js":"","_kad_blocks_footer_custom_js":"","editor_plus_copied_stylings":"{}","_kad_post_transparent":"","_kad_post_title":"","_kad_post_layout":"","_kad_post_sidebar_id":"","_kad_post_content_style":"","_kad_post_vertical_padding":"","_kad_post_feature":"","_kad_post_feature_position":"","_kad_post_header":false,"_kad_post_footer":false,"_kad_post_classname":""},"product_brand":[],"product_cat":[171,169,178,168,177,175,172,165,173],"product_tag":[],"product_brands":[244],"class_list":{"0":"post-6368","1":"product","2":"type-product","3":"status-publish","4":"has-post-thumbnail","6":"product_cat-juurvili","7":"product_cat-kala-et-2","8":"product_cat-lemmikloomatoit","9":"product_cat-liha-et-2","10":"product_cat-marjad-puuviljad-et","11":"product_cat-pagaritoostus-2","12":"product_cat-piimatoostus-et","13":"product_cat-uldine-et-et","14":"product_cat-valmistoit","15":"pa_kayttotarkoitus-tostmine-ja-kallutamine-et","16":"pa_kayttotarkoitus-transport","17":"pa_tuotekategoria-masinad-ja-seadmed","18":"product_brands-backsaver-et","20":"first","21":"instock","22":"shipping-taxable","23":"purchasable","24":"product-type-simple","25":"entry","26":"content-bg","27":"loop-entry"},"taxonomy_info":{"product_cat":[{"value":171,"label":"Juurvili"},{"value":169,"label":"Kala"},{"value":178,"label":"Lemmikloomatoit"},{"value":168,"label":"Liha"},{"value":177,"label":"Marjad &amp; Puuviljad"},{"value":175,"label":"Pagarit\u00f6\u00f6stus"},{"value":172,"label":"Piimat\u00f6\u00f6stus"},{"value":165,"label":"\u00dcldine"},{"value":173,"label":"Valmistoit"}],"pa_kayttotarkoitus":[{"value":184,"label":"T\u00f5stmine ja Kallutamine"},{"value":161,"label":"Transport"}],"pa_tuotekategoria":[{"value":179,"label":"Masinad ja seadmed"}],"product_brands":[{"value":244,"label":"Backsaver"}]},"featured_image_src_large":["https:\/\/www.provitek.fi\/wp-content\/uploads\/2021\/08\/Kippauslaitteet1-5.jpg",495,480,false],"author_info":[],"comment_info":"","_links":{"self":[{"href":"https:\/\/www.provitek.fi\/et\/wp-json\/wp\/v2\/product\/6368","targetHints":{"allow":["GET"]}}],"collection":[{"href":"https:\/\/www.provitek.fi\/et\/wp-json\/wp\/v2\/product"}],"about":[{"href":"https:\/\/www.provitek.fi\/et\/wp-json\/wp\/v2\/types\/product"}],"wp:featuredmedia":[{"embeddable":true,"href":"https:\/\/www.provitek.fi\/et\/wp-json\/wp\/v2\/media\/5222"}],"wp:attachment":[{"href":"https:\/\/www.provitek.fi\/et\/wp-json\/wp\/v2\/media?parent=6368"}],"wp:term":[{"taxonomy":"product_brand","embeddable":true,"href":"https:\/\/www.provitek.fi\/et\/wp-json\/wp\/v2\/product_brand?post=6368"},{"taxonomy":"product_cat","embeddable":true,"href":"https:\/\/www.provitek.fi\/et\/wp-json\/wp\/v2\/product_cat?post=6368"},{"taxonomy":"product_tag","embeddable":true,"href":"https:\/\/www.provitek.fi\/et\/wp-json\/wp\/v2\/product_tag?post=6368"},{"taxonomy":"product_brands","embeddable":true,"href":"https:\/\/www.provitek.fi\/et\/wp-json\/wp\/v2\/product_brands?post=6368"}],"curies":[{"name":"wp","href":"https:\/\/api.w.org\/{rel}","templated":true}]}}