{"id":6371,"date":"2021-08-29T20:38:54","date_gmt":"2022-11-07T13:02:24","guid":{"rendered":"https:\/\/www.provitek.fi\/tuotteet\/maaratlemata\/vaike-kutter-125-l\/"},"modified":"2022-11-16T11:11:48","modified_gmt":"2022-11-16T09:11:48","slug":"vaike-kutter","status":"publish","type":"product","link":"https:\/\/www.provitek.fi\/et\/toode\/vaike-kutter\/","title":{"rendered":"V\u00e4ike kutter (&lt;125 L)"},"content":{"rendered":"","protected":false},"excerpt":{"rendered":"<p><span style=\"font-weight: 400;\">Nowicki kutrid sobivad v\u00e4ga h\u00e4sti t\u00f6\u00f6stustele, kes tegelevad lihaga,kalaga, puuviljadega,juurviljadega jne. V\u00f5imaldavad toota nii kargemat massi kui ka \u00e4\u00e4rmiselt peenekoelist emulsiooni. V\u00f5imalik t\u00f6\u00f6delda nii v\u00e4rsket kui ka k\u00fclmunud toorainet temp.kuni -10\u00b0C . Tooraine segamine \u00f5nnetub nii kutreerimisel kui ka segamispotsessil. Roostevabast terasest korpus ja kvaliteetsed komponendid tagavad seadme pikaajalise hooldusvaba kestvuse.<\/span><span style=\"font-weight: 400;\">.  <\/span><\/p>\n<p><b>M\u00f5\u00f5tmed (mm): <\/b><\/p>\n<p><span style=\"font-weight: 400;\">Pikkus 1650 &#8211; 2650, Laius 1310 \u2013 2000, K\u00f5rgus (kui kaas on t\u00e4ielikult avatud) 1850 \u2013 2300 <\/span><\/p>\n<p><span style=\"font-weight: 400;\">Kutrid on saadaval erinevate kausi mahtuvustega 60, 90 ja 125 ltr. Juhul kui soovid suurema mahtuvusega kutrit, siis palun vaata siia <\/span><b><a href=\"https:\/\/www.provitek.fi\/tuotteet\/liha\/teollisuuskutterit-125-l\/\">t\u00f6\u00f6stuskutter<\/a>.<\/b><\/p>\n<p><span style=\"font-weight: 400;\">Omadused<\/span><\/p>\n<ul>\n<li style=\"font-weight: 400;\" aria-level=\"1\"><span style=\"font-weight: 400;\">T\u00e4ielikult roostevabast terasest (AISI 304) seade <\/span><\/li>\n<li style=\"font-weight: 400;\" aria-level=\"1\"><span style=\"font-weight: 400;\">Vastab CE-direktiivile <\/span><\/li>\n<li style=\"font-weight: 400;\" aria-level=\"1\"><span style=\"font-weight: 400;\">Tugev konstruktsioon: Kaal 1,3 \u2013 2,4 tonni,( s\u00f5ltub margist), mis v\u00e4ldib vibratsiooni ja laagirte kulumist. <\/span><\/li>\n<li style=\"font-weight: 400;\" aria-level=\"1\"><span style=\"font-weight: 400;\">Mikroprotsessorjuhtimine v\u00f5imaldab j\u00e4lgida seadmega l\u00e4biviidavaid tegevusi.<\/span><\/li>\n<li style=\"font-weight: 400;\" aria-level=\"1\"><span style=\"font-weight: 400;\">Terade v\u00f5lli muudetava kiirusega ajam kuni 6000 rpm sh vastupidine p\u00f6\u00f6remissuun segamiseks (-100-300 rpm) <\/span><\/li>\n<li style=\"font-weight: 400;\" aria-level=\"1\"><span style=\"font-weight: 400;\">K\u00f5ik elektrikomponendid on tuntud valmistajatelt, n\u00e4iteks Moeller, Finder, Mitsubishi, Vacon, Baumueller \u2013 lihtne maaletoojatelt hankida <\/span><\/li>\n<li style=\"font-weight: 400;\" aria-level=\"1\"><span style=\"font-weight: 400;\">Eriti kerge pesu &#8211; k\u00f5ik kaaned ja katted on avatavad,mis tagavad juurdep\u00e4\u00e4su ka k\u00f5ike varjatumatesse kohtadesse <\/span><\/li>\n<li style=\"font-weight: 400;\" aria-level=\"1\"><span style=\"font-weight: 400;\">K\u00f5ik seadme sisepinnad on poleeritud,tooraine kleepuvuse v\u00e4ltimiseks <\/span><\/li>\n<li style=\"font-weight: 400;\" aria-level=\"1\"><span style=\"font-weight: 400;\">Terade vahetus toimub lihtsalt ja kiirelt<\/span><\/li>\n<li style=\"font-weight: 400;\" aria-level=\"1\"><span style=\"font-weight: 400;\">Standard varustuses terav\u00f5ll 6-le terale <\/span><\/li>\n<li style=\"font-weight: 400;\" aria-level=\"1\"><span style=\"font-weight: 400;\">Saadaval laias valikus lisavarustust,<\/span>\n<ul>\n<li style=\"font-weight: 400;\" aria-level=\"2\"><span style=\"font-weight: 400;\">Automaatne keskm\u00e4\u00e4rimiss\u00fcsteem<\/span><\/li>\n<li style=\"font-weight: 400;\" aria-level=\"2\"><span style=\"font-weight: 400;\">Segu v\u00e4ljajuhtimisketas<\/span><\/li>\n<\/ul>\n<\/li>\n<\/ul>\n<p><span style=\"font-weight: 400;\">Video seadmest<\/span><\/p>\n<p>https:\/\/youtu.be\/Aiye7FI3ZC0<\/p>\n<p>https:\/\/youtu.be\/p0R7gIr_tfc<\/p>\n<p>&nbsp;<\/p>\n","protected":false},"featured_media":5345,"template":"","meta":{"_seopress_robots_primary_cat":"none","_seopress_titles_title":"Kutter | Provitek","_seopress_titles_desc":"Nowicki kutrid sobivad t\u00f6\u00f6stustele,kes tegelevad lihaga,kalaga,puuviljadega,juurviljadega ning ka leivat\u00f6\u00f6stustele ja lemmikloomatoidu valmistajatele. Kutrid on saadaval erineva mahtuvusega.","_seopress_robots_index":"","_kad_blocks_custom_css":"","_kad_blocks_head_custom_js":"","_kad_blocks_body_custom_js":"","_kad_blocks_footer_custom_js":"","editor_plus_copied_stylings":"{}","_kad_post_transparent":"","_kad_post_title":"","_kad_post_layout":"","_kad_post_sidebar_id":"","_kad_post_content_style":"","_kad_post_vertical_padding":"","_kad_post_feature":"","_kad_post_feature_position":"","_kad_post_header":false,"_kad_post_footer":false,"_kad_post_classname":""},"product_brand":[],"product_cat":[171,169,178,168,177,175,172,165,173],"product_tag":[187,188,189],"product_brands":[269],"class_list":{"0":"post-6371","1":"product","2":"type-product","3":"status-publish","4":"has-post-thumbnail","6":"product_cat-juurvili","7":"product_cat-kala-et-2","8":"product_cat-lemmikloomatoit","9":"product_cat-liha-et-2","10":"product_cat-marjad-puuviljad-et","11":"product_cat-pagaritoostus-2","12":"product_cat-piimatoostus-et","13":"product_cat-uldine-et-et","14":"product_cat-valmistoit","15":"product_tag-kutter","16":"product_tag-peen-peenestus-et","17":"product_tag-vaike-et","18":"pa_kayttotarkoitus-peen-peenestus-et","19":"pa_tuotekategoria-masinad-ja-seadmed","20":"product_brands-nowicki-et","22":"first","23":"instock","24":"shipping-taxable","25":"purchasable","26":"product-type-simple","27":"entry","28":"content-bg","29":"loop-entry"},"taxonomy_info":{"product_cat":[{"value":171,"label":"Juurvili"},{"value":169,"label":"Kala"},{"value":178,"label":"Lemmikloomatoit"},{"value":168,"label":"Liha"},{"value":177,"label":"Marjad &amp; Puuviljad"},{"value":175,"label":"Pagarit\u00f6\u00f6stus"},{"value":172,"label":"Piimat\u00f6\u00f6stus"},{"value":165,"label":"\u00dcldine"},{"value":173,"label":"Valmistoit"}],"product_tag":[{"value":187,"label":"Kutter"},{"value":188,"label":"peen-peenestus"},{"value":189,"label":"v\u00e4ike"}],"pa_kayttotarkoitus":[{"value":186,"label":"Peen - peenestus"}],"pa_tuotekategoria":[{"value":179,"label":"Masinad ja seadmed"}],"product_brands":[{"value":269,"label":"Nowicki"}]},"featured_image_src_large":["https:\/\/www.provitek.fi\/wp-content\/uploads\/2021\/08\/Pienet-kutterit1-3.jpg",775,600,false],"author_info":[],"comment_info":"","_links":{"self":[{"href":"https:\/\/www.provitek.fi\/et\/wp-json\/wp\/v2\/product\/6371","targetHints":{"allow":["GET"]}}],"collection":[{"href":"https:\/\/www.provitek.fi\/et\/wp-json\/wp\/v2\/product"}],"about":[{"href":"https:\/\/www.provitek.fi\/et\/wp-json\/wp\/v2\/types\/product"}],"wp:featuredmedia":[{"embeddable":true,"href":"https:\/\/www.provitek.fi\/et\/wp-json\/wp\/v2\/media\/5345"}],"wp:attachment":[{"href":"https:\/\/www.provitek.fi\/et\/wp-json\/wp\/v2\/media?parent=6371"}],"wp:term":[{"taxonomy":"product_brand","embeddable":true,"href":"https:\/\/www.provitek.fi\/et\/wp-json\/wp\/v2\/product_brand?post=6371"},{"taxonomy":"product_cat","embeddable":true,"href":"https:\/\/www.provitek.fi\/et\/wp-json\/wp\/v2\/product_cat?post=6371"},{"taxonomy":"product_tag","embeddable":true,"href":"https:\/\/www.provitek.fi\/et\/wp-json\/wp\/v2\/product_tag?post=6371"},{"taxonomy":"product_brands","embeddable":true,"href":"https:\/\/www.provitek.fi\/et\/wp-json\/wp\/v2\/product_brands?post=6371"}],"curies":[{"name":"wp","href":"https:\/\/api.w.org\/{rel}","templated":true}]}}