{"id":6397,"date":"2022-06-09T15:37:30","date_gmt":"2022-11-23T13:16:47","guid":{"rendered":"https:\/\/www.provitek.fi\/tuotteet\/maaratlemata\/tolmuimeja\/"},"modified":"2022-12-07T13:07:47","modified_gmt":"2022-12-07T11:07:47","slug":"vaakumseade","status":"publish","type":"product","link":"https:\/\/www.provitek.fi\/et\/toode\/vaakumseade\/","title":{"rendered":"Vaakum pakkeseade"},"content":{"rendered":"","protected":false},"excerpt":{"rendered":"","protected":false},"featured_media":5807,"template":"","meta":{"_seopress_robots_primary_cat":"","_seopress_titles_title":"Vaakum pakkeseade | Provitek","_seopress_titles_desc":"","_seopress_robots_index":"","_kad_blocks_custom_css":"","_kad_blocks_head_custom_js":"","_kad_blocks_body_custom_js":"","_kad_blocks_footer_custom_js":"","editor_plus_copied_stylings":"{}","_kad_post_transparent":"","_kad_post_title":"","_kad_post_layout":"","_kad_post_sidebar_id":"","_kad_post_content_style":"","_kad_post_vertical_padding":"","_kad_post_feature":"","_kad_post_feature_position":"","_kad_post_header":false,"_kad_post_footer":false,"_kad_post_classname":""},"product_brand":[],"product_cat":[171,169,178,168,177,175,172,165,173],"product_tag":[206,204,209,207],"product_brands":[243],"class_list":{"0":"post-6397","1":"product","2":"type-product","3":"status-publish","4":"has-post-thumbnail","6":"product_cat-juurvili","7":"product_cat-kala-et-2","8":"product_cat-lemmikloomatoit","9":"product_cat-liha-et-2","10":"product_cat-marjad-puuviljad-et","11":"product_cat-pagaritoostus-2","12":"product_cat-piimatoostus-et","13":"product_cat-uldine-et-et","14":"product_cat-valmistoit","15":"product_tag-seade","16":"product_tag-vaakum","17":"product_tag-vaakumpakendamine","18":"product_tag-vaakumseade","19":"pa_kayttotarkoitus-pakendamine-et-2","20":"pa_kayttotarkoitus-vaakumpakendus","21":"pa_tuotekategoria-masinad-ja-seadmed","22":"product_brands-ak-by-ramon-et","24":"first","25":"instock","26":"shipping-taxable","27":"purchasable","28":"product-type-simple","29":"entry","30":"content-bg","31":"loop-entry"},"taxonomy_info":{"product_cat":[{"value":171,"label":"Juurvili"},{"value":169,"label":"Kala"},{"value":178,"label":"Lemmikloomatoit"},{"value":168,"label":"Liha"},{"value":177,"label":"Marjad &amp; Puuviljad"},{"value":175,"label":"Pagarit\u00f6\u00f6stus"},{"value":172,"label":"Piimat\u00f6\u00f6stus"},{"value":165,"label":"\u00dcldine"},{"value":173,"label":"Valmistoit"}],"product_tag":[{"value":206,"label":"seade"},{"value":204,"label":"vaakum"},{"value":209,"label":"vaakumpakendamine"},{"value":207,"label":"vaakumseade"}],"pa_kayttotarkoitus":[{"value":205,"label":"Pakendamine"},{"value":200,"label":"Vaakumpakendus"}],"pa_tuotekategoria":[{"value":179,"label":"Masinad ja seadmed"}],"product_brands":[{"value":243,"label":"Ak by Ramon"}]},"featured_image_src_large":["https:\/\/www.provitek.fi\/wp-content\/uploads\/2022\/06\/Vakumointikone1.png",673,438,false],"author_info":[],"comment_info":"","_links":{"self":[{"href":"https:\/\/www.provitek.fi\/et\/wp-json\/wp\/v2\/product\/6397","targetHints":{"allow":["GET"]}}],"collection":[{"href":"https:\/\/www.provitek.fi\/et\/wp-json\/wp\/v2\/product"}],"about":[{"href":"https:\/\/www.provitek.fi\/et\/wp-json\/wp\/v2\/types\/product"}],"wp:featuredmedia":[{"embeddable":true,"href":"https:\/\/www.provitek.fi\/et\/wp-json\/wp\/v2\/media\/5807"}],"wp:attachment":[{"href":"https:\/\/www.provitek.fi\/et\/wp-json\/wp\/v2\/media?parent=6397"}],"wp:term":[{"taxonomy":"product_brand","embeddable":true,"href":"https:\/\/www.provitek.fi\/et\/wp-json\/wp\/v2\/product_brand?post=6397"},{"taxonomy":"product_cat","embeddable":true,"href":"https:\/\/www.provitek.fi\/et\/wp-json\/wp\/v2\/product_cat?post=6397"},{"taxonomy":"product_tag","embeddable":true,"href":"https:\/\/www.provitek.fi\/et\/wp-json\/wp\/v2\/product_tag?post=6397"},{"taxonomy":"product_brands","embeddable":true,"href":"https:\/\/www.provitek.fi\/et\/wp-json\/wp\/v2\/product_brands?post=6397"}],"curies":[{"name":"wp","href":"https:\/\/api.w.org\/{rel}","templated":true}]}}