{"id":6420,"date":"2022-03-07T16:02:33","date_gmt":"2022-11-23T13:17:18","guid":{"rendered":"https:\/\/www.provitek.fi\/tuotteet\/maaratlemata\/sun-spice-rs-vurtsi-umbrik\/"},"modified":"2022-12-28T14:03:46","modified_gmt":"2022-12-28T12:03:46","slug":"sun-spice-rs-maitsekestad","status":"publish","type":"product","link":"https:\/\/www.provitek.fi\/et\/toode\/sun-spice-rs-maitsekestad\/","title":{"rendered":"Sun Spice RS maitsekest"},"content":{"rendered":"","protected":false},"excerpt":{"rendered":"<p>Sun Spice RS vostikestad on ohutud ja lihtne viis pika s\u00e4ilivusajaga vorstide valmistamiseks.Kest on koos maitseainete kihiga. Unustage lisada maitseaineid Ilma \u017eelatiinita tootmine ei ole enam probleemiks. Maitseainete kiht on \u00fchtlane ja ei eemaldu ka toote k\u00e4sitsemisel ja viilutamisel .<\/p>\n<p><strong>Kasutusvaldkonnad<\/strong><\/p>\n<ul>\n<li>Pika s\u00e4ilivisega vorstid<\/li>\n<li>Kuivatatud sink<\/li>\n<\/ul>\n<p><strong>Kasutusvaldkond<\/strong><\/p>\n<ul>\n<li>Ei vaja leotust<\/li>\n<li>T\u00e4itmine kuivalt, nominaalkaliibrini<\/li>\n<li>Klipsimine on v\u00f5imalik poolautomaatse klipsaatoriga.<\/li>\n<li>Pihustage p\u00e4rast t\u00e4itmist<\/li>\n<li>Normaalne k\u00fcpsetamine<\/li>\n<\/ul>\n<p><strong>Omadused<\/strong><\/p>\n<ul>\n<li>\u00d5mmeldud kest, lehe laius 75 &#8211; 315 mm<\/li>\n<li>Maitseainekate kuni 1600mm<\/li>\n<li>\u00d5mmeldud vormi j\u00e4rgi<\/li>\n<li>Kasutusel rohkem kui 100 erinevat maitseainet<\/li>\n<li>V\u00f5imalik on pakkuda v\u00e4ga spetsiifilisi maitseaineid<\/li>\n<\/ul>\n<p><strong>Eelised<\/strong><\/p>\n<ul>\n<li>Saab t\u00e4ita poolautomaatselt<\/li>\n<li>Suurep\u00e4rane t\u00fckeldatavus<\/li>\n<li>Mikrobioloogilised eelised leotust vajavate toodete ees<\/li>\n<li>Toode on m\u00f5\u00f5dukalt v\u00fcrtsikas, kuid mitte nn tuline.<\/li>\n<li>V\u00fcrts ei tule m\u00fc\u00fcgipakendidest v\u00e4lja<\/li>\n<\/ul>\n","protected":false},"featured_media":6425,"template":"","meta":{"_seopress_robots_primary_cat":"none","_seopress_titles_title":"Sun Spice RS maitsekest | Provitek","_seopress_titles_desc":"","_seopress_robots_index":"","_kad_blocks_custom_css":"","_kad_blocks_head_custom_js":"","_kad_blocks_body_custom_js":"","_kad_blocks_footer_custom_js":"","editor_plus_copied_stylings":"{}","_kad_post_transparent":"","_kad_post_title":"","_kad_post_layout":"","_kad_post_sidebar_id":"","_kad_post_content_style":"","_kad_post_vertical_padding":"","_kad_post_feature":"","_kad_post_feature_position":"","_kad_post_header":false,"_kad_post_footer":false,"_kad_post_classname":""},"product_brand":[],"product_cat":[168,165],"product_tag":[],"product_brands":[275],"class_list":{"0":"post-6420","1":"product","2":"type-product","3":"status-publish","4":"has-post-thumbnail","6":"product_cat-liha-et-2","7":"product_cat-uldine-et-et","8":"pa_kayttotarkoitus-vorstikestad","9":"pa_tuotekategoria-pakkematerjalid","10":"pa_tuotekategoria-tarvikud","11":"product_brands-world-pac-et","13":"first","14":"instock","15":"shipping-taxable","16":"purchasable","17":"product-type-simple","18":"entry","19":"content-bg","20":"loop-entry"},"taxonomy_info":{"product_cat":[{"value":168,"label":"Liha"},{"value":165,"label":"\u00dcldine"}],"pa_kayttotarkoitus":[{"value":220,"label":"Vorstikestad"}],"pa_tuotekategoria":[{"value":221,"label":"Pakkematerjalid"},{"value":196,"label":"Tarvikud"}],"product_brands":[{"value":275,"label":"World Pac"}]},"featured_image_src_large":["https:\/\/www.provitek.fi\/wp-content\/uploads\/2022\/03\/Sun-Spice-RS1.jpg",510,340,false],"author_info":[],"comment_info":"","_links":{"self":[{"href":"https:\/\/www.provitek.fi\/et\/wp-json\/wp\/v2\/product\/6420","targetHints":{"allow":["GET"]}}],"collection":[{"href":"https:\/\/www.provitek.fi\/et\/wp-json\/wp\/v2\/product"}],"about":[{"href":"https:\/\/www.provitek.fi\/et\/wp-json\/wp\/v2\/types\/product"}],"wp:featuredmedia":[{"embeddable":true,"href":"https:\/\/www.provitek.fi\/et\/wp-json\/wp\/v2\/media\/6425"}],"wp:attachment":[{"href":"https:\/\/www.provitek.fi\/et\/wp-json\/wp\/v2\/media?parent=6420"}],"wp:term":[{"taxonomy":"product_brand","embeddable":true,"href":"https:\/\/www.provitek.fi\/et\/wp-json\/wp\/v2\/product_brand?post=6420"},{"taxonomy":"product_cat","embeddable":true,"href":"https:\/\/www.provitek.fi\/et\/wp-json\/wp\/v2\/product_cat?post=6420"},{"taxonomy":"product_tag","embeddable":true,"href":"https:\/\/www.provitek.fi\/et\/wp-json\/wp\/v2\/product_tag?post=6420"},{"taxonomy":"product_brands","embeddable":true,"href":"https:\/\/www.provitek.fi\/et\/wp-json\/wp\/v2\/product_brands?post=6420"}],"curies":[{"name":"wp","href":"https:\/\/api.w.org\/{rel}","templated":true}]}}