{"id":6421,"date":"2022-03-07T15:30:13","date_gmt":"2022-11-23T13:17:18","guid":{"rendered":"https:\/\/www.provitek.fi\/tuotteet\/maaratlemata\/sun-spice-vurtsiga-kaetud-mitmekihiline-plastik\/"},"modified":"2022-12-28T13:41:28","modified_gmt":"2022-12-28T11:41:28","slug":"sun-spice-maitsestatud-mitmekihilised-vorstikestad","status":"publish","type":"product","link":"https:\/\/www.provitek.fi\/et\/toode\/sun-spice-maitsestatud-mitmekihilised-vorstikestad\/","title":{"rendered":"Sun Spice maitseainetega kaetud mitmekihiline plastikkest"},"content":{"rendered":"","protected":false},"excerpt":{"rendered":"<p>Sun Spice CAS on maailma esimene palstikkest, mille sees on maitseainete kiht. Kest tagab tootjale pika s\u00e4ilivusaja.<\/p>\n<p><strong>Kasutusvaldkonnad<\/strong><\/p>\n<ul>\n<li>Keedutooted<\/li>\n<li>Tooted linnulihast<\/li>\n<li>Sulatatud juust<\/li>\n<\/ul>\n<p><strong>Kasutusvaldkond<\/strong><\/p>\n<ul>\n<li>Ei vaja leotamist<\/li>\n<li>T\u00e4itmine maksimaalse nominaalkaliibrini<\/li>\n<\/ul>\n<p><strong>Omadused<\/strong><\/p>\n<ul>\n<li>CAS V &#8211; normaalne<\/li>\n<li>CAS PNP &#8211; k\u00f5rge l\u00e4bilaskvus<\/li>\n<li>Teibiga suletav<\/li>\n<li>Pinnalaotused 100 mm &#8211; 265 mm<\/li>\n<li>Maitsepinna suurus kuni 1600 mm<\/li>\n<li>Klipsiga suletav kest ,vastavalt siis kas \u00fchest &#8211; v\u00f5i kahestotsast<\/li>\n<li>Saadaval kas siis avatud v\u00f5i \u00fche otsaga, mis on kinni klipsitud.<\/li>\n<\/ul>\n<p><strong>Eelised<\/strong><\/p>\n<ul>\n<li>Saab t\u00e4ita poolautomaatselt<\/li>\n<li>Pikk s\u00e4ilivusaeg<\/li>\n<li>Tootmise paindlikkus<\/li>\n<li>Maitseainete pikk s\u00e4ilivusaeg<\/li>\n<li>Kaalukadu puudub<\/li>\n<\/ul>\n","protected":false},"featured_media":6429,"template":"","meta":{"_seopress_robots_primary_cat":"none","_seopress_titles_title":"Sun Spice - maitseainetega kaetud mitmekihiline plastikkest | Provitek","_seopress_titles_desc":"","_seopress_robots_index":"","_kad_blocks_custom_css":"","_kad_blocks_head_custom_js":"","_kad_blocks_body_custom_js":"","_kad_blocks_footer_custom_js":"","editor_plus_copied_stylings":"{}","_kad_post_transparent":"","_kad_post_title":"","_kad_post_layout":"","_kad_post_sidebar_id":"","_kad_post_content_style":"","_kad_post_vertical_padding":"","_kad_post_feature":"","_kad_post_feature_position":"","_kad_post_header":false,"_kad_post_footer":false,"_kad_post_classname":""},"product_brand":[],"product_cat":[171,169,168,172,165,173],"product_tag":[],"product_brands":[275],"class_list":{"0":"post-6421","1":"product","2":"type-product","3":"status-publish","4":"has-post-thumbnail","6":"product_cat-juurvili","7":"product_cat-kala-et-2","8":"product_cat-liha-et-2","9":"product_cat-piimatoostus-et","10":"product_cat-uldine-et-et","11":"product_cat-valmistoit","12":"pa_kayttotarkoitus-vorstikestad","13":"pa_tuotekategoria-pakkematerjalid","14":"pa_tuotekategoria-tarvikud","15":"product_brands-world-pac-et","17":"first","18":"instock","19":"shipping-taxable","20":"purchasable","21":"product-type-simple","22":"entry","23":"content-bg","24":"loop-entry"},"taxonomy_info":{"product_cat":[{"value":171,"label":"Juurvili"},{"value":169,"label":"Kala"},{"value":168,"label":"Liha"},{"value":172,"label":"Piimat\u00f6\u00f6stus"},{"value":165,"label":"\u00dcldine"},{"value":173,"label":"Valmistoit"}],"pa_kayttotarkoitus":[{"value":220,"label":"Vorstikestad"}],"pa_tuotekategoria":[{"value":221,"label":"Pakkematerjalid"},{"value":196,"label":"Tarvikud"}],"product_brands":[{"value":275,"label":"World Pac"}]},"featured_image_src_large":["https:\/\/www.provitek.fi\/wp-content\/uploads\/2022\/03\/Sun-Spice-CAS1.jpg",510,340,false],"author_info":[],"comment_info":"","_links":{"self":[{"href":"https:\/\/www.provitek.fi\/et\/wp-json\/wp\/v2\/product\/6421","targetHints":{"allow":["GET"]}}],"collection":[{"href":"https:\/\/www.provitek.fi\/et\/wp-json\/wp\/v2\/product"}],"about":[{"href":"https:\/\/www.provitek.fi\/et\/wp-json\/wp\/v2\/types\/product"}],"wp:featuredmedia":[{"embeddable":true,"href":"https:\/\/www.provitek.fi\/et\/wp-json\/wp\/v2\/media\/6429"}],"wp:attachment":[{"href":"https:\/\/www.provitek.fi\/et\/wp-json\/wp\/v2\/media?parent=6421"}],"wp:term":[{"taxonomy":"product_brand","embeddable":true,"href":"https:\/\/www.provitek.fi\/et\/wp-json\/wp\/v2\/product_brand?post=6421"},{"taxonomy":"product_cat","embeddable":true,"href":"https:\/\/www.provitek.fi\/et\/wp-json\/wp\/v2\/product_cat?post=6421"},{"taxonomy":"product_tag","embeddable":true,"href":"https:\/\/www.provitek.fi\/et\/wp-json\/wp\/v2\/product_tag?post=6421"},{"taxonomy":"product_brands","embeddable":true,"href":"https:\/\/www.provitek.fi\/et\/wp-json\/wp\/v2\/product_brands?post=6421"}],"curies":[{"name":"wp","href":"https:\/\/api.w.org\/{rel}","templated":true}]}}