{"id":6442,"date":"2022-03-02T06:37:28","date_gmt":"2022-11-23T13:17:45","guid":{"rendered":"https:\/\/www.provitek.fi\/tuotteet\/maaratlemata\/cleaner\/"},"modified":"2022-12-05T15:21:59","modified_gmt":"2022-12-05T13:21:59","slug":"viilutaja","status":"publish","type":"product","link":"https:\/\/www.provitek.fi\/et\/toode\/viilutaja\/","title":{"rendered":"Viilutaja"},"content":{"rendered":"","protected":false},"excerpt":{"rendered":"","protected":false},"featured_media":5512,"template":"","meta":{"_seopress_robots_primary_cat":"none","_seopress_titles_title":"Viilutaja| Provitek","_seopress_titles_desc":"","_seopress_robots_index":"","_kad_blocks_custom_css":"","_kad_blocks_head_custom_js":"","_kad_blocks_body_custom_js":"","_kad_blocks_footer_custom_js":"","editor_plus_copied_stylings":"{}","_kad_post_transparent":"","_kad_post_title":"","_kad_post_layout":"","_kad_post_sidebar_id":"","_kad_post_content_style":"","_kad_post_vertical_padding":"","_kad_post_feature":"","_kad_post_feature_position":"","_kad_post_header":false,"_kad_post_footer":false,"_kad_post_classname":""},"product_brand":[],"product_cat":[171,169,168,172,165,173],"product_tag":[],"product_brands":[241],"class_list":{"0":"post-6442","1":"product","2":"type-product","3":"status-publish","4":"has-post-thumbnail","6":"product_cat-juurvili","7":"product_cat-kala-et-2","8":"product_cat-liha-et-2","9":"product_cat-piimatoostus-et","10":"product_cat-uldine-et-et","11":"product_cat-valmistoit","12":"pa_kayttotarkoitus-loikamine-et","13":"pa_kayttotarkoitus-viilutamine","14":"pa_tuotekategoria-masinad-ja-seadmed","15":"product_brands-abm-et","17":"first","18":"instock","19":"shipping-taxable","20":"purchasable","21":"product-type-simple","22":"entry","23":"content-bg","24":"loop-entry"},"taxonomy_info":{"product_cat":[{"value":171,"label":"Juurvili"},{"value":169,"label":"Kala"},{"value":168,"label":"Liha"},{"value":172,"label":"Piimat\u00f6\u00f6stus"},{"value":165,"label":"\u00dcldine"},{"value":173,"label":"Valmistoit"}],"pa_kayttotarkoitus":[{"value":195,"label":"L\u00f5ikamine"},{"value":217,"label":"Viilutamine"}],"pa_tuotekategoria":[{"value":179,"label":"Masinad ja seadmed"}],"product_brands":[{"value":241,"label":"ABM"}]},"featured_image_src_large":["https:\/\/www.provitek.fi\/wp-content\/uploads\/2022\/02\/Siivuttaja1.png",661,697,false],"author_info":[],"comment_info":"","_links":{"self":[{"href":"https:\/\/www.provitek.fi\/et\/wp-json\/wp\/v2\/product\/6442","targetHints":{"allow":["GET"]}}],"collection":[{"href":"https:\/\/www.provitek.fi\/et\/wp-json\/wp\/v2\/product"}],"about":[{"href":"https:\/\/www.provitek.fi\/et\/wp-json\/wp\/v2\/types\/product"}],"wp:featuredmedia":[{"embeddable":true,"href":"https:\/\/www.provitek.fi\/et\/wp-json\/wp\/v2\/media\/5512"}],"wp:attachment":[{"href":"https:\/\/www.provitek.fi\/et\/wp-json\/wp\/v2\/media?parent=6442"}],"wp:term":[{"taxonomy":"product_brand","embeddable":true,"href":"https:\/\/www.provitek.fi\/et\/wp-json\/wp\/v2\/product_brand?post=6442"},{"taxonomy":"product_cat","embeddable":true,"href":"https:\/\/www.provitek.fi\/et\/wp-json\/wp\/v2\/product_cat?post=6442"},{"taxonomy":"product_tag","embeddable":true,"href":"https:\/\/www.provitek.fi\/et\/wp-json\/wp\/v2\/product_tag?post=6442"},{"taxonomy":"product_brands","embeddable":true,"href":"https:\/\/www.provitek.fi\/et\/wp-json\/wp\/v2\/product_brands?post=6442"}],"curies":[{"name":"wp","href":"https:\/\/api.w.org\/{rel}","templated":true}]}}