{"id":6466,"date":"2021-08-29T20:42:54","date_gmt":"2022-11-23T13:18:08","guid":{"rendered":"https:\/\/www.provitek.fi\/tuotteet\/maaratlemata\/z-karud-suitsutus-ja-toiduvalmistamiskappide-jaoks\/"},"modified":"2022-12-05T14:25:23","modified_gmt":"2022-12-05T12:25:23","slug":"z-kujulised-vorstiraamid","status":"publish","type":"product","link":"https:\/\/www.provitek.fi\/et\/toode\/z-kujulised-vorstiraamid\/","title":{"rendered":"Z-kujulised vorstiraamid"},"content":{"rendered":"","protected":false},"excerpt":{"rendered":"<p>Meie roostevabast terasest Z- kujulised vorstiraamid on valmistatud roostevabast terasest ja on ehitatud nii, et need peavad vastu ka k\u00f5ige karmimale kulumisele.<\/p>\n","protected":false},"featured_media":5439,"template":"","meta":{"_seopress_robots_primary_cat":"none","_seopress_titles_title":"","_seopress_titles_desc":"","_seopress_robots_index":"","_kad_blocks_custom_css":"","_kad_blocks_head_custom_js":"","_kad_blocks_body_custom_js":"","_kad_blocks_footer_custom_js":"","editor_plus_copied_stylings":"{}","_kad_post_transparent":"","_kad_post_title":"","_kad_post_layout":"","_kad_post_sidebar_id":"","_kad_post_content_style":"","_kad_post_vertical_padding":"","_kad_post_feature":"","_kad_post_feature_position":"","_kad_post_header":false,"_kad_post_footer":false,"_kad_post_classname":""},"product_brand":[],"product_cat":[169,168,172,165],"product_tag":[],"product_brands":[246],"class_list":{"0":"post-6466","1":"product","2":"type-product","3":"status-publish","4":"has-post-thumbnail","6":"product_cat-kala-et-2","7":"product_cat-liha-et-2","8":"product_cat-piimatoostus-et","9":"product_cat-uldine-et-et","10":"pa_kayttotarkoitus-transport","11":"pa_tuotekategoria-sisustus-et","12":"product_brands-brokelmann-et","14":"first","15":"instock","16":"shipping-taxable","17":"purchasable","18":"product-type-simple","19":"entry","20":"content-bg","21":"loop-entry"},"taxonomy_info":{"product_cat":[{"value":169,"label":"Kala"},{"value":168,"label":"Liha"},{"value":172,"label":"Piimat\u00f6\u00f6stus"},{"value":165,"label":"\u00dcldine"}],"pa_kayttotarkoitus":[{"value":161,"label":"Transport"}],"pa_tuotekategoria":[{"value":164,"label":"Sisustus"}],"product_brands":[{"value":246,"label":"Br\u00f6kelmann"}]},"featured_image_src_large":["https:\/\/www.provitek.fi\/wp-content\/uploads\/2021\/08\/Z-vaunut1-5.png",260,360,false],"author_info":[],"comment_info":"","_links":{"self":[{"href":"https:\/\/www.provitek.fi\/et\/wp-json\/wp\/v2\/product\/6466","targetHints":{"allow":["GET"]}}],"collection":[{"href":"https:\/\/www.provitek.fi\/et\/wp-json\/wp\/v2\/product"}],"about":[{"href":"https:\/\/www.provitek.fi\/et\/wp-json\/wp\/v2\/types\/product"}],"wp:featuredmedia":[{"embeddable":true,"href":"https:\/\/www.provitek.fi\/et\/wp-json\/wp\/v2\/media\/5439"}],"wp:attachment":[{"href":"https:\/\/www.provitek.fi\/et\/wp-json\/wp\/v2\/media?parent=6466"}],"wp:term":[{"taxonomy":"product_brand","embeddable":true,"href":"https:\/\/www.provitek.fi\/et\/wp-json\/wp\/v2\/product_brand?post=6466"},{"taxonomy":"product_cat","embeddable":true,"href":"https:\/\/www.provitek.fi\/et\/wp-json\/wp\/v2\/product_cat?post=6466"},{"taxonomy":"product_tag","embeddable":true,"href":"https:\/\/www.provitek.fi\/et\/wp-json\/wp\/v2\/product_tag?post=6466"},{"taxonomy":"product_brands","embeddable":true,"href":"https:\/\/www.provitek.fi\/et\/wp-json\/wp\/v2\/product_brands?post=6466"}],"curies":[{"name":"wp","href":"https:\/\/api.w.org\/{rel}","templated":true}]}}