{"id":6477,"date":"2021-08-29T20:41:30","date_gmt":"2022-11-23T13:18:16","guid":{"rendered":"https:\/\/www.provitek.fi\/tuotteet\/maaratlemata\/vaakumdosaator\/"},"modified":"2022-11-23T15:18:16","modified_gmt":"2022-11-23T13:18:16","slug":"vaakumdosaator","status":"publish","type":"product","link":"https:\/\/www.provitek.fi\/et\/toode\/vaakumdosaator\/","title":{"rendered":"Vaakumdosaator"},"content":{"rendered":"","protected":false},"excerpt":{"rendered":"<p><span style=\"font-weight: 400;\">HOJA vaakumdosaatorid on mugavad kasutada ja vastupidavad. Seade on t\u00e4ielikult pneumaatiline, seega on hooldamine lihtne ja harvem kui elektrooniliste seadmete puhul. Seadet saab kombineerida teiste HOJA seadmetega automaatliinide osana ja see sobib pannkookide, koore, marmelaadi, moosi ja \u00fcldiselt osakesi sisaldavate vedelike doseerimiseks. Seade on valmistatud vastavalt teie vajadustele.<\/span><\/p>\n<p><span style=\"font-weight: 400;\">Esitlusvideo<\/span><\/p>\n<p>https:\/\/youtu.be\/BJgt5yX36V0<\/p>\n","protected":false},"featured_media":5413,"template":"","meta":{"_seopress_robots_primary_cat":"none","_seopress_titles_title":"","_seopress_titles_desc":"","_seopress_robots_index":"","_kad_blocks_custom_css":"","_kad_blocks_head_custom_js":"","_kad_blocks_body_custom_js":"","_kad_blocks_footer_custom_js":"","editor_plus_copied_stylings":"{}","_kad_post_transparent":"","_kad_post_title":"","_kad_post_layout":"","_kad_post_sidebar_id":"","_kad_post_content_style":"","_kad_post_vertical_padding":"","_kad_post_feature":"","_kad_post_feature_position":"","_kad_post_header":false,"_kad_post_footer":false,"_kad_post_classname":""},"product_brand":[],"product_cat":[177,175,172,165,173],"product_tag":[],"product_brands":[258],"class_list":{"0":"post-6477","1":"product","2":"type-product","3":"status-publish","4":"has-post-thumbnail","6":"product_cat-marjad-puuviljad-et","7":"product_cat-pagaritoostus-2","8":"product_cat-piimatoostus-et","9":"product_cat-uldine-et-et","10":"product_cat-valmistoit","11":"pa_kayttotarkoitus-doseerimine","12":"pa_tuotekategoria-masinad-ja-seadmed","13":"product_brands-hoja-et","15":"first","16":"instock","17":"shipping-taxable","18":"purchasable","19":"product-type-simple","20":"entry","21":"content-bg","22":"loop-entry"},"taxonomy_info":{"product_cat":[{"value":177,"label":"Marjad &amp; Puuviljad"},{"value":175,"label":"Pagarit\u00f6\u00f6stus"},{"value":172,"label":"Piimat\u00f6\u00f6stus"},{"value":165,"label":"\u00dcldine"},{"value":173,"label":"Valmistoit"}],"pa_kayttotarkoitus":[{"value":218,"label":"Doseerimine"}],"pa_tuotekategoria":[{"value":179,"label":"Masinad ja seadmed"}],"product_brands":[{"value":258,"label":"Hoja"}]},"featured_image_src_large":["https:\/\/www.provitek.fi\/wp-content\/uploads\/2021\/08\/Vakuumiannostelija1-5.jpg",225,300,false],"author_info":[],"comment_info":"","_links":{"self":[{"href":"https:\/\/www.provitek.fi\/et\/wp-json\/wp\/v2\/product\/6477","targetHints":{"allow":["GET"]}}],"collection":[{"href":"https:\/\/www.provitek.fi\/et\/wp-json\/wp\/v2\/product"}],"about":[{"href":"https:\/\/www.provitek.fi\/et\/wp-json\/wp\/v2\/types\/product"}],"wp:featuredmedia":[{"embeddable":true,"href":"https:\/\/www.provitek.fi\/et\/wp-json\/wp\/v2\/media\/5413"}],"wp:attachment":[{"href":"https:\/\/www.provitek.fi\/et\/wp-json\/wp\/v2\/media?parent=6477"}],"wp:term":[{"taxonomy":"product_brand","embeddable":true,"href":"https:\/\/www.provitek.fi\/et\/wp-json\/wp\/v2\/product_brand?post=6477"},{"taxonomy":"product_cat","embeddable":true,"href":"https:\/\/www.provitek.fi\/et\/wp-json\/wp\/v2\/product_cat?post=6477"},{"taxonomy":"product_tag","embeddable":true,"href":"https:\/\/www.provitek.fi\/et\/wp-json\/wp\/v2\/product_tag?post=6477"},{"taxonomy":"product_brands","embeddable":true,"href":"https:\/\/www.provitek.fi\/et\/wp-json\/wp\/v2\/product_brands?post=6477"}],"curies":[{"name":"wp","href":"https:\/\/api.w.org\/{rel}","templated":true}]}}