{"id":6482,"date":"2021-08-29T20:41:30","date_gmt":"2022-11-23T13:18:20","guid":{"rendered":"https:\/\/www.provitek.fi\/tuotteet\/maaratlemata\/vaakumpump\/"},"modified":"2022-12-05T14:01:45","modified_gmt":"2022-12-05T12:01:45","slug":"vaakumtrumbler","status":"publish","type":"product","link":"https:\/\/www.provitek.fi\/et\/toode\/vaakumtrumbler\/","title":{"rendered":"Vaakumtumbler"},"content":{"rendered":"","protected":false},"excerpt":{"rendered":"<p><span style=\"font-weight: 400;\">Nowicki vaakumtrumlid liha kvaliteetseks vaakummasseerimiseks. T\u00e4pselt kavandatud tera disain tagab \u00fchtlase ja kvaliteetse tulemuse k\u00f5ikide t\u00e4itetasemete ja materjalide puhul. Programmeeritav on nii vaakum, trumli p\u00f6\u00f6rlemiskiirus, trumli suund ja t\u00f6\u00f6ts\u00fckkel. Valikuline jahutuss\u00fcsteem trumli korpuses v\u00f5imaldab t\u00f6\u00f6delda ka soojades tingimustes, mille tulemuseks on optimaalne valkude sidumine, \u00f5rn liha ja l\u00fchendatud t\u00f6\u00f6tlemisaeg. Kvaliteetne roostevabast terasest raam ja tuntud tootjate komponendid suurendavad t\u00f6\u00f6kindlust ja kasutusaega.<\/span><\/p>\n<p><span style=\"font-weight: 400;\">Saadaval mudelid alates v\u00e4ikestest 200 ltr. kuni suurte 10 000 ltr. .<\/span><\/p>\n<p><span style=\"font-weight: 400;\">Omadused<\/span><\/p>\n<ul>\n<li style=\"font-weight: 400;\" aria-level=\"1\"><span style=\"font-weight: 400;\">T\u00e4ielik roostevabast terasest konstruktsioon, AISI 304 <\/span><\/li>\n<li style=\"font-weight: 400;\" aria-level=\"1\"><span style=\"font-weight: 400;\">CE-direktiivide kohane konstruktsioon <\/span><\/li>\n<li style=\"font-weight: 400;\" aria-level=\"1\"><span style=\"font-weight: 400;\">Hoolikalt disainitud trummelilabade s\u00fcsteem tagab \u00f5rna ja \u00fchtlase masseerimise. <\/span><\/li>\n<li style=\"font-weight: 400;\" aria-level=\"1\"><span style=\"font-weight: 400;\">Mikroprotsessorjuhtimine, mis v\u00f5imaldab sujuvalt reguleeritavat kiirust, vaakumitaset, taimereid, samuti k\u00f5igi parameetrite j\u00e4lgimist, viivitusega k\u00e4ivitamist ja impulssvaakumit. <\/span><\/li>\n<li style=\"font-weight: 400;\" aria-level=\"1\"><span style=\"font-weight: 400;\">Tuntud ja usaldusv\u00e4\u00e4rsete tootjate elektrilised komponendid &#8211; varuosad saadaval tootjalt v\u00f5i kohalikelt hulgim\u00fc\u00fcjatelt. <\/span><\/li>\n<li style=\"font-weight: 400;\" aria-level=\"1\"><span style=\"font-weight: 400;\">BUSCH vaakumpump <\/span><\/li>\n<li style=\"font-weight: 400;\" aria-level=\"1\"><span style=\"font-weight: 400;\">Seadme korpusesse integreeritud elektrikilp <\/span><\/li>\n<li style=\"font-weight: 400;\" aria-level=\"1\"><span style=\"font-weight: 400;\">Struktuur vastab k\u00f5igile k\u00f5rgeimatele h\u00fcgieenin\u00f5uetele <\/span><\/li>\n<li style=\"font-weight: 400;\" aria-level=\"1\"><span style=\"font-weight: 400;\">PSCH versioon on saadaval kolmekordse mantliga, isoleeritud jahutusmantliga, gl\u00fckooli ringluse ja temperatuurikontrolliga.<\/span><\/li>\n<\/ul>\n<p><span style=\"font-weight: 400;\">Seadmete videod<\/span><\/p>\n<p>https:\/\/youtu.be\/pcGZgTsJwd0<\/p>\n<p>https:\/\/youtu.be\/HID0IxgEdTA<\/p>\n<p>https:\/\/youtu.be\/Ya3xoP9dhrk<\/p>\n","protected":false},"featured_media":5417,"template":"","meta":{"_seopress_robots_primary_cat":"none","_seopress_titles_title":"","_seopress_titles_desc":"","_seopress_robots_index":"","_kad_blocks_custom_css":"","_kad_blocks_head_custom_js":"","_kad_blocks_body_custom_js":"","_kad_blocks_footer_custom_js":"","editor_plus_copied_stylings":"{}","_kad_post_transparent":"","_kad_post_title":"","_kad_post_layout":"","_kad_post_sidebar_id":"","_kad_post_content_style":"","_kad_post_vertical_padding":"","_kad_post_feature":"","_kad_post_feature_position":"","_kad_post_header":false,"_kad_post_footer":false,"_kad_post_classname":""},"product_brand":[],"product_cat":[171,169,178,168,177,175,172,165,173],"product_tag":[],"product_brands":[269],"class_list":{"0":"post-6482","1":"product","2":"type-product","3":"status-publish","4":"has-post-thumbnail","6":"product_cat-juurvili","7":"product_cat-kala-et-2","8":"product_cat-lemmikloomatoit","9":"product_cat-liha-et-2","10":"product_cat-marjad-puuviljad-et","11":"product_cat-pagaritoostus-2","12":"product_cat-piimatoostus-et","13":"product_cat-uldine-et-et","14":"product_cat-valmistoit","15":"pa_kayttotarkoitus-masseerimine","16":"pa_tuotekategoria-masinad-ja-seadmed","17":"product_brands-nowicki-et","19":"first","20":"instock","21":"shipping-taxable","22":"purchasable","23":"product-type-simple","24":"entry","25":"content-bg","26":"loop-entry"},"taxonomy_info":{"product_cat":[{"value":171,"label":"Juurvili"},{"value":169,"label":"Kala"},{"value":178,"label":"Lemmikloomatoit"},{"value":168,"label":"Liha"},{"value":177,"label":"Marjad &amp; Puuviljad"},{"value":175,"label":"Pagarit\u00f6\u00f6stus"},{"value":172,"label":"Piimat\u00f6\u00f6stus"},{"value":165,"label":"\u00dcldine"},{"value":173,"label":"Valmistoit"}],"pa_kayttotarkoitus":[{"value":211,"label":"Masseerimine"}],"pa_tuotekategoria":[{"value":179,"label":"Masinad ja seadmed"}],"product_brands":[{"value":269,"label":"Nowicki"}]},"featured_image_src_large":["https:\/\/www.provitek.fi\/wp-content\/uploads\/2021\/08\/Vakuumirummut1-5.jpg",757,668,false],"author_info":[],"comment_info":"","_links":{"self":[{"href":"https:\/\/www.provitek.fi\/et\/wp-json\/wp\/v2\/product\/6482","targetHints":{"allow":["GET"]}}],"collection":[{"href":"https:\/\/www.provitek.fi\/et\/wp-json\/wp\/v2\/product"}],"about":[{"href":"https:\/\/www.provitek.fi\/et\/wp-json\/wp\/v2\/types\/product"}],"wp:featuredmedia":[{"embeddable":true,"href":"https:\/\/www.provitek.fi\/et\/wp-json\/wp\/v2\/media\/5417"}],"wp:attachment":[{"href":"https:\/\/www.provitek.fi\/et\/wp-json\/wp\/v2\/media?parent=6482"}],"wp:term":[{"taxonomy":"product_brand","embeddable":true,"href":"https:\/\/www.provitek.fi\/et\/wp-json\/wp\/v2\/product_brand?post=6482"},{"taxonomy":"product_cat","embeddable":true,"href":"https:\/\/www.provitek.fi\/et\/wp-json\/wp\/v2\/product_cat?post=6482"},{"taxonomy":"product_tag","embeddable":true,"href":"https:\/\/www.provitek.fi\/et\/wp-json\/wp\/v2\/product_tag?post=6482"},{"taxonomy":"product_brands","embeddable":true,"href":"https:\/\/www.provitek.fi\/et\/wp-json\/wp\/v2\/product_brands?post=6482"}],"curies":[{"name":"wp","href":"https:\/\/api.w.org\/{rel}","templated":true}]}}