{"id":6484,"date":"2021-08-29T20:41:30","date_gmt":"2021-08-29T17:41:30","guid":{"rendered":"https:\/\/www.provitek.fi\/tuotteet\/maaratlemata\/tootearendusloikur\/"},"modified":"2022-12-08T12:08:31","modified_gmt":"2022-12-08T10:08:31","slug":"tootearenduskutter","status":"publish","type":"product","link":"https:\/\/www.provitek.fi\/et\/toode\/tootearenduskutter\/","title":{"rendered":"Tootearenduskutter"},"content":{"rendered":"","protected":false},"excerpt":{"rendered":"<p><span style=\"font-weight: 400;\">MADO tootearenduslkutrid on m\u00f5eldud v\u00e4iketootmise, tootearenduslaborite ja kaupluste vajaduste rahuldamiseks. Seadmed on loodud nii, et nende kasutamine oleks v\u00f5imalikult lihtne ja sujuv. K\u00f5ik mittevajalikud toimingud on minimeeritud ning seadmete hooldus- ja hooldusvajadus on v\u00e4ike. Kutrid on standardselt varustatud termomeetriga. V\u00e4ikestes m\u00f5\u00f5tmetes konstruktsioon tagab aastatepikkuse kasutusea. <\/span><\/p>\n<p><span style=\"font-weight: 400;\">Omadused<\/span><\/p>\n<ul>\n<li style=\"font-weight: 400;\"><span style=\"font-weight: 400;\">T\u00f6\u00f6stuslik kvaliteet <\/span><\/li>\n<li style=\"font-weight: 400;\"><span style=\"font-weight: 400;\">T\u00e4ielikult roostevabast terasest konstruktsioon <\/span><\/li>\n<li style=\"font-weight: 400;\"><span style=\"font-weight: 400;\">Heli summutav kate <\/span><\/li>\n<li style=\"font-weight: 400;\"><span style=\"font-weight: 400;\">Tugev ja vastupidav konstruktsioon<\/span><\/li>\n<li style=\"font-weight: 400;\"><span style=\"font-weight: 400;\">Teradepakett kergesti eemaldatav <\/span><\/li>\n<li style=\"font-weight: 400;\"><span style=\"font-weight: 400;\">Seadme korpus t\u00e4ielikult suletud ja on vastupidav t\u00f6\u00f6stuslikule pesemisele. <\/span><\/li>\n<li style=\"font-weight: 400;\"><span style=\"font-weight: 400;\">CE-kinnitus <\/span><\/li>\n<li style=\"font-weight: 400;\"><span style=\"font-weight: 400;\">Kausi p\u00f6\u00f6rlemismootori k\u00e4igukast hooldusvaba  <\/span><\/li>\n<li style=\"font-weight: 400;\"><span style=\"font-weight: 400;\">Lihtsalt ligip\u00e4\u00e4setavad ja pestavad pinnad <\/span><\/li>\n<li style=\"font-weight: 400;\"><span style=\"font-weight: 400;\">Hermeetiline veekindel konstruktsioon  <\/span><\/li>\n<li style=\"font-weight: 400;\"><span style=\"font-weight: 400;\">Sobib t\u00f6\u00f6stuslikuks pesemiseks detergentide ja survevee abil.  <\/span><\/li>\n<\/ul>\n","protected":false},"featured_media":5405,"template":"","meta":{"_seopress_robots_primary_cat":"none","_seopress_titles_title":"","_seopress_titles_desc":"MADO tootearenduskutter on m\u00f5eldud v\u00e4iketootmise, tootearenduslaborite ja kaupluste vajaduste rahuldamiseks. Kutreid on saadaval erinevates suurustes ja paljude funktsioonidega.","_seopress_robots_index":"","_kad_blocks_custom_css":"","_kad_blocks_head_custom_js":"","_kad_blocks_body_custom_js":"","_kad_blocks_footer_custom_js":"","editor_plus_copied_stylings":"{}","_kad_post_transparent":"","_kad_post_title":"","_kad_post_layout":"","_kad_post_sidebar_id":"","_kad_post_content_style":"","_kad_post_vertical_padding":"","_kad_post_feature":"","_kad_post_feature_position":"","_kad_post_header":false,"_kad_post_footer":false,"_kad_post_classname":""},"product_brand":[],"product_cat":[171,169,178,168,177,175,172,165,173],"product_tag":[187,188,231,189],"product_brands":[266],"class_list":{"0":"post-6484","1":"product","2":"type-product","3":"status-publish","4":"has-post-thumbnail","6":"product_cat-juurvili","7":"product_cat-kala-et-2","8":"product_cat-lemmikloomatoit","9":"product_cat-liha-et-2","10":"product_cat-marjad-puuviljad-et","11":"product_cat-pagaritoostus-2","12":"product_cat-piimatoostus-et","13":"product_cat-uldine-et-et","14":"product_cat-valmistoit","15":"product_tag-kutter","16":"product_tag-peen-peenestus-et","17":"product_tag-tootearendus","18":"product_tag-vaike-et","19":"pa_kayttotarkoitus-peen-peenestus-et","20":"pa_tuotekategoria-masinad-ja-seadmed","21":"product_brands-mado-et","23":"first","24":"instock","25":"shipping-taxable","26":"purchasable","27":"product-type-simple","28":"entry","29":"content-bg","30":"loop-entry"},"taxonomy_info":{"product_cat":[{"value":171,"label":"Juurvili"},{"value":169,"label":"Kala"},{"value":178,"label":"Lemmikloomatoit"},{"value":168,"label":"Liha"},{"value":177,"label":"Marjad &amp; Puuviljad"},{"value":175,"label":"Pagarit\u00f6\u00f6stus"},{"value":172,"label":"Piimat\u00f6\u00f6stus"},{"value":165,"label":"\u00dcldine"},{"value":173,"label":"Valmistoit"}],"product_tag":[{"value":187,"label":"Kutter"},{"value":188,"label":"peen-peenestus"},{"value":231,"label":"tootearendus"},{"value":189,"label":"v\u00e4ike"}],"pa_kayttotarkoitus":[{"value":186,"label":"Peen - peenestus"}],"pa_tuotekategoria":[{"value":179,"label":"Masinad ja seadmed"}],"product_brands":[{"value":266,"label":"Mado"}]},"featured_image_src_large":["https:\/\/www.provitek.fi\/wp-content\/uploads\/2021\/08\/Tuotekehityskutterit1-5-1024x1015.jpg",1024,1015,true],"author_info":[],"comment_info":"","_links":{"self":[{"href":"https:\/\/www.provitek.fi\/et\/wp-json\/wp\/v2\/product\/6484","targetHints":{"allow":["GET"]}}],"collection":[{"href":"https:\/\/www.provitek.fi\/et\/wp-json\/wp\/v2\/product"}],"about":[{"href":"https:\/\/www.provitek.fi\/et\/wp-json\/wp\/v2\/types\/product"}],"wp:featuredmedia":[{"embeddable":true,"href":"https:\/\/www.provitek.fi\/et\/wp-json\/wp\/v2\/media\/5405"}],"wp:attachment":[{"href":"https:\/\/www.provitek.fi\/et\/wp-json\/wp\/v2\/media?parent=6484"}],"wp:term":[{"taxonomy":"product_brand","embeddable":true,"href":"https:\/\/www.provitek.fi\/et\/wp-json\/wp\/v2\/product_brand?post=6484"},{"taxonomy":"product_cat","embeddable":true,"href":"https:\/\/www.provitek.fi\/et\/wp-json\/wp\/v2\/product_cat?post=6484"},{"taxonomy":"product_tag","embeddable":true,"href":"https:\/\/www.provitek.fi\/et\/wp-json\/wp\/v2\/product_tag?post=6484"},{"taxonomy":"product_brands","embeddable":true,"href":"https:\/\/www.provitek.fi\/et\/wp-json\/wp\/v2\/product_brands?post=6484"}],"curies":[{"name":"wp","href":"https:\/\/api.w.org\/{rel}","templated":true}]}}