{"id":6489,"date":"2021-08-29T20:41:30","date_gmt":"2022-11-23T13:18:26","guid":{"rendered":"https:\/\/www.provitek.fi\/tuotteet\/maaratlemata\/vaakumpliit\/"},"modified":"2022-12-08T13:07:58","modified_gmt":"2022-12-08T11:07:58","slug":"vaakumkatel","status":"publish","type":"product","link":"https:\/\/www.provitek.fi\/et\/toode\/vaakumkatel\/","title":{"rendered":"Vaakumkatel"},"content":{"rendered":"","protected":false},"excerpt":{"rendered":"<p><span style=\"font-weight: 400;\">M.Serra kvaliteetne ja vastupidav vaakumkatel. Integreeritud kallutuss\u00fcsteem ja k\u00fctmine koos aurumantliga. Automaatne juhtimine puutetundliku paneeli kaudu. Lihtne puhastada t\u00e4nu kallutatavusele ja eemaldatavatele labadele. Kvaliteetsed komponendid,tuntud valmistajatelt.<\/span><\/p>\n<p><span style=\"font-weight: 400;\">Omadused<\/span><\/p>\n<ul>\n<li style=\"font-weight: 400;\" aria-level=\"1\"><span style=\"font-weight: 400;\">Mahutavus: alates 300 liitrist <\/span><\/li>\n<li style=\"font-weight: 400;\" aria-level=\"1\"><span style=\"font-weight: 400;\">T\u00e4ielikult roostevabast terasest konstruktsioon <\/span><\/li>\n<li style=\"font-weight: 400;\" aria-level=\"1\"><span style=\"font-weight: 400;\">Keetke ja segage samal ajal<\/span><\/li>\n<li style=\"font-weight: 400;\" aria-level=\"1\"><span style=\"font-weight: 400;\">Juhtpaneelilt v\u00f5imalus sujuvalt reguleerida segamislabade kiirust <\/span><\/li>\n<li style=\"font-weight: 400;\" aria-level=\"1\"><span style=\"font-weight: 400;\">T\u00e4ielikult soojustatud klaas <\/span><\/li>\n<li style=\"font-weight: 400;\" aria-level=\"1\"><span style=\"font-weight: 400;\">Kausi k\u00fctmine toimub kausi p\u00f5hjas ja k\u00fclgedel asuva aurumantli abil <\/span><\/li>\n<li style=\"font-weight: 400;\" aria-level=\"1\"><span style=\"font-weight: 400;\">Puuteekraaniga programmeerimine ja juhtimine toiduvalmistamisprotsessi reguleerimiseks <\/span><\/li>\n<li style=\"font-weight: 400;\" aria-level=\"1\"><span style=\"font-weight: 400;\">Suletud kaas, et hoida aurustuv vesi kausi sees. <\/span><\/li>\n<li style=\"font-weight: 400;\" aria-level=\"1\"><span style=\"font-weight: 400;\">Pneumaatiline kaane avamine ja sulgemine <\/span><\/li>\n<li style=\"font-weight: 400;\" aria-level=\"1\"><span style=\"font-weight: 400;\">Maksimaalse kallutusnurga saavutamiseks h\u00fcdrauliline off-centre kallutuss\u00fcsteem <\/span><\/li>\n<li style=\"font-weight: 400;\" aria-level=\"1\"><span style=\"font-weight: 400;\">Integreeritud tootetemperatuuri m\u00f5\u00f5tmine seadme kausis <\/span><\/li>\n<li style=\"font-weight: 400;\" aria-level=\"1\"><span style=\"font-weight: 400;\">Integreeritud toote sisselaskeklapp seadme \u00fclaosas, pistikut\u00fc\u00fcp vastavalt soovile <\/span><\/li>\n<li style=\"font-weight: 400;\" aria-level=\"1\"><span style=\"font-weight: 400;\">Integreeritud toote v\u00e4ljalaskeklapp seadme p\u00f5hjas, pistiku t\u00fc\u00fcp vastavalt soovile <\/span><\/li>\n<li style=\"font-weight: 400;\" aria-level=\"1\"><span style=\"font-weight: 400;\">\u00dcmarad ja kinnised nurgad, lihtne pesta t\u00e4nu kallutatavusele ja eemaldatavatele kraapitsatele-labadele <\/span><\/li>\n<li style=\"font-weight: 400;\" aria-level=\"1\"><span style=\"font-weight: 400;\">Sobib toiduainetet\u00f6\u00f6stuses tavaliselt kasutatavate puhastusvahendite jaoks. <\/span><\/li>\n<li style=\"font-weight: 400;\" aria-level=\"1\"><span style=\"font-weight: 400;\">Seadmed vastavad CE-direktiivi n\u00f5uetele<\/span><\/li>\n<\/ul>\n<p><span style=\"font-weight: 400;\">Esitlusvideo<\/span><\/p>\n<p>https:\/\/youtu.be\/XjRBKsSQplw<\/p>\n","protected":false},"featured_media":5416,"template":"","meta":{"_seopress_robots_primary_cat":"none","_seopress_titles_title":"","_seopress_titles_desc":"","_seopress_robots_index":"","_kad_blocks_custom_css":"","_kad_blocks_head_custom_js":"","_kad_blocks_body_custom_js":"","_kad_blocks_footer_custom_js":"","editor_plus_copied_stylings":"{}","_kad_post_transparent":"","_kad_post_title":"","_kad_post_layout":"","_kad_post_sidebar_id":"","_kad_post_content_style":"","_kad_post_vertical_padding":"","_kad_post_feature":"","_kad_post_feature_position":"","_kad_post_header":false,"_kad_post_footer":false,"_kad_post_classname":""},"product_brand":[],"product_cat":[171,169,168,177,172,165,173],"product_tag":[],"product_brands":[264],"class_list":{"0":"post-6489","1":"product","2":"type-product","3":"status-publish","4":"has-post-thumbnail","6":"product_cat-juurvili","7":"product_cat-kala-et-2","8":"product_cat-liha-et-2","9":"product_cat-marjad-puuviljad-et","10":"product_cat-piimatoostus-et","11":"product_cat-uldine-et-et","12":"product_cat-valmistoit","13":"product_brands-m-serra-et","15":"first","16":"instock","17":"shipping-taxable","18":"purchasable","19":"product-type-simple","20":"entry","21":"content-bg","22":"loop-entry"},"taxonomy_info":{"product_cat":[{"value":171,"label":"Juurvili"},{"value":169,"label":"Kala"},{"value":168,"label":"Liha"},{"value":177,"label":"Marjad &amp; Puuviljad"},{"value":172,"label":"Piimat\u00f6\u00f6stus"},{"value":165,"label":"\u00dcldine"},{"value":173,"label":"Valmistoit"}],"product_brands":[{"value":264,"label":"M. Serra"}]},"featured_image_src_large":["https:\/\/www.provitek.fi\/wp-content\/uploads\/2021\/08\/Vakuumikeittokattilat1-5.jpg",550,550,false],"author_info":[],"comment_info":"","_links":{"self":[{"href":"https:\/\/www.provitek.fi\/et\/wp-json\/wp\/v2\/product\/6489","targetHints":{"allow":["GET"]}}],"collection":[{"href":"https:\/\/www.provitek.fi\/et\/wp-json\/wp\/v2\/product"}],"about":[{"href":"https:\/\/www.provitek.fi\/et\/wp-json\/wp\/v2\/types\/product"}],"wp:featuredmedia":[{"embeddable":true,"href":"https:\/\/www.provitek.fi\/et\/wp-json\/wp\/v2\/media\/5416"}],"wp:attachment":[{"href":"https:\/\/www.provitek.fi\/et\/wp-json\/wp\/v2\/media?parent=6489"}],"wp:term":[{"taxonomy":"product_brand","embeddable":true,"href":"https:\/\/www.provitek.fi\/et\/wp-json\/wp\/v2\/product_brand?post=6489"},{"taxonomy":"product_cat","embeddable":true,"href":"https:\/\/www.provitek.fi\/et\/wp-json\/wp\/v2\/product_cat?post=6489"},{"taxonomy":"product_tag","embeddable":true,"href":"https:\/\/www.provitek.fi\/et\/wp-json\/wp\/v2\/product_tag?post=6489"},{"taxonomy":"product_brands","embeddable":true,"href":"https:\/\/www.provitek.fi\/et\/wp-json\/wp\/v2\/product_brands?post=6489"}],"curies":[{"name":"wp","href":"https:\/\/api.w.org\/{rel}","templated":true}]}}