{"id":6490,"date":"2021-08-29T20:41:30","date_gmt":"2022-11-23T13:18:26","guid":{"rendered":"https:\/\/www.provitek.fi\/tuotteet\/maaratlemata\/tunnelpesumasin\/"},"modified":"2022-12-05T14:11:24","modified_gmt":"2022-12-05T12:11:24","slug":"tunnelpesumasin","status":"publish","type":"product","link":"https:\/\/www.provitek.fi\/et\/toode\/tunnelpesumasin\/","title":{"rendered":"Tunnelpesumasin"},"content":{"rendered":"","protected":false},"excerpt":{"rendered":"<p><span style=\"font-weight: 400;\">Nowicki k\u00f5rgekvaliteedilisi pesuliine saab t\u00e4nu nende modulaarsele disainile optimeerida vastavalt teie vajadustele mitmel viisil. T\u00e4ielikult roostevabast terasest konstruktsioon ja roostevabast terasest tsentrifugaalpump tagavad aastatepikkuse kasutuse. Hooletu ja automaatne t\u00f6\u00f6. Isediagnostika ja automaatne pesuaine doseerimine. Sobib n\u00e4iteks eri t\u00fc\u00fcpi ja suurusega kastide ja n\u00f5ude, samuti mollide pesemiseks.<\/span><\/p>\n<p><span style=\"font-weight: 400;\">Liinide m\u00f5\u00f5tmed ja v\u00f5imsus s\u00f5ltuvad olemasolevast ruumist ja kliendi vajadustest. Saatke meile hinnapakkumise taotlus ja koos leiame parima v\u00f5imaluse!<\/span><\/p>\n<p><span style=\"font-weight: 400;\">Omadused<\/span><\/p>\n<ul>\n<li style=\"font-weight: 400;\" aria-level=\"1\"><span style=\"font-weight: 400;\">T\u00e4ielikult roostevabast terasest konstruktsioon, CE-direktiivide kohane<\/span><\/li>\n<li style=\"font-weight: 400;\" aria-level=\"1\"><span style=\"font-weight: 400;\">Konveieri juhikute laius ja k\u00f5rgus on reguleeritav erinevate tootesuuruste jaoks<\/span><\/li>\n<li style=\"font-weight: 400;\" aria-level=\"1\"><span style=\"font-weight: 400;\">Ehitatakse erinevatest moodulitest vastavalt kasutusotstarbele<\/span><\/li>\n<li style=\"font-weight: 400;\" aria-level=\"1\"><span style=\"font-weight: 400;\">T\u00f5husate filtritega suletud veeringluss\u00fcsteem &#8211; v\u00e4hendatud energiatarbimine<\/span><\/li>\n<li style=\"font-weight: 400;\" aria-level=\"1\"><span style=\"font-weight: 400;\">Pesuvee filtreerimine ja ringlussev\u00f5tt ning prahi eraldamise s\u00fcsteem<\/span><\/li>\n<li style=\"font-weight: 400;\" aria-level=\"1\"><span style=\"font-weight: 400;\">Roostevabast terasest tsentrifugaalpumbad<\/span><\/li>\n<li style=\"font-weight: 400;\" aria-level=\"1\"><span style=\"font-weight: 400;\">V\u00e4ga tugev veesuihk pritsitakse igast suunast pestavatele toodetele.<\/span><\/li>\n<li style=\"font-weight: 400;\" aria-level=\"1\"><span style=\"font-weight: 400;\">Reguleeritava nurgaga k\u00f5rgsurvepesurid<\/span><\/li>\n<li style=\"font-weight: 400;\" aria-level=\"1\"><span style=\"font-weight: 400;\">Automaatne pesuaine doseerimine<\/span><\/li>\n<li style=\"font-weight: 400;\" aria-level=\"1\"><span style=\"font-weight: 400;\">Automaatne vee doseerimiss\u00fcsteem koos alumise ja \u00fclemise piirv\u00e4\u00e4rtuse anduritega<\/span><\/li>\n<li style=\"font-weight: 400;\" aria-level=\"1\"><span style=\"font-weight: 400;\">Konveieri kiiruse sujuvalt reguleeritavus<\/span><\/li>\n<li style=\"font-weight: 400;\" aria-level=\"1\"><span style=\"font-weight: 400;\">Lihtne hooldada elektriseadmeid<\/span><\/li>\n<li style=\"font-weight: 400;\" aria-level=\"1\"><span style=\"font-weight: 400;\">Puhastus- ja hooldusluugid masina m\u00f5lemal k\u00fcljel avanevad kogu pesuruumi pikkuses<\/span><\/li>\n<li style=\"font-weight: 400;\" aria-level=\"1\"><span style=\"font-weight: 400;\">Loputusvee taaskasutamine pesuveeks &#8211; v\u00e4hendatud veetarbimine<\/span><\/li>\n<li style=\"font-weight: 400;\" aria-level=\"1\"><span style=\"font-weight: 400;\">Usaldusv\u00e4\u00e4rsete tootjate ajamid: Moeller, Schneider, Alan Bradley, Mitsubishi, ProFace jne.<\/span><\/li>\n<li style=\"font-weight: 400;\" aria-level=\"1\"><span style=\"font-weight: 400;\">Kogu pesuprotsessi juhtimine, automaatse k\u00e4ivitamise ja manuaalsete toimingute aktiveerimine puutetundliku paneeli kaudu.<\/span><\/li>\n<li style=\"font-weight: 400;\" aria-level=\"1\"><span style=\"font-weight: 400;\">Isediagnostika ja teenindusmen\u00fc\u00fcd<\/span><\/li>\n<li style=\"font-weight: 400;\" aria-level=\"1\"><span style=\"font-weight: 400;\">IP 66 turvalisus<\/span><\/li>\n<li style=\"font-weight: 400;\" aria-level=\"1\"><span style=\"font-weight: 400;\">Vastupidav t\u00f6\u00f6stuslikule survepesule<\/span><\/li>\n<\/ul>\n<p><span style=\"font-weight: 400;\">Seadmete videod<\/span><\/p>\n<p>https:\/\/youtu.be\/Vww7wzhbs3c<\/p>\n<p>https:\/\/youtu.be\/NDoxoS2VoCk<\/p>\n<p>https:\/\/youtu.be\/Cm-nXUryz3E<\/p>\n<p>https:\/\/youtu.be\/AnmK0IjTPQE<\/p>\n","protected":false},"featured_media":5399,"template":"","meta":{"_seopress_robots_primary_cat":"none","_seopress_titles_title":"","_seopress_titles_desc":"","_seopress_robots_index":"","_kad_blocks_custom_css":"","_kad_blocks_head_custom_js":"","_kad_blocks_body_custom_js":"","_kad_blocks_footer_custom_js":"","editor_plus_copied_stylings":"{}","_kad_post_transparent":"","_kad_post_title":"","_kad_post_layout":"","_kad_post_sidebar_id":"","_kad_post_content_style":"","_kad_post_vertical_padding":"","_kad_post_feature":"","_kad_post_feature_position":"","_kad_post_header":false,"_kad_post_footer":false,"_kad_post_classname":""},"product_brand":[],"product_cat":[171,169,178,168,177,175,172,165,173],"product_tag":[],"product_brands":[269],"class_list":{"0":"post-6490","1":"product","2":"type-product","3":"status-publish","4":"has-post-thumbnail","6":"product_cat-juurvili","7":"product_cat-kala-et-2","8":"product_cat-lemmikloomatoit","9":"product_cat-liha-et-2","10":"product_cat-marjad-puuviljad-et","11":"product_cat-pagaritoostus-2","12":"product_cat-piimatoostus-et","13":"product_cat-uldine-et-et","14":"product_cat-valmistoit","15":"pa_kayttotarkoitus-pesu-et","16":"pa_tuotekategoria-masinad-ja-seadmed","17":"product_brands-nowicki-et","19":"first","20":"instock","21":"shipping-taxable","22":"purchasable","23":"product-type-simple","24":"entry","25":"content-bg","26":"loop-entry"},"taxonomy_info":{"product_cat":[{"value":171,"label":"Juurvili"},{"value":169,"label":"Kala"},{"value":178,"label":"Lemmikloomatoit"},{"value":168,"label":"Liha"},{"value":177,"label":"Marjad &amp; Puuviljad"},{"value":175,"label":"Pagarit\u00f6\u00f6stus"},{"value":172,"label":"Piimat\u00f6\u00f6stus"},{"value":165,"label":"\u00dcldine"},{"value":173,"label":"Valmistoit"}],"pa_kayttotarkoitus":[{"value":182,"label":"Pesu"}],"pa_tuotekategoria":[{"value":179,"label":"Masinad ja seadmed"}],"product_brands":[{"value":269,"label":"Nowicki"}]},"featured_image_src_large":["https:\/\/www.provitek.fi\/wp-content\/uploads\/2021\/08\/Tunnelipesukoneet1-5.jpg",900,490,false],"author_info":[],"comment_info":"","_links":{"self":[{"href":"https:\/\/www.provitek.fi\/et\/wp-json\/wp\/v2\/product\/6490","targetHints":{"allow":["GET"]}}],"collection":[{"href":"https:\/\/www.provitek.fi\/et\/wp-json\/wp\/v2\/product"}],"about":[{"href":"https:\/\/www.provitek.fi\/et\/wp-json\/wp\/v2\/types\/product"}],"wp:featuredmedia":[{"embeddable":true,"href":"https:\/\/www.provitek.fi\/et\/wp-json\/wp\/v2\/media\/5399"}],"wp:attachment":[{"href":"https:\/\/www.provitek.fi\/et\/wp-json\/wp\/v2\/media?parent=6490"}],"wp:term":[{"taxonomy":"product_brand","embeddable":true,"href":"https:\/\/www.provitek.fi\/et\/wp-json\/wp\/v2\/product_brand?post=6490"},{"taxonomy":"product_cat","embeddable":true,"href":"https:\/\/www.provitek.fi\/et\/wp-json\/wp\/v2\/product_cat?post=6490"},{"taxonomy":"product_tag","embeddable":true,"href":"https:\/\/www.provitek.fi\/et\/wp-json\/wp\/v2\/product_tag?post=6490"},{"taxonomy":"product_brands","embeddable":true,"href":"https:\/\/www.provitek.fi\/et\/wp-json\/wp\/v2\/product_brands?post=6490"}],"curies":[{"name":"wp","href":"https:\/\/api.w.org\/{rel}","templated":true}]}}