{"id":6491,"date":"2021-08-29T20:41:30","date_gmt":"2022-11-23T13:18:27","guid":{"rendered":"https:\/\/www.provitek.fi\/tuotteet\/maaratlemata\/ujuv-joon\/"},"modified":"2022-12-08T12:53:24","modified_gmt":"2022-12-08T10:53:24","slug":"frituur","status":"publish","type":"product","link":"https:\/\/www.provitek.fi\/et\/toode\/frituur\/","title":{"rendered":"Frit\u00fc\u00fcr"},"content":{"rendered":"","protected":false},"excerpt":{"rendered":"<p><span style=\"font-weight: 400;\">M.Serra kvaliteetne ja vastupidav t\u00f6\u00f6stuslik frit\u00fc\u00fcr on just sobiv seade toiduainetet\u00f6\u00f6stusele. \u00d5li ringlussev\u00f5tu s\u00fcsteem koos pumbaga nn \u00f5litemperatuuri \u00fchtlustamiseks. Automaatne juhtimine puutetundliku paneeli kaudu. Lihtne puhastamine t\u00e4nu automaatselt \u00fclest\u00f5usvale konveierile. Kvaliteetsed komponendid tuntud tootjatelt tagavad aastatepikkuse t\u00f5rgedeta t\u00f6\u00f6.<\/span><\/p>\n<p><span style=\"font-weight: 400;\">Omadused<\/span><\/p>\n<ul>\n<li style=\"font-weight: 400;\" aria-level=\"1\"><span style=\"font-weight: 400;\">T\u00e4ielik roostevabast terasest konstruktsioon AISI 304<\/span><\/li>\n<li style=\"font-weight: 400;\" aria-level=\"1\"><span style=\"font-weight: 400;\">Pump k\u00fcpsetus\u00f5li temperatuuri \u00fchtlustamiseks<\/span><\/li>\n<li style=\"font-weight: 400;\" aria-level=\"1\"><span style=\"font-weight: 400;\">K\u00fcpsetus\u00f5li ringlussev\u00f5tu s\u00fcsteem<\/span><\/li>\n<li style=\"font-weight: 400;\" aria-level=\"1\"><span style=\"font-weight: 400;\">\u00d5lik\u00fcte koos elektriliste k\u00fcttetakistitega<\/span><\/li>\n<li style=\"font-weight: 400;\" aria-level=\"1\"><span style=\"font-weight: 400;\">Puuteekraaniga programmeerimine ja juhtimine, sealhulgas konveieri kiirus, \u00f5litemperatuur ja eelseadistatud praadimisprogrammide valikuga<\/span><\/li>\n<li style=\"font-weight: 400;\" aria-level=\"1\"><span style=\"font-weight: 400;\">Kate, aurustuva vee jaoks<\/span><\/li>\n<li style=\"font-weight: 400;\" aria-level=\"1\"><span style=\"font-weight: 400;\">Lihtne pesemine t\u00e4nu automaatselt \u00fclest\u00f5stetavale konveierile<\/span><\/li>\n<li style=\"font-weight: 400;\" aria-level=\"1\"><span style=\"font-weight: 400;\">Sobib puhastamiseks toiduainetet\u00f6\u00f6stuses kasutatavate puhastusvahenditega .<\/span><\/li>\n<li style=\"font-weight: 400;\" aria-level=\"1\"><span style=\"font-weight: 400;\">Seade on valmistatud vastavalt CE-direktiividele<\/span><\/li>\n<\/ul>\n<p><span style=\"font-weight: 400;\">Esitlusvideo<\/span><\/p>\n<p>https:\/\/youtu.be\/Daf9SDQT8uE<\/p>\n","protected":false},"featured_media":5412,"template":"","meta":{"_seopress_robots_primary_cat":"none","_seopress_titles_title":"","_seopress_titles_desc":"","_seopress_robots_index":"","_kad_blocks_custom_css":"","_kad_blocks_head_custom_js":"","_kad_blocks_body_custom_js":"","_kad_blocks_footer_custom_js":"","editor_plus_copied_stylings":"{}","_kad_post_transparent":"","_kad_post_title":"","_kad_post_layout":"","_kad_post_sidebar_id":"","_kad_post_content_style":"","_kad_post_vertical_padding":"","_kad_post_feature":"","_kad_post_feature_position":"","_kad_post_header":false,"_kad_post_footer":false,"_kad_post_classname":""},"product_brand":[],"product_cat":[171,169,168,175,165,173],"product_tag":[],"product_brands":[264],"class_list":{"0":"post-6491","1":"product","2":"type-product","3":"status-publish","4":"has-post-thumbnail","6":"product_cat-juurvili","7":"product_cat-kala-et-2","8":"product_cat-liha-et-2","9":"product_cat-pagaritoostus-2","10":"product_cat-uldine-et-et","11":"product_cat-valmistoit","12":"product_brands-m-serra-et","14":"first","15":"instock","16":"shipping-taxable","17":"purchasable","18":"product-type-simple","19":"entry","20":"content-bg","21":"loop-entry"},"taxonomy_info":{"product_cat":[{"value":171,"label":"Juurvili"},{"value":169,"label":"Kala"},{"value":168,"label":"Liha"},{"value":175,"label":"Pagarit\u00f6\u00f6stus"},{"value":165,"label":"\u00dcldine"},{"value":173,"label":"Valmistoit"}],"product_brands":[{"value":264,"label":"M. Serra"}]},"featured_image_src_large":["https:\/\/www.provitek.fi\/wp-content\/uploads\/2021\/08\/Uppopaistolinja1-5.jpg",550,550,false],"author_info":[],"comment_info":"","_links":{"self":[{"href":"https:\/\/www.provitek.fi\/et\/wp-json\/wp\/v2\/product\/6491","targetHints":{"allow":["GET"]}}],"collection":[{"href":"https:\/\/www.provitek.fi\/et\/wp-json\/wp\/v2\/product"}],"about":[{"href":"https:\/\/www.provitek.fi\/et\/wp-json\/wp\/v2\/types\/product"}],"wp:featuredmedia":[{"embeddable":true,"href":"https:\/\/www.provitek.fi\/et\/wp-json\/wp\/v2\/media\/5412"}],"wp:attachment":[{"href":"https:\/\/www.provitek.fi\/et\/wp-json\/wp\/v2\/media?parent=6491"}],"wp:term":[{"taxonomy":"product_brand","embeddable":true,"href":"https:\/\/www.provitek.fi\/et\/wp-json\/wp\/v2\/product_brand?post=6491"},{"taxonomy":"product_cat","embeddable":true,"href":"https:\/\/www.provitek.fi\/et\/wp-json\/wp\/v2\/product_cat?post=6491"},{"taxonomy":"product_tag","embeddable":true,"href":"https:\/\/www.provitek.fi\/et\/wp-json\/wp\/v2\/product_tag?post=6491"},{"taxonomy":"product_brands","embeddable":true,"href":"https:\/\/www.provitek.fi\/et\/wp-json\/wp\/v2\/product_brands?post=6491"}],"curies":[{"name":"wp","href":"https:\/\/api.w.org\/{rel}","templated":true}]}}