{"id":6492,"date":"2021-08-29T20:39:15","date_gmt":"2022-11-23T13:18:49","guid":{"rendered":"https:\/\/www.provitek.fi\/tuotteet\/maaratlemata\/suitsupulgad-ja-vorstipulgad\/"},"modified":"2022-12-05T13:40:00","modified_gmt":"2022-12-05T11:40:00","slug":"vorstikepid","status":"publish","type":"product","link":"https:\/\/www.provitek.fi\/et\/toode\/vorstikepid\/","title":{"rendered":"Vorstikepid"},"content":{"rendered":"","protected":false},"excerpt":{"rendered":"<p>Pakume teile kvaliteetseid alumiiniumist v\u00f5i roostevabast terasest vorstikeppe<\/p>\n","protected":false},"featured_media":5374,"template":"","meta":{"_seopress_robots_primary_cat":"none","_seopress_titles_title":"","_seopress_titles_desc":"","_seopress_robots_index":"","_kad_blocks_custom_css":"","_kad_blocks_head_custom_js":"","_kad_blocks_body_custom_js":"","_kad_blocks_footer_custom_js":"","editor_plus_copied_stylings":"{}","_kad_post_transparent":"","_kad_post_title":"","_kad_post_layout":"","_kad_post_sidebar_id":"","_kad_post_content_style":"","_kad_post_vertical_padding":"","_kad_post_feature":"","_kad_post_feature_position":"","_kad_post_header":false,"_kad_post_footer":false,"_kad_post_classname":""},"product_brand":[],"product_cat":[169,168,172,165],"product_tag":[],"product_brands":[246],"class_list":{"0":"post-6492","1":"product","2":"type-product","3":"status-publish","4":"has-post-thumbnail","6":"product_cat-kala-et-2","7":"product_cat-liha-et-2","8":"product_cat-piimatoostus-et","9":"product_cat-uldine-et-et","10":"pa_tuotekategoria-sisustus-et","11":"product_brands-brokelmann-et","13":"first","14":"instock","15":"shipping-taxable","16":"purchasable","17":"product-type-simple","18":"entry","19":"content-bg","20":"loop-entry"},"taxonomy_info":{"product_cat":[{"value":169,"label":"Kala"},{"value":168,"label":"Liha"},{"value":172,"label":"Piimat\u00f6\u00f6stus"},{"value":165,"label":"\u00dcldine"}],"pa_tuotekategoria":[{"value":164,"label":"Sisustus"}],"product_brands":[{"value":246,"label":"Br\u00f6kelmann"}]},"featured_image_src_large":["https:\/\/www.provitek.fi\/wp-content\/uploads\/2021\/08\/Savustuskepit-ja-makkarakepit1-3.png",380,303,false],"author_info":[],"comment_info":"","_links":{"self":[{"href":"https:\/\/www.provitek.fi\/et\/wp-json\/wp\/v2\/product\/6492","targetHints":{"allow":["GET"]}}],"collection":[{"href":"https:\/\/www.provitek.fi\/et\/wp-json\/wp\/v2\/product"}],"about":[{"href":"https:\/\/www.provitek.fi\/et\/wp-json\/wp\/v2\/types\/product"}],"wp:featuredmedia":[{"embeddable":true,"href":"https:\/\/www.provitek.fi\/et\/wp-json\/wp\/v2\/media\/5374"}],"wp:attachment":[{"href":"https:\/\/www.provitek.fi\/et\/wp-json\/wp\/v2\/media?parent=6492"}],"wp:term":[{"taxonomy":"product_brand","embeddable":true,"href":"https:\/\/www.provitek.fi\/et\/wp-json\/wp\/v2\/product_brand?post=6492"},{"taxonomy":"product_cat","embeddable":true,"href":"https:\/\/www.provitek.fi\/et\/wp-json\/wp\/v2\/product_cat?post=6492"},{"taxonomy":"product_tag","embeddable":true,"href":"https:\/\/www.provitek.fi\/et\/wp-json\/wp\/v2\/product_tag?post=6492"},{"taxonomy":"product_brands","embeddable":true,"href":"https:\/\/www.provitek.fi\/et\/wp-json\/wp\/v2\/product_brands?post=6492"}],"curies":[{"name":"wp","href":"https:\/\/api.w.org\/{rel}","templated":true}]}}