{"id":6499,"date":"2021-08-29T20:39:14","date_gmt":"2022-11-23T13:18:54","guid":{"rendered":"https:\/\/www.provitek.fi\/tuotteet\/maaratlemata\/suitsukappide-juhtimissusteemid\/"},"modified":"2022-11-23T15:19:40","modified_gmt":"2022-11-23T13:19:40","slug":"suitsujuhtimissusteemid","status":"publish","type":"product","link":"https:\/\/www.provitek.fi\/et\/toode\/suitsujuhtimissusteemid\/","title":{"rendered":"Suitsukappide juhtimiss\u00fcsteemid"},"content":{"rendered":"","protected":false},"excerpt":{"rendered":"<p>Uuenda oma korstnat t\u00e4naseks EB1 kontrolleriga!<\/p>\n<ul>\n<li>INDUSTRY 4.0 -valmis v\u00f5rgustatud, intelligentne kontroller kauguuendustega <sup>(n\u00f5uab EBLuft tarkvara)<\/sup><\/li>\n<li>Tagasi paigaldatav mis tahes tootja kappi, s\u00f5ltumata praegusest juhi mudelist.<\/li>\n<li>IonSmoke&#8217;iga \u00fchilduv<\/li>\n<li>Mitu reguleerimisre\u017eiimi: aeg, sisetemperatuur, F-v\u00e4\u00e4rtus ja niiskuse reguleerimine<\/li>\n<li>K\u00e4ivitamise ajastus<\/li>\n<li>Suitsu paksuse\/intensiivsuse reguleerimine IonSmoke s\u00fcsteemide puhul<\/li>\n<li>32 relee k\u00e4ivitamine<\/li>\n<li>10 optoelektroodi<\/li>\n<li>4 analoogv\u00e4ljundit 0-10V, 4-20 mA, nt inverterite ja d\u00fcnaamilise k\u00fctte- ja jahutusjuhtimise jaoks.<\/li>\n<li>3 PT-100 anduri \u00fchendust k\u00f5ige t\u00e4psema temperatuuri m\u00f5\u00f5tmiseks<\/li>\n<li>5 4-20 mA anduri sisendit toiduvalmistamise ja suitsuta toiduvalmistamise kappide jaoks<\/li>\n<li>Suur puuteekraan<\/li>\n<li>F\u00fc\u00fcsiliste klahvidega v\u00f5tmefunktsioonid lihtsaks kasutamiseks isegi kinnastega<\/li>\n<li>Lihtne lugeda t\u00e4nu mugavale heledusele ja 85-kraadisele vaatenurgale<\/li>\n<\/ul>\n","protected":false},"featured_media":6214,"template":"","meta":{"_seopress_robots_primary_cat":"none","_seopress_titles_title":"","_seopress_titles_desc":"","_seopress_robots_index":"","_kad_blocks_custom_css":"","_kad_blocks_head_custom_js":"","_kad_blocks_body_custom_js":"","_kad_blocks_footer_custom_js":"","editor_plus_copied_stylings":"{}","_kad_post_transparent":"","_kad_post_title":"","_kad_post_layout":"","_kad_post_sidebar_id":"","_kad_post_content_style":"","_kad_post_vertical_padding":"","_kad_post_feature":"","_kad_post_feature_position":"","_kad_post_header":false,"_kad_post_footer":false,"_kad_post_classname":""},"product_brand":[],"product_cat":[169,168,172,165],"product_tag":[],"product_brands":[248],"class_list":{"0":"post-6499","1":"product","2":"type-product","3":"status-publish","4":"has-post-thumbnail","6":"product_cat-kala-et-2","7":"product_cat-liha-et-2","8":"product_cat-piimatoostus-et","9":"product_cat-uldine-et-et","10":"pa_kayttotarkoitus-suitsutamine","11":"pa_tuotekategoria-masinad-ja-seadmed","12":"product_brands-eb-smoke-et","14":"first","15":"instock","16":"shipping-taxable","17":"purchasable","18":"product-type-simple","19":"entry","20":"content-bg","21":"loop-entry"},"taxonomy_info":{"product_cat":[{"value":169,"label":"Kala"},{"value":168,"label":"Liha"},{"value":172,"label":"Piimat\u00f6\u00f6stus"},{"value":165,"label":"\u00dcldine"}],"pa_kayttotarkoitus":[{"value":214,"label":"Suitsutamine"}],"pa_tuotekategoria":[{"value":179,"label":"Masinad ja seadmed"}],"product_brands":[{"value":248,"label":"E&amp;B Smoke"}]},"featured_image_src_large":["https:\/\/www.provitek.fi\/wp-content\/uploads\/2021\/08\/EB1-savustuskaapin-ohjausjarjestelma.png",762,501,false],"author_info":[],"comment_info":"","_links":{"self":[{"href":"https:\/\/www.provitek.fi\/et\/wp-json\/wp\/v2\/product\/6499","targetHints":{"allow":["GET"]}}],"collection":[{"href":"https:\/\/www.provitek.fi\/et\/wp-json\/wp\/v2\/product"}],"about":[{"href":"https:\/\/www.provitek.fi\/et\/wp-json\/wp\/v2\/types\/product"}],"wp:featuredmedia":[{"embeddable":true,"href":"https:\/\/www.provitek.fi\/et\/wp-json\/wp\/v2\/media\/6214"}],"wp:attachment":[{"href":"https:\/\/www.provitek.fi\/et\/wp-json\/wp\/v2\/media?parent=6499"}],"wp:term":[{"taxonomy":"product_brand","embeddable":true,"href":"https:\/\/www.provitek.fi\/et\/wp-json\/wp\/v2\/product_brand?post=6499"},{"taxonomy":"product_cat","embeddable":true,"href":"https:\/\/www.provitek.fi\/et\/wp-json\/wp\/v2\/product_cat?post=6499"},{"taxonomy":"product_tag","embeddable":true,"href":"https:\/\/www.provitek.fi\/et\/wp-json\/wp\/v2\/product_tag?post=6499"},{"taxonomy":"product_brands","embeddable":true,"href":"https:\/\/www.provitek.fi\/et\/wp-json\/wp\/v2\/product_brands?post=6499"}],"curies":[{"name":"wp","href":"https:\/\/api.w.org\/{rel}","templated":true}]}}