{"id":6502,"date":"2021-08-29T20:36:59","date_gmt":"2022-11-23T13:18:54","guid":{"rendered":"https:\/\/www.provitek.fi\/tuotteet\/maaratlemata\/tostevahend\/"},"modified":"2022-12-08T11:52:49","modified_gmt":"2022-12-08T09:52:49","slug":"tosteseadmed","status":"publish","type":"product","link":"https:\/\/www.provitek.fi\/et\/toode\/tosteseadmed\/","title":{"rendered":"Eriotstarbeline t\u00f5stuk"},"content":{"rendered":"","protected":false},"excerpt":{"rendered":"<p>          <span style=\"font-weight: 400;\">Kvaliteetsed ja vastupidavad t\u00f5steseadmed. Backsaveriga saate h\u00f5lpsasti ja mugavalt t\u00f5sta ja liigutada mitmesuguseid valamuid, konteinereid, molle ja muid mahuteid. Lihtne ja tugev raamkonstruktsioon tagavad pika kasutusea ja v\u00e4hese hoolduse. Backsaver \u00fchendab endas tuntud tootjate kvaliteetsed komponendid ja Hollandi kogemused.<\/span><\/p>\n<p>          <span style=\"font-weight: 400;\">Omadused<\/span><\/p>\n<ul>\n<li style=\"font-weight: 400;\" aria-level=\"1\"><span style=\"font-weight: 400;\">H\u00fcdrauliline t\u00f5steseade konteinerite, mahutite, 200 ltr. k\u00e4rudele ja muudele mahutitele.<\/span><\/li>\n<li style=\"font-weight: 400;\" aria-level=\"1\"><span style=\"font-weight: 400;\">Akutoitega ja kergesti liigutatav<\/span><\/li>\n<li style=\"font-weight: 400;\" aria-level=\"1\"><span style=\"font-weight: 400;\">Kaalub ainult 300 kg<\/span><\/li>\n<li style=\"font-weight: 400;\" aria-level=\"1\"><span style=\"font-weight: 400;\">T\u00f5stab korraga kuni 350 kg<\/span><\/li>\n<li style=\"font-weight: 400;\" aria-level=\"1\"><span style=\"font-weight: 400;\">T\u00f5stab kuni 1800 mm k\u00f5rgusele<\/span><\/li>\n<li style=\"font-weight: 400;\" aria-level=\"1\"><span style=\"font-weight: 400;\">Raamkonstruktsioon t\u00e4ielikult roostevabast terasest AISI 304<\/span><\/li>\n<li style=\"font-weight: 400;\" aria-level=\"1\"><span style=\"font-weight: 400;\">Survepesu ja enamiku tavaliste toiduainet\u00f6\u00f6stuses kasutatavate pesuvahendite suhtes vastupidav, IP56 klassifikatsiooniga<\/span><\/li>\n<li style=\"font-weight: 400;\" aria-level=\"1\"><span style=\"font-weight: 400;\">Alarmsignaal allapoole laskumisel<\/span><\/li>\n<li style=\"font-weight: 400;\" aria-level=\"1\"><span style=\"font-weight: 400;\">12-voldine hooldusvaba AGM aku<\/span><\/li>\n<li style=\"font-weight: 400;\" aria-level=\"1\"><span style=\"font-weight: 400;\">T\u00f5stab umbes. 30 000 kg ilma laadimiseta s\u00f5ltuvalt t\u00f6\u00f6temperatuurist<\/span><\/li>\n<li style=\"font-weight: 400;\" aria-level=\"1\"><span style=\"font-weight: 400;\">Kaks piduritega p\u00f6\u00f6rlevat ratast ja kaks RST laagritega fikseeritud ratast<\/span><\/li>\n<li style=\"font-weight: 400;\" aria-level=\"1\"><span style=\"font-weight: 400;\">CE-sertifikaat ja m\u00f5eldud just toiduainetet\u00f6\u00f6stuste jaoks<\/span><\/li>\n<li style=\"font-weight: 400;\" aria-level=\"1\"><span style=\"font-weight: 400;\">Palju modifitseerimisv\u00f5imalusi &#8211; kuni 90% seljap\u00e4\u00e4stjatest tarnitakse vastavalt kliendi tootmisvajadustele kohandatud kujul.<\/span><\/li>\n<\/ul>\n","protected":false},"featured_media":5326,"template":"","meta":{"_seopress_robots_primary_cat":"none","_seopress_titles_title":"","_seopress_titles_desc":"","_seopress_robots_index":"","_kad_blocks_custom_css":"","_kad_blocks_head_custom_js":"","_kad_blocks_body_custom_js":"","_kad_blocks_footer_custom_js":"","editor_plus_copied_stylings":"{}","_kad_post_transparent":"","_kad_post_title":"","_kad_post_layout":"","_kad_post_sidebar_id":"","_kad_post_content_style":"","_kad_post_vertical_padding":"","_kad_post_feature":"","_kad_post_feature_position":"","_kad_post_header":false,"_kad_post_footer":false,"_kad_post_classname":""},"product_brand":[],"product_cat":[171,169,178,168,177,175,172,165,173],"product_tag":[],"product_brands":[244],"class_list":{"0":"post-6502","1":"product","2":"type-product","3":"status-publish","4":"has-post-thumbnail","6":"product_cat-juurvili","7":"product_cat-kala-et-2","8":"product_cat-lemmikloomatoit","9":"product_cat-liha-et-2","10":"product_cat-marjad-puuviljad-et","11":"product_cat-pagaritoostus-2","12":"product_cat-piimatoostus-et","13":"product_cat-uldine-et-et","14":"product_cat-valmistoit","15":"pa_kayttotarkoitus-tostmine-ja-kallutamine-et","16":"pa_kayttotarkoitus-transport","17":"pa_tuotekategoria-masinad-ja-seadmed","18":"product_brands-backsaver-et","20":"first","21":"instock","22":"shipping-taxable","23":"purchasable","24":"product-type-simple","25":"entry","26":"content-bg","27":"loop-entry"},"taxonomy_info":{"product_cat":[{"value":171,"label":"Juurvili"},{"value":169,"label":"Kala"},{"value":178,"label":"Lemmikloomatoit"},{"value":168,"label":"Liha"},{"value":177,"label":"Marjad &amp; Puuviljad"},{"value":175,"label":"Pagarit\u00f6\u00f6stus"},{"value":172,"label":"Piimat\u00f6\u00f6stus"},{"value":165,"label":"\u00dcldine"},{"value":173,"label":"Valmistoit"}],"pa_kayttotarkoitus":[{"value":184,"label":"T\u00f5stmine ja Kallutamine"},{"value":161,"label":"Transport"}],"pa_tuotekategoria":[{"value":179,"label":"Masinad ja seadmed"}],"product_brands":[{"value":244,"label":"Backsaver"}]},"featured_image_src_large":["https:\/\/www.provitek.fi\/wp-content\/uploads\/2021\/08\/Nostolaitteet1-5.jpg",355,480,false],"author_info":[],"comment_info":"","_links":{"self":[{"href":"https:\/\/www.provitek.fi\/et\/wp-json\/wp\/v2\/product\/6502","targetHints":{"allow":["GET"]}}],"collection":[{"href":"https:\/\/www.provitek.fi\/et\/wp-json\/wp\/v2\/product"}],"about":[{"href":"https:\/\/www.provitek.fi\/et\/wp-json\/wp\/v2\/types\/product"}],"wp:featuredmedia":[{"embeddable":true,"href":"https:\/\/www.provitek.fi\/et\/wp-json\/wp\/v2\/media\/5326"}],"wp:attachment":[{"href":"https:\/\/www.provitek.fi\/et\/wp-json\/wp\/v2\/media?parent=6502"}],"wp:term":[{"taxonomy":"product_brand","embeddable":true,"href":"https:\/\/www.provitek.fi\/et\/wp-json\/wp\/v2\/product_brand?post=6502"},{"taxonomy":"product_cat","embeddable":true,"href":"https:\/\/www.provitek.fi\/et\/wp-json\/wp\/v2\/product_cat?post=6502"},{"taxonomy":"product_tag","embeddable":true,"href":"https:\/\/www.provitek.fi\/et\/wp-json\/wp\/v2\/product_tag?post=6502"},{"taxonomy":"product_brands","embeddable":true,"href":"https:\/\/www.provitek.fi\/et\/wp-json\/wp\/v2\/product_brands?post=6502"}],"curies":[{"name":"wp","href":"https:\/\/api.w.org\/{rel}","templated":true}]}}