{"id":6506,"date":"2021-08-29T20:34:37","date_gmt":"2022-11-23T13:18:55","guid":{"rendered":"https:\/\/www.provitek.fi\/tuotteet\/maaratlemata\/ionsmoke\/"},"modified":"2023-01-04T11:31:55","modified_gmt":"2023-01-04T09:31:55","slug":"ionsmoke","status":"publish","type":"product","link":"https:\/\/www.provitek.fi\/et\/toode\/ionsmoke\/","title":{"rendered":"IonSmoke"},"content":{"rendered":"","protected":false},"excerpt":{"rendered":"<p>Suitsutamise tulevik, siin ja t\u00e4na!<\/p>\n<p>IonSmoke on patenteeritud uus tehnoloogia, mis suurendab m\u00e4rkimisv\u00e4\u00e4rselt suitsutamise t\u00f5husust ja mida saab paigaldada olemasolevatesse kappidesse. S\u00fcsteem t\u00f6\u00f6tab, ioniseerides kappi pumbatud suitsu, mis p\u00f5hjustab selle magneetilise kinnitumise toote k\u00fclge. IonSmoke saab:<br \/>\n-minimeerida v\u00f5i isegi k\u00f5rvaldada PAH-\u00fchendid<br \/>\n-Ja isegi v\u00e4hendada suitsutamise aega poole v\u00f5rra<br \/>\n-V\u00e4hendab kaalukadu<br \/>\n-S\u00e4\u00e4stab energiat<br \/>\n-Eemaldab suitsust peenosakesed<br \/>\nLisateave toote kohta aadressil https:\/\/ebsmoke.com\/en\/ionsmoke\/ (inglise keeles)<\/p>\n","protected":false},"featured_media":6885,"template":"","meta":{"_seopress_robots_primary_cat":"none","_seopress_titles_title":"","_seopress_titles_desc":"","_seopress_robots_index":"","_kad_blocks_custom_css":"","_kad_blocks_head_custom_js":"","_kad_blocks_body_custom_js":"","_kad_blocks_footer_custom_js":"","editor_plus_copied_stylings":"{}","_kad_post_transparent":"","_kad_post_title":"","_kad_post_layout":"","_kad_post_sidebar_id":"","_kad_post_content_style":"","_kad_post_vertical_padding":"","_kad_post_feature":"","_kad_post_feature_position":"","_kad_post_header":false,"_kad_post_footer":false,"_kad_post_classname":""},"product_brand":[],"product_cat":[169,168,172,165],"product_tag":[],"product_brands":[248],"class_list":{"0":"post-6506","1":"product","2":"type-product","3":"status-publish","4":"has-post-thumbnail","6":"product_cat-kala-et-2","7":"product_cat-liha-et-2","8":"product_cat-piimatoostus-et","9":"product_cat-uldine-et-et","10":"product_brands-eb-smoke-et","12":"first","13":"instock","14":"shipping-taxable","15":"purchasable","16":"product-type-simple","17":"entry","18":"content-bg","19":"loop-entry"},"taxonomy_info":{"product_cat":[{"value":169,"label":"Kala"},{"value":168,"label":"Liha"},{"value":172,"label":"Piimat\u00f6\u00f6stus"},{"value":165,"label":"\u00dcldine"}],"product_brands":[{"value":248,"label":"E&amp;B Smoke"}]},"featured_image_src_large":["https:\/\/www.provitek.fi\/wp-content\/uploads\/2021\/08\/ionsmoke-banner2-1024x674.jpg",1024,674,true],"author_info":[],"comment_info":"","_links":{"self":[{"href":"https:\/\/www.provitek.fi\/et\/wp-json\/wp\/v2\/product\/6506","targetHints":{"allow":["GET"]}}],"collection":[{"href":"https:\/\/www.provitek.fi\/et\/wp-json\/wp\/v2\/product"}],"about":[{"href":"https:\/\/www.provitek.fi\/et\/wp-json\/wp\/v2\/types\/product"}],"wp:featuredmedia":[{"embeddable":true,"href":"https:\/\/www.provitek.fi\/et\/wp-json\/wp\/v2\/media\/6885"}],"wp:attachment":[{"href":"https:\/\/www.provitek.fi\/et\/wp-json\/wp\/v2\/media?parent=6506"}],"wp:term":[{"taxonomy":"product_brand","embeddable":true,"href":"https:\/\/www.provitek.fi\/et\/wp-json\/wp\/v2\/product_brand?post=6506"},{"taxonomy":"product_cat","embeddable":true,"href":"https:\/\/www.provitek.fi\/et\/wp-json\/wp\/v2\/product_cat?post=6506"},{"taxonomy":"product_tag","embeddable":true,"href":"https:\/\/www.provitek.fi\/et\/wp-json\/wp\/v2\/product_tag?post=6506"},{"taxonomy":"product_brands","embeddable":true,"href":"https:\/\/www.provitek.fi\/et\/wp-json\/wp\/v2\/product_brands?post=6506"}],"curies":[{"name":"wp","href":"https:\/\/api.w.org\/{rel}","templated":true}]}}