{"id":6525,"date":"2021-08-29T20:36:59","date_gmt":"2022-11-23T13:20:09","guid":{"rendered":"https:\/\/www.provitek.fi\/tuotteet\/maaratlemata\/neularuisku\/"},"modified":"2022-12-05T12:22:23","modified_gmt":"2022-12-05T10:22:23","slug":"soolveeprits","status":"publish","type":"product","link":"https:\/\/www.provitek.fi\/et\/toode\/soolveeprits\/","title":{"rendered":"Soolveeprits"},"content":{"rendered":"","protected":false},"excerpt":{"rendered":"<p><span style=\"font-weight: 400;\">Nowicki soolveeppritsid tagavad \u00fchtlase soolamise m\u00f5ju erinevatele lihaliikidele, sealhulgas kondiga lihale ja ka kalale. S\u00f5ltumatud konveier- ja n\u00f5elamootorid v\u00f5imaldavad mitmesuguseid erinevaid seadistusi ning n\u00f5ela taaskasutuss\u00fcsteem s\u00e4\u00e4stab toorainet. Roostevabast terasest raam ja tuntud tootjate komponendid suurendavad t\u00f6\u00f6kindlust ja kasutusaega.<\/span><\/p>\n<p><b>M\u00f5\u00f5tmed (mm): <\/b><\/p>\n<p><span style=\"font-weight: 400;\">Pikkus 1510 &#8211; 3960, laius 760 &#8211; 3060, k\u00f5rgus 1850 &#8211; 2200<\/span><\/p>\n<p><span style=\"font-weight: 400;\">N\u00f5elapesade arv 21 &#8211; 136 tk<\/span><\/p>\n<p><span style=\"font-weight: 400;\">N\u00f5elte arv 75 &#8211; 660 t\u00fckki<\/span><\/p>\n<p><span style=\"font-weight: 400;\">Omadused<\/span><\/p>\n<ul>\n<li style=\"font-weight: 400;\" aria-level=\"1\"><span style=\"font-weight: 400;\">Masin on valmistatud happekindlast roostevabast terasest<\/span><\/li>\n<li style=\"font-weight: 400;\" aria-level=\"1\"><span style=\"font-weight: 400;\">Lihtsalt vahetatavad n\u00f5elad\u00fc\u00fcsid <\/span><\/li>\n<li style=\"font-weight: 400;\" aria-level=\"1\"><span style=\"font-weight: 400;\">Astmeline pihustuskiiruse reguleerimine<\/span><\/li>\n<li style=\"font-weight: 400;\" aria-level=\"1\"><span style=\"font-weight: 400;\">Konveieri astmeline reguleerimine <\/span><\/li>\n<li style=\"font-weight: 400;\" aria-level=\"1\"><span style=\"font-weight: 400;\">Lihtsalt pestav plastkonveierlint <\/span><\/li>\n<li style=\"font-weight: 400;\" aria-level=\"1\"><span style=\"font-weight: 400;\">K\u00f5rge tootlikkusega roostevabast terasest tsentrifugaalpump <\/span><\/li>\n<li style=\"font-weight: 400;\" aria-level=\"1\"><span style=\"font-weight: 400;\">Lihtne ja sujuv sissepritsesurve reguleerimine<\/span><\/li>\n<li style=\"font-weight: 400;\" aria-level=\"1\"><span style=\"font-weight: 400;\">Mitmest osast koosnev soolakasti puhastus- ja taaskasutuss\u00fcsteem, mida on lihtne puhastada. <\/span><\/li>\n<li style=\"font-weight: 400;\" aria-level=\"1\"><span style=\"font-weight: 400;\">Roostevabast terasest soolveepaak <\/span><\/li>\n<li style=\"font-weight: 400;\" aria-level=\"1\"><span style=\"font-weight: 400;\">Puuteekraaniga juhtimine, v\u00f5imalus programmeerida k\u00fcmneid erinevaid tehnoloogilisi programme <\/span><\/li>\n<li style=\"font-weight: 400;\" aria-level=\"1\"><span style=\"font-weight: 400;\">Enesediagnostika, veateated ja kinnitused<\/span><\/li>\n<li style=\"font-weight: 400;\" aria-level=\"1\"><span style=\"font-weight: 400;\">Turvalisus tagatud <\/span><\/li>\n<li style=\"font-weight: 400;\" aria-level=\"1\"><span style=\"font-weight: 400;\">Kasutuskeele muutmine ja hooldusmen\u00fc\u00fc j\u00e4lgimine <\/span><\/li>\n<li style=\"font-weight: 400;\" aria-level=\"1\"><span style=\"font-weight: 400;\">V\u00e4rviline puuteekraan <\/span><\/li>\n<li style=\"font-weight: 400;\" aria-level=\"1\"><span style=\"font-weight: 400;\">Kaitsekate <\/span><\/li>\n<li style=\"font-weight: 400;\" aria-level=\"1\"><span style=\"font-weight: 400;\">SCADA \u00fchenduvus kaugseireks ja kvaliteedikontrolliks <\/span><\/li>\n<\/ul>\n<p><span style=\"font-weight: 400;\">Seadmete videod<\/span><\/p>\n<p>https:\/\/youtu.be\/P0SgrZ1Fd7s<\/p>\n<p>https:\/\/youtu.be\/G19l-TPTvpc<\/p>\n<p>https:\/\/youtu.be\/yiGVnftS1BM<\/p>\n","protected":false},"featured_media":5315,"template":"","meta":{"_seopress_robots_primary_cat":"none","_seopress_titles_title":"","_seopress_titles_desc":"","_seopress_robots_index":"","_kad_blocks_custom_css":"","_kad_blocks_head_custom_js":"","_kad_blocks_body_custom_js":"","_kad_blocks_footer_custom_js":"","editor_plus_copied_stylings":"{}","_kad_post_transparent":"","_kad_post_title":"","_kad_post_layout":"","_kad_post_sidebar_id":"","_kad_post_content_style":"","_kad_post_vertical_padding":"","_kad_post_feature":"","_kad_post_feature_position":"","_kad_post_header":false,"_kad_post_footer":false,"_kad_post_classname":""},"product_brand":[],"product_cat":[169,168,165],"product_tag":[],"product_brands":[269],"class_list":{"0":"post-6525","1":"product","2":"type-product","3":"status-publish","4":"has-post-thumbnail","6":"product_cat-kala-et-2","7":"product_cat-liha-et-2","8":"product_cat-uldine-et-et","9":"pa_kayttotarkoitus-soolamine","10":"pa_tuotekategoria-masinad-ja-seadmed","11":"product_brands-nowicki-et","13":"first","14":"instock","15":"shipping-taxable","16":"purchasable","17":"product-type-simple","18":"entry","19":"content-bg","20":"loop-entry"},"taxonomy_info":{"product_cat":[{"value":169,"label":"Kala"},{"value":168,"label":"Liha"},{"value":165,"label":"\u00dcldine"}],"pa_kayttotarkoitus":[{"value":225,"label":"Soolamine"}],"pa_tuotekategoria":[{"value":179,"label":"Masinad ja seadmed"}],"product_brands":[{"value":269,"label":"Nowicki"}]},"featured_image_src_large":["https:\/\/www.provitek.fi\/wp-content\/uploads\/2021\/08\/Neularuiskut1-5.jpg",387,600,false],"author_info":[],"comment_info":"","_links":{"self":[{"href":"https:\/\/www.provitek.fi\/et\/wp-json\/wp\/v2\/product\/6525","targetHints":{"allow":["GET"]}}],"collection":[{"href":"https:\/\/www.provitek.fi\/et\/wp-json\/wp\/v2\/product"}],"about":[{"href":"https:\/\/www.provitek.fi\/et\/wp-json\/wp\/v2\/types\/product"}],"wp:featuredmedia":[{"embeddable":true,"href":"https:\/\/www.provitek.fi\/et\/wp-json\/wp\/v2\/media\/5315"}],"wp:attachment":[{"href":"https:\/\/www.provitek.fi\/et\/wp-json\/wp\/v2\/media?parent=6525"}],"wp:term":[{"taxonomy":"product_brand","embeddable":true,"href":"https:\/\/www.provitek.fi\/et\/wp-json\/wp\/v2\/product_brand?post=6525"},{"taxonomy":"product_cat","embeddable":true,"href":"https:\/\/www.provitek.fi\/et\/wp-json\/wp\/v2\/product_cat?post=6525"},{"taxonomy":"product_tag","embeddable":true,"href":"https:\/\/www.provitek.fi\/et\/wp-json\/wp\/v2\/product_tag?post=6525"},{"taxonomy":"product_brands","embeddable":true,"href":"https:\/\/www.provitek.fi\/et\/wp-json\/wp\/v2\/product_brands?post=6525"}],"curies":[{"name":"wp","href":"https:\/\/api.w.org\/{rel}","templated":true}]}}