{"id":6536,"date":"2021-08-29T20:36:59","date_gmt":"2022-11-23T13:20:42","guid":{"rendered":"https:\/\/www.provitek.fi\/tuotteet\/maaratlemata\/mureutin\/"},"modified":"2022-12-07T12:00:56","modified_gmt":"2022-12-07T10:00:56","slug":"peenestus-purustus","status":"publish","type":"product","link":"https:\/\/www.provitek.fi\/et\/toode\/peenestus-purustus\/","title":{"rendered":"Peenestaja-purustaja"},"content":{"rendered":"","protected":false},"excerpt":{"rendered":"<p><span style=\"font-weight: 400;\">Nowicki kvaliteetsed peenestajad-purustajad l\u00f5ikavad t\u00f5husalt nii k\u00f5vemaid lihakudesid kui ka k\u00f5\u00f5luseid. L\u00f5pptulemus on \u00f5rn toode, mis suurema pinna t\u00f5ttu imab soolvee paremini sisse. Erinevate kasutusviiside ja rakenduste jaoks on saadaval erinevate t\u00f6\u00f6re\u017eiimidega mudelid.<\/span><\/p>\n<p><b>M\u00f5\u00f5tmed (mm): <\/b><\/p>\n<p><span style=\"font-weight: 400;\">Pikkus 1600 &#8211; 1900, laius 780 &#8211; 1550, k\u00f5rgus 1460 &#8211; 1522<\/span><\/p>\n<p><span style=\"font-weight: 400;\">laiused 325, 600 ja 1050<\/span><\/p>\n<p><span style=\"font-weight: 400;\">Kaalud vahemikus 440 &#8211; 1300kg<\/span><\/p>\n<p><span style=\"font-weight: 400;\">Omadused<\/span><\/p>\n<ul>\n<li style=\"font-weight: 400;\" aria-level=\"1\"><span style=\"font-weight: 400;\">T\u00e4ielikult roostevabast terasest konstruktsioon<\/span><\/li>\n<li style=\"font-weight: 400;\" aria-level=\"1\"><span style=\"font-weight: 400;\">Lihtne puhastamine ja hooldus<\/span><\/li>\n<li style=\"font-weight: 400;\" aria-level=\"1\"><span style=\"font-weight: 400;\">Programmi optimeerimine t\u00f6\u00f6deldava toote jaoks toimub juhtpaneeli kaudu<\/span><\/li>\n<li style=\"font-weight: 400;\" aria-level=\"1\"><span style=\"font-weight: 400;\">K\u00e4sitleb kuni 5000 kg toodet tunnis (mudelip\u00f5hine kiirus)<\/span><\/li>\n<\/ul>\n<p><span style=\"font-weight: 400;\">Video mudelist TN 700<\/span><\/p>\n<p>https:\/\/youtu.be\/q7IR2vNO79w<\/p>\n","protected":false},"featured_media":5297,"template":"","meta":{"_seopress_robots_primary_cat":"none","_seopress_titles_title":"","_seopress_titles_desc":"","_seopress_robots_index":"","_kad_blocks_custom_css":"","_kad_blocks_head_custom_js":"","_kad_blocks_body_custom_js":"","_kad_blocks_footer_custom_js":"","editor_plus_copied_stylings":"{}","_kad_post_transparent":"","_kad_post_title":"","_kad_post_layout":"","_kad_post_sidebar_id":"","_kad_post_content_style":"","_kad_post_vertical_padding":"","_kad_post_feature":"","_kad_post_feature_position":"","_kad_post_header":false,"_kad_post_footer":false,"_kad_post_classname":""},"product_brand":[],"product_cat":[178,168,165],"product_tag":[],"product_brands":[269],"class_list":{"0":"post-6536","1":"product","2":"type-product","3":"status-publish","4":"has-post-thumbnail","6":"product_cat-lemmikloomatoit","7":"product_cat-liha-et-2","8":"product_cat-uldine-et-et","9":"pa_kayttotarkoitus-peenestamine-et","10":"pa_tuotekategoria-masinad-ja-seadmed","11":"product_brands-nowicki-et","13":"first","14":"instock","15":"shipping-taxable","16":"purchasable","17":"product-type-simple","18":"entry","19":"content-bg","20":"loop-entry"},"taxonomy_info":{"product_cat":[{"value":178,"label":"Lemmikloomatoit"},{"value":168,"label":"Liha"},{"value":165,"label":"\u00dcldine"}],"pa_kayttotarkoitus":[{"value":237,"label":"Peenestamine"}],"pa_tuotekategoria":[{"value":179,"label":"Masinad ja seadmed"}],"product_brands":[{"value":269,"label":"Nowicki"}]},"featured_image_src_large":["https:\/\/www.provitek.fi\/wp-content\/uploads\/2021\/08\/Mureuttajat1-5.jpg",600,600,false],"author_info":[],"comment_info":"","_links":{"self":[{"href":"https:\/\/www.provitek.fi\/et\/wp-json\/wp\/v2\/product\/6536","targetHints":{"allow":["GET"]}}],"collection":[{"href":"https:\/\/www.provitek.fi\/et\/wp-json\/wp\/v2\/product"}],"about":[{"href":"https:\/\/www.provitek.fi\/et\/wp-json\/wp\/v2\/types\/product"}],"wp:featuredmedia":[{"embeddable":true,"href":"https:\/\/www.provitek.fi\/et\/wp-json\/wp\/v2\/media\/5297"}],"wp:attachment":[{"href":"https:\/\/www.provitek.fi\/et\/wp-json\/wp\/v2\/media?parent=6536"}],"wp:term":[{"taxonomy":"product_brand","embeddable":true,"href":"https:\/\/www.provitek.fi\/et\/wp-json\/wp\/v2\/product_brand?post=6536"},{"taxonomy":"product_cat","embeddable":true,"href":"https:\/\/www.provitek.fi\/et\/wp-json\/wp\/v2\/product_cat?post=6536"},{"taxonomy":"product_tag","embeddable":true,"href":"https:\/\/www.provitek.fi\/et\/wp-json\/wp\/v2\/product_tag?post=6536"},{"taxonomy":"product_brands","embeddable":true,"href":"https:\/\/www.provitek.fi\/et\/wp-json\/wp\/v2\/product_brands?post=6536"}],"curies":[{"name":"wp","href":"https:\/\/api.w.org\/{rel}","templated":true}]}}