{"id":6540,"date":"2021-08-29T20:35:11","date_gmt":"2022-11-23T13:20:43","guid":{"rendered":"https:\/\/www.provitek.fi\/tuotteet\/maaratlemata\/juurdepaas-helistajale\/"},"modified":"2022-12-08T14:06:39","modified_gmt":"2022-12-08T12:06:39","slug":"micro-kutter","status":"publish","type":"product","link":"https:\/\/www.provitek.fi\/et\/toode\/micro-kutter\/","title":{"rendered":"Micro Kutter"},"content":{"rendered":"","protected":false},"excerpt":{"rendered":"<p><span style=\"font-weight: 400;\">Nowicki micro cutter, millel on kontaktivaba teras\u00fcsteem, on ette n\u00e4htud toormaterjali peeneks l\u00f5ikamiseks. Kutter sobib mitmesuguste rakenduste jaoks, kui tegemist on pooleldi vedelate massidega. Rakendused h\u00f5lmavad nii toiduainet\u00f6\u00f6stust kui ka kosmeetika-, farmaatsia- ja keemiat\u00f6\u00f6stust. L\u00e4bivoolus\u00f6\u00f6turi abil on v\u00f5imalik saavutada homogeenne, \u00fchtlane ja v\u00e4ga peenelt jaotatud mass. Kontaktivaba terass\u00fcsteem tagab, et massi temperatuur ei t\u00f5use protsessi k\u00e4igus m\u00e4rkimisv\u00e4\u00e4rselt. T\u00e4nu tugevale ja kompaktsele roostevabast terasest konstruktsioonile, kvaliteetsetele komponentidele ja kuni 1500 kg t\u00fchimassile on masin ehitatud nii, et see peab vastu raskele t\u00f6\u00f6stuslikule kasutamisele.<\/span><\/p>\n<p><b>M\u00f5\u00f5tmed (mm): <\/b><\/p>\n<p><span style=\"font-weight: 400;\">Pikkus 1618 &#8211; 2430, laius 960 &#8211; 1010, k\u00f5rgus 748 &#8211; 1540<\/span><\/p>\n<p><span style=\"font-weight: 400;\">Saadaval kutrid mahutavusega 100, 150 ja 200 liitrit.<\/span><\/p>\n<p><span style=\"font-weight: 400;\">Omadused<\/span><\/p>\n<ul>\n<li style=\"font-weight: 400;\" aria-level=\"1\"><span style=\"font-weight: 400;\">Raamkonstruktsioon t\u00e4ielikult roostevabast terasest (AISI 304) <\/span><\/li>\n<li style=\"font-weight: 400;\" aria-level=\"1\"><span style=\"font-weight: 400;\">Valmistatud vastavalt CE-direktiividele  <\/span><\/li>\n<li style=\"font-weight: 400;\" aria-level=\"1\"><span style=\"font-weight: 400;\">Mikroprotsessorjuhtimine <\/span><\/li>\n<li style=\"font-weight: 400;\" aria-level=\"1\"><span style=\"font-weight: 400;\">Kaheosaline labade konstruktsioon koos staatori ja rootoriga <\/span><\/li>\n<li style=\"font-weight: 400;\" aria-level=\"1\"><span style=\"font-weight: 400;\">V\u00e4ga vastupidav teras\u00fcsteem ilma teritamise vajaduseta <\/span><\/li>\n<li style=\"font-weight: 400;\" aria-level=\"1\"><span style=\"font-weight: 400;\">Kiire ja lihtne terade vahetus <\/span><\/li>\n<li style=\"font-weight: 400;\" aria-level=\"1\"><span style=\"font-weight: 400;\">Mootoril \u00fclekoormuskaitse <\/span><\/li>\n<li style=\"font-weight: 400;\" aria-level=\"1\"><span style=\"font-weight: 400;\">Lihtne kasutamine ja puhastamine <\/span><\/li>\n<li style=\"font-weight: 400;\" aria-level=\"1\"><span style=\"font-weight: 400;\">Seadme konstruktsioon vastab IP65 klassifikatsioonile<\/span><\/li>\n<li style=\"font-weight: 400;\" aria-level=\"1\"><span style=\"font-weight: 400;\">Mobiillne,rataste liikuv <\/span><\/li>\n<li style=\"font-weight: 400;\" aria-level=\"1\"><span style=\"font-weight: 400;\">V\u00e4ljavoolu v\u00f5ib \u00fchendada tehase torustikus\u00fcsteemiga v\u00f5i otse 200 l lihak\u00e4russe<\/span><\/li>\n<li style=\"font-weight: 400;\" aria-level=\"1\"><span style=\"font-weight: 400;\">PLC-juhtimine koos puuteekraaniga <\/span><\/li>\n<li style=\"font-weight: 400;\" aria-level=\"1\"><span style=\"font-weight: 400;\">Sisse ja v\u00e4ljavoolutemperatuuri m\u00f5\u00f5tmine <\/span><\/li>\n<li style=\"font-weight: 400;\" aria-level=\"1\"><span style=\"font-weight: 400;\">L\u00f5iketera kiiruse reguleerimine ON\/OFF v\u00f5i inverterjuhtimine (valikuliselt) <\/span><\/li>\n<\/ul>\n","protected":false},"featured_media":5256,"template":"","meta":{"_seopress_robots_primary_cat":"none","_seopress_titles_title":"","_seopress_titles_desc":"Nowicki micro kutter, millel on kontaktivaba teras\u00fcsteem toormaterjali peenestamiseks. Sobib nii toiduainete, kosmeetika-, farmaatsia- ja keemiat\u00f6\u00f6stustele.","_seopress_robots_index":"","_kad_blocks_custom_css":"","_kad_blocks_head_custom_js":"","_kad_blocks_body_custom_js":"","_kad_blocks_footer_custom_js":"","editor_plus_copied_stylings":"{}","_kad_post_transparent":"","_kad_post_title":"","_kad_post_layout":"","_kad_post_sidebar_id":"","_kad_post_content_style":"","_kad_post_vertical_padding":"","_kad_post_feature":"","_kad_post_feature_position":"","_kad_post_header":false,"_kad_post_footer":false,"_kad_post_classname":""},"product_brand":[],"product_cat":[171,169,178,168,177,175,172,165,173],"product_tag":[187,238,188,189],"product_brands":[269],"class_list":{"0":"post-6540","1":"product","2":"type-product","3":"status-publish","4":"has-post-thumbnail","6":"product_cat-juurvili","7":"product_cat-kala-et-2","8":"product_cat-lemmikloomatoit","9":"product_cat-liha-et-2","10":"product_cat-marjad-puuviljad-et","11":"product_cat-pagaritoostus-2","12":"product_cat-piimatoostus-et","13":"product_cat-uldine-et-et","14":"product_cat-valmistoit","15":"product_tag-kutter","16":"product_tag-microkutter","17":"product_tag-peen-peenestus-et","18":"product_tag-vaike-et","19":"pa_kayttotarkoitus-peen-peenestus-et","20":"pa_kayttotarkoitus-peenestamine","21":"pa_tuotekategoria-masinad-ja-seadmed","22":"product_brands-nowicki-et","24":"first","25":"instock","26":"shipping-taxable","27":"purchasable","28":"product-type-simple","29":"entry","30":"content-bg","31":"loop-entry"},"taxonomy_info":{"product_cat":[{"value":171,"label":"Juurvili"},{"value":169,"label":"Kala"},{"value":178,"label":"Lemmikloomatoit"},{"value":168,"label":"Liha"},{"value":177,"label":"Marjad &amp; Puuviljad"},{"value":175,"label":"Pagarit\u00f6\u00f6stus"},{"value":172,"label":"Piimat\u00f6\u00f6stus"},{"value":165,"label":"\u00dcldine"},{"value":173,"label":"Valmistoit"}],"product_tag":[{"value":187,"label":"Kutter"},{"value":238,"label":"microkutter"},{"value":188,"label":"peen-peenestus"},{"value":189,"label":"v\u00e4ike"}],"pa_kayttotarkoitus":[{"value":186,"label":"Peen - peenestus"},{"value":236,"label":"Peenestamine"}],"pa_tuotekategoria":[{"value":179,"label":"Masinad ja seadmed"}],"product_brands":[{"value":269,"label":"Nowicki"}]},"featured_image_src_large":["https:\/\/www.provitek.fi\/wp-content\/uploads\/2021\/08\/Lapivientikutterit1-5.jpg",900,507,false],"author_info":[],"comment_info":"","_links":{"self":[{"href":"https:\/\/www.provitek.fi\/et\/wp-json\/wp\/v2\/product\/6540","targetHints":{"allow":["GET"]}}],"collection":[{"href":"https:\/\/www.provitek.fi\/et\/wp-json\/wp\/v2\/product"}],"about":[{"href":"https:\/\/www.provitek.fi\/et\/wp-json\/wp\/v2\/types\/product"}],"wp:featuredmedia":[{"embeddable":true,"href":"https:\/\/www.provitek.fi\/et\/wp-json\/wp\/v2\/media\/5256"}],"wp:attachment":[{"href":"https:\/\/www.provitek.fi\/et\/wp-json\/wp\/v2\/media?parent=6540"}],"wp:term":[{"taxonomy":"product_brand","embeddable":true,"href":"https:\/\/www.provitek.fi\/et\/wp-json\/wp\/v2\/product_brand?post=6540"},{"taxonomy":"product_cat","embeddable":true,"href":"https:\/\/www.provitek.fi\/et\/wp-json\/wp\/v2\/product_cat?post=6540"},{"taxonomy":"product_tag","embeddable":true,"href":"https:\/\/www.provitek.fi\/et\/wp-json\/wp\/v2\/product_tag?post=6540"},{"taxonomy":"product_brands","embeddable":true,"href":"https:\/\/www.provitek.fi\/et\/wp-json\/wp\/v2\/product_brands?post=6540"}],"curies":[{"name":"wp","href":"https:\/\/api.w.org\/{rel}","templated":true}]}}