{"id":6543,"date":"2021-08-29T20:36:59","date_gmt":"2022-11-23T13:20:44","guid":{"rendered":"https:\/\/www.provitek.fi\/tuotteet\/maaratlemata\/mill\/"},"modified":"2022-12-14T12:56:40","modified_gmt":"2022-12-14T10:56:40","slug":"lihahunt","status":"publish","type":"product","link":"https:\/\/www.provitek.fi\/et\/toode\/lihahunt\/","title":{"rendered":"Lihahunt"},"content":{"rendered":"","protected":false},"excerpt":{"rendered":"<p><span style=\"font-weight: 400;\">Nowicki lihahunt v\u00f5ivad t\u00f6\u00f6delda liha, kala, lemmikloomatoitu ja muid toiduaineid. Kuni 3 100 kg kaaluv seade on ehitatud nii, et see peab vastu raskele t\u00f6\u00f6stuslikule kasutamisele, ilma et see v\u00e4siks.<\/span><\/p>\n<p><b>M\u00f5\u00f5tmed (mm):  <\/b><\/p>\n<p><span style=\"font-weight: 400;\">Pikkus 1460 &#8211; 3110, laius 1510 &#8211; 1990, k\u00f5rgus 1470 &#8211; 3100<\/span><\/p>\n<p><span style=\"font-weight: 400;\">L\u00e4bim\u00f5\u00f5dud 130, 160 ja 200.<\/span><\/p>\n<p><span style=\"font-weight: 400;\">Mahud 110, 360 ja 450 liitrit.<\/span><\/p>\n<p><span style=\"font-weight: 400;\">Omadused<\/span><\/p>\n<ul>\n<li style=\"font-weight: 400;\" aria-level=\"1\"><span style=\"font-weight: 400;\">T\u00e4ielikult roostevabast terasest konstruktsioon (AISI 304)  <\/span><\/li>\n<li style=\"font-weight: 400;\" aria-level=\"1\"><span style=\"font-weight: 400;\">NN Nurk-veski<\/span><\/li>\n<li style=\"font-weight: 400;\" aria-level=\"1\"><span style=\"font-weight: 400;\">Kvaliteetsed ja kauakestvad l\u00f5iketerad<\/span><\/li>\n<li style=\"font-weight: 400;\" aria-level=\"1\"><span style=\"font-weight: 400;\">Valmistatud vastavalt CE-direktiividele  <\/span><\/li>\n<li style=\"font-weight: 400;\" aria-level=\"1\"><span style=\"font-weight: 400;\">Lihtne kasutamine ja puhastamine  <\/span><\/li>\n<li style=\"font-weight: 400;\" aria-level=\"1\"><span style=\"font-weight: 400;\">K\u00f5ik mootorid on kaitstud \u00fclekoormuse ja \u00fclekuumenemise eest.  <\/span><\/li>\n<li style=\"font-weight: 400;\" aria-level=\"1\"><span style=\"font-weight: 400;\">Ohutusandurid sisselaskeava ja v\u00e4ljalaskeava juures koos t\u00f6\u00f6tava k\u00e4epidemega ja v\u00e4ljalaskeava kaitsekattega parandavad kasutaja ohutust.<\/span><\/li>\n<li style=\"font-weight: 400;\" aria-level=\"1\"><span style=\"font-weight: 400;\">T\u00e4iustatud mootorikoormuse ja -kiiruse kontroll ning ohutusfunktsioonid koos s\u00f6\u00f6tmisrulga muutuva sageduse juhtimisega<\/span><\/li>\n<li style=\"font-weight: 400;\" aria-level=\"1\"><span style=\"font-weight: 400;\">Automaatne t\u00f5stuki optimeerimine vastavalt t\u00f5stuki t\u00f6\u00f6koormusele<\/span><\/li>\n<li style=\"font-weight: 400;\" aria-level=\"1\"><span style=\"font-weight: 400;\">H\u00fcdrauliline t\u00fchjendaja<\/span><\/li>\n<li style=\"font-weight: 400;\" aria-level=\"1\"><span style=\"font-weight: 400;\">Seadme konstruktsioon on IP65 klassifikatsiooniga  <\/span><\/li>\n<\/ul>\n<p><span style=\"font-weight: 400;\">Seadmete videod<\/span><\/p>\n<p>https:\/\/youtu.be\/8bdfCEnCgg4<\/p>\n<p>https:\/\/youtu.be\/59cpMsfdtYo<\/p>\n","protected":false},"featured_media":5307,"template":"","meta":{"_seopress_robots_primary_cat":"none","_seopress_titles_title":"","_seopress_titles_desc":"","_seopress_robots_index":"","_kad_blocks_custom_css":"","_kad_blocks_head_custom_js":"","_kad_blocks_body_custom_js":"","_kad_blocks_footer_custom_js":"","editor_plus_copied_stylings":"{}","_kad_post_transparent":"","_kad_post_title":"","_kad_post_layout":"","_kad_post_sidebar_id":"","_kad_post_content_style":"","_kad_post_vertical_padding":"","_kad_post_feature":"","_kad_post_feature_position":"","_kad_post_header":false,"_kad_post_footer":false,"_kad_post_classname":""},"product_brand":[],"product_cat":[171,169,178,168,177,175,172,165,173],"product_tag":[],"product_brands":[269],"class_list":{"0":"post-6543","1":"product","2":"type-product","3":"status-publish","4":"has-post-thumbnail","6":"product_cat-juurvili","7":"product_cat-kala-et-2","8":"product_cat-lemmikloomatoit","9":"product_cat-liha-et-2","10":"product_cat-marjad-puuviljad-et","11":"product_cat-pagaritoostus-2","12":"product_cat-piimatoostus-et","13":"product_cat-uldine-et-et","14":"product_cat-valmistoit","15":"pa_kayttotarkoitus-jahvatamine","16":"pa_tuotekategoria-masinad-ja-seadmed","17":"product_brands-nowicki-et","19":"first","20":"instock","21":"shipping-taxable","22":"purchasable","23":"product-type-simple","24":"entry","25":"content-bg","26":"loop-entry"},"taxonomy_info":{"product_cat":[{"value":171,"label":"Juurvili"},{"value":169,"label":"Kala"},{"value":178,"label":"Lemmikloomatoit"},{"value":168,"label":"Liha"},{"value":177,"label":"Marjad &amp; Puuviljad"},{"value":175,"label":"Pagarit\u00f6\u00f6stus"},{"value":172,"label":"Piimat\u00f6\u00f6stus"},{"value":165,"label":"\u00dcldine"},{"value":173,"label":"Valmistoit"}],"pa_kayttotarkoitus":[{"value":210,"label":"Jahvatamine"}],"pa_tuotekategoria":[{"value":179,"label":"Masinad ja seadmed"}],"product_brands":[{"value":269,"label":"Nowicki"}]},"featured_image_src_large":["https:\/\/www.provitek.fi\/wp-content\/uploads\/2021\/08\/Myllyt1-5.jpg",835,600,false],"author_info":[],"comment_info":"","_links":{"self":[{"href":"https:\/\/www.provitek.fi\/et\/wp-json\/wp\/v2\/product\/6543","targetHints":{"allow":["GET"]}}],"collection":[{"href":"https:\/\/www.provitek.fi\/et\/wp-json\/wp\/v2\/product"}],"about":[{"href":"https:\/\/www.provitek.fi\/et\/wp-json\/wp\/v2\/types\/product"}],"wp:featuredmedia":[{"embeddable":true,"href":"https:\/\/www.provitek.fi\/et\/wp-json\/wp\/v2\/media\/5307"}],"wp:attachment":[{"href":"https:\/\/www.provitek.fi\/et\/wp-json\/wp\/v2\/media?parent=6543"}],"wp:term":[{"taxonomy":"product_brand","embeddable":true,"href":"https:\/\/www.provitek.fi\/et\/wp-json\/wp\/v2\/product_brand?post=6543"},{"taxonomy":"product_cat","embeddable":true,"href":"https:\/\/www.provitek.fi\/et\/wp-json\/wp\/v2\/product_cat?post=6543"},{"taxonomy":"product_tag","embeddable":true,"href":"https:\/\/www.provitek.fi\/et\/wp-json\/wp\/v2\/product_tag?post=6543"},{"taxonomy":"product_brands","embeddable":true,"href":"https:\/\/www.provitek.fi\/et\/wp-json\/wp\/v2\/product_brands?post=6543"}],"curies":[{"name":"wp","href":"https:\/\/api.w.org\/{rel}","templated":true}]}}