{"id":6544,"date":"2021-08-29T20:35:10","date_gmt":"2022-11-23T13:20:44","guid":{"rendered":"https:\/\/www.provitek.fi\/tuotteet\/maaratlemata\/klipsid\/"},"modified":"2023-01-04T11:40:32","modified_gmt":"2023-01-04T09:40:32","slug":"klipsid","status":"publish","type":"product","link":"https:\/\/www.provitek.fi\/et\/toode\/klipsid\/","title":{"rendered":"Klipsid"},"content":{"rendered":"","protected":false},"excerpt":{"rendered":"<p>          <span style=\"font-weight: 400;\">Lai valik Barroso klipse &#8211; \u00fcle 800 erineva t\u00fc\u00fcbi ja formaadi.<\/span><\/p>\n<p>          <span style=\"font-weight: 400;\">Alumiiniumklipsid ja aasad sobivad peaaegu k\u00f5igi turul olevate masinate jaoks ning neid saab kasutada kestada, kottide, v\u00f5rkude ja muude pakkematerjalide sulgemiseks.<\/span><\/p>\n<p>          <span style=\"font-weight: 400;\">Klambrid on CE-sertifitseeritud ja soodsad.<\/span><\/p>\n","protected":false},"featured_media":5237,"template":"","meta":{"_seopress_robots_primary_cat":"none","_seopress_titles_title":"","_seopress_titles_desc":"","_seopress_robots_index":"","_kad_blocks_custom_css":"","_kad_blocks_head_custom_js":"","_kad_blocks_body_custom_js":"","_kad_blocks_footer_custom_js":"","editor_plus_copied_stylings":"{}","_kad_post_transparent":"","_kad_post_title":"","_kad_post_layout":"","_kad_post_sidebar_id":"","_kad_post_content_style":"","_kad_post_vertical_padding":"","_kad_post_feature":"","_kad_post_feature_position":"","_kad_post_header":false,"_kad_post_footer":false,"_kad_post_classname":""},"product_brand":[],"product_cat":[171,169,178,168,172,165],"product_tag":[],"product_brands":[263],"class_list":{"0":"post-6544","1":"product","2":"type-product","3":"status-publish","4":"has-post-thumbnail","6":"product_cat-juurvili","7":"product_cat-kala-et-2","8":"product_cat-lemmikloomatoit","9":"product_cat-liha-et-2","10":"product_cat-piimatoostus-et","11":"product_cat-uldine-et-et","12":"pa_kayttotarkoitus-klipsimine","13":"pa_tuotekategoria-tarvikud","14":"product_brands-lorenzo-barroso-et","16":"first","17":"instock","18":"shipping-taxable","19":"purchasable","20":"product-type-simple","21":"entry","22":"content-bg","23":"loop-entry"},"taxonomy_info":{"product_cat":[{"value":171,"label":"Juurvili"},{"value":169,"label":"Kala"},{"value":178,"label":"Lemmikloomatoit"},{"value":168,"label":"Liha"},{"value":172,"label":"Piimat\u00f6\u00f6stus"},{"value":165,"label":"\u00dcldine"}],"pa_kayttotarkoitus":[{"value":230,"label":"Klipsimine"}],"pa_tuotekategoria":[{"value":196,"label":"Tarvikud"}],"product_brands":[{"value":263,"label":"Lorenzo Barroso"}]},"featured_image_src_large":["https:\/\/www.provitek.fi\/wp-content\/uploads\/2021\/08\/Klipsit1-2-1024x683.jpg",1024,683,true],"author_info":[],"comment_info":"","_links":{"self":[{"href":"https:\/\/www.provitek.fi\/et\/wp-json\/wp\/v2\/product\/6544","targetHints":{"allow":["GET"]}}],"collection":[{"href":"https:\/\/www.provitek.fi\/et\/wp-json\/wp\/v2\/product"}],"about":[{"href":"https:\/\/www.provitek.fi\/et\/wp-json\/wp\/v2\/types\/product"}],"wp:featuredmedia":[{"embeddable":true,"href":"https:\/\/www.provitek.fi\/et\/wp-json\/wp\/v2\/media\/5237"}],"wp:attachment":[{"href":"https:\/\/www.provitek.fi\/et\/wp-json\/wp\/v2\/media?parent=6544"}],"wp:term":[{"taxonomy":"product_brand","embeddable":true,"href":"https:\/\/www.provitek.fi\/et\/wp-json\/wp\/v2\/product_brand?post=6544"},{"taxonomy":"product_cat","embeddable":true,"href":"https:\/\/www.provitek.fi\/et\/wp-json\/wp\/v2\/product_cat?post=6544"},{"taxonomy":"product_tag","embeddable":true,"href":"https:\/\/www.provitek.fi\/et\/wp-json\/wp\/v2\/product_tag?post=6544"},{"taxonomy":"product_brands","embeddable":true,"href":"https:\/\/www.provitek.fi\/et\/wp-json\/wp\/v2\/product_brands?post=6544"}],"curies":[{"name":"wp","href":"https:\/\/api.w.org\/{rel}","templated":true}]}}