{"id":6548,"date":"2021-08-29T20:36:59","date_gmt":"2022-11-23T13:20:45","guid":{"rendered":"https:\/\/www.provitek.fi\/tuotteet\/maaratlemata\/plastist-umbrikud\/"},"modified":"2023-01-04T11:47:54","modified_gmt":"2023-01-04T09:47:54","slug":"plastkestad","status":"publish","type":"product","link":"https:\/\/www.provitek.fi\/et\/toode\/plastkestad\/","title":{"rendered":"Plastkestad"},"content":{"rendered":"","protected":false},"excerpt":{"rendered":"<p>          <span style=\"font-weight: 400;\">Paljude toiduainete puhul on plast endiselt v\u00e4ga hea pakkematerjal, mis kaitseb toodet ja suurendab s\u00e4ilivust. 1970ndatel aastatel oli meie ettev\u00f5te esimene, kes t\u00f5i Soome toiduainetet\u00f6\u00f6stuses kasutusele mitmekihilised kestad, kui kiiresti riknevate toodete jaoks oli vaja paremaid pakkematerjale nende s\u00e4ilivusaegade ja k\u00e4itlemisomaduste t\u00f5ttu. Nii nagu siis, v\u00f5tame ka n\u00fc\u00fcd keskkonnavastutuse ja k\u00f5ik meie m\u00fc\u00fcdavad plastkestad on taaskasutatavatest materjaildest, minimeerides plastikust tulenevat keskkonnam\u00f5ju.<\/span><\/p>\n<p>          <span style=\"font-weight: 400;\">Plastist s\u00e4ilekestad sobivad n\u00e4iteks k\u00f6\u00f6giviljap\u00fcree, vorstitoodete, munamassi ja loomas\u00f6\u00f6da pakendamiseks. Neid on kasutatud ka n\u00e4iteks juustu laagerdamiseks ja pakendamiseks.<\/span><\/p>\n","protected":false},"featured_media":5287,"template":"","meta":{"_seopress_robots_primary_cat":"none","_seopress_titles_title":"","_seopress_titles_desc":"","_seopress_robots_index":"","_kad_blocks_custom_css":"","_kad_blocks_head_custom_js":"","_kad_blocks_body_custom_js":"","_kad_blocks_footer_custom_js":"","editor_plus_copied_stylings":"{}","_kad_post_transparent":"","_kad_post_title":"","_kad_post_layout":"","_kad_post_sidebar_id":"","_kad_post_content_style":"","_kad_post_vertical_padding":"","_kad_post_feature":"","_kad_post_feature_position":"","_kad_post_header":false,"_kad_post_footer":false,"_kad_post_classname":""},"product_brand":[],"product_cat":[171,169,178,168,177,175,172,165,173],"product_tag":[],"product_brands":[270],"class_list":{"0":"post-6548","1":"product","2":"type-product","3":"status-publish","4":"has-post-thumbnail","6":"product_cat-juurvili","7":"product_cat-kala-et-2","8":"product_cat-lemmikloomatoit","9":"product_cat-liha-et-2","10":"product_cat-marjad-puuviljad-et","11":"product_cat-pagaritoostus-2","12":"product_cat-piimatoostus-et","13":"product_cat-uldine-et-et","14":"product_cat-valmistoit","15":"pa_kayttotarkoitus-vorstikestad","16":"pa_tuotekategoria-pakkematerjalid","17":"product_brands-podanfol-et","19":"first","20":"instock","21":"shipping-taxable","22":"purchasable","23":"product-type-simple","24":"entry","25":"content-bg","26":"loop-entry"},"taxonomy_info":{"product_cat":[{"value":171,"label":"Juurvili"},{"value":169,"label":"Kala"},{"value":178,"label":"Lemmikloomatoit"},{"value":168,"label":"Liha"},{"value":177,"label":"Marjad &amp; Puuviljad"},{"value":175,"label":"Pagarit\u00f6\u00f6stus"},{"value":172,"label":"Piimat\u00f6\u00f6stus"},{"value":165,"label":"\u00dcldine"},{"value":173,"label":"Valmistoit"}],"pa_kayttotarkoitus":[{"value":220,"label":"Vorstikestad"}],"pa_tuotekategoria":[{"value":221,"label":"Pakkematerjalid"}],"product_brands":[{"value":270,"label":"Podanfol"}]},"featured_image_src_large":["https:\/\/www.provitek.fi\/wp-content\/uploads\/2021\/08\/Muovikuoret1-5.jpg",1024,685,false],"author_info":[],"comment_info":"","_links":{"self":[{"href":"https:\/\/www.provitek.fi\/et\/wp-json\/wp\/v2\/product\/6548","targetHints":{"allow":["GET"]}}],"collection":[{"href":"https:\/\/www.provitek.fi\/et\/wp-json\/wp\/v2\/product"}],"about":[{"href":"https:\/\/www.provitek.fi\/et\/wp-json\/wp\/v2\/types\/product"}],"wp:featuredmedia":[{"embeddable":true,"href":"https:\/\/www.provitek.fi\/et\/wp-json\/wp\/v2\/media\/5287"}],"wp:attachment":[{"href":"https:\/\/www.provitek.fi\/et\/wp-json\/wp\/v2\/media?parent=6548"}],"wp:term":[{"taxonomy":"product_brand","embeddable":true,"href":"https:\/\/www.provitek.fi\/et\/wp-json\/wp\/v2\/product_brand?post=6548"},{"taxonomy":"product_cat","embeddable":true,"href":"https:\/\/www.provitek.fi\/et\/wp-json\/wp\/v2\/product_cat?post=6548"},{"taxonomy":"product_tag","embeddable":true,"href":"https:\/\/www.provitek.fi\/et\/wp-json\/wp\/v2\/product_tag?post=6548"},{"taxonomy":"product_brands","embeddable":true,"href":"https:\/\/www.provitek.fi\/et\/wp-json\/wp\/v2\/product_brands?post=6548"}],"curies":[{"name":"wp","href":"https:\/\/api.w.org\/{rel}","templated":true}]}}