{"id":6572,"date":"2021-08-29T20:34:36","date_gmt":"2022-12-01T10:44:02","guid":{"rendered":"https:\/\/www.provitek.fi\/tuotteet\/maaratlemata\/pollepesur\/"},"modified":"2022-12-01T12:54:47","modified_gmt":"2022-12-01T10:54:47","slug":"pollepesur","status":"publish","type":"product","link":"https:\/\/www.provitek.fi\/et\/toode\/pollepesur\/","title":{"rendered":"P\u00f5llepesur"},"content":{"rendered":"","protected":false},"excerpt":{"rendered":"<p>P\u00f5ll on ka oluline t\u00f6\u00f6kaitsevahend,mis peab olema pestud ning igati puhas.Peale t\u00f6\u00f6protsessi,millega v\u00f5ib kaasneda t\u00f6\u00f6riiete k.a. p\u00f5llede m\u00e4\u00e4rdumine, j\u00e4rgneb nende pesu.Selleks on meil abivahend. P\u00f5lle pesu-puhastamine on oluline ka t\u00f6\u00f6kultuuri seisukohalt. Roostevabast terasest abivahend h\u00f5lpustab p\u00f5llede pesu.<\/p>\n","protected":false},"featured_media":5165,"template":"","meta":{"_seopress_robots_primary_cat":"none","_seopress_titles_title":"","_seopress_titles_desc":"","_seopress_robots_index":"","_kad_blocks_custom_css":"","_kad_blocks_head_custom_js":"","_kad_blocks_body_custom_js":"","_kad_blocks_footer_custom_js":"","editor_plus_copied_stylings":"{}","_kad_post_transparent":"","_kad_post_title":"","_kad_post_layout":"","_kad_post_sidebar_id":"","_kad_post_content_style":"","_kad_post_vertical_padding":"","_kad_post_feature":"","_kad_post_feature_position":"","_kad_post_header":false,"_kad_post_footer":false,"_kad_post_classname":""},"product_brand":[],"product_cat":[171,169,178,168,177,175,172,165,173],"product_tag":[],"product_brands":[246],"class_list":{"0":"post-6572","1":"product","2":"type-product","3":"status-publish","4":"has-post-thumbnail","6":"product_cat-juurvili","7":"product_cat-kala-et-2","8":"product_cat-lemmikloomatoit","9":"product_cat-liha-et-2","10":"product_cat-marjad-puuviljad-et","11":"product_cat-pagaritoostus-2","12":"product_cat-piimatoostus-et","13":"product_cat-uldine-et-et","14":"product_cat-valmistoit","15":"pa_kayttotarkoitus-hugieen-et-et-et","16":"pa_tuotekategoria-masinad-ja-seadmed","17":"product_brands-brokelmann-et","19":"first","20":"instock","21":"shipping-taxable","22":"purchasable","23":"product-type-simple","24":"entry","25":"content-bg","26":"loop-entry"},"taxonomy_info":{"product_cat":[{"value":171,"label":"Juurvili"},{"value":169,"label":"Kala"},{"value":178,"label":"Lemmikloomatoit"},{"value":168,"label":"Liha"},{"value":177,"label":"Marjad &amp; Puuviljad"},{"value":175,"label":"Pagarit\u00f6\u00f6stus"},{"value":172,"label":"Piimat\u00f6\u00f6stus"},{"value":165,"label":"\u00dcldine"},{"value":173,"label":"Valmistoit"}],"pa_kayttotarkoitus":[{"value":181,"label":"H\u00fcgieen"}],"pa_tuotekategoria":[{"value":179,"label":"Masinad ja seadmed"}],"product_brands":[{"value":246,"label":"Br\u00f6kelmann"}]},"featured_image_src_large":["https:\/\/www.provitek.fi\/wp-content\/uploads\/2021\/08\/Essupesurit1-8.png",290,459,false],"author_info":[],"comment_info":"","_links":{"self":[{"href":"https:\/\/www.provitek.fi\/et\/wp-json\/wp\/v2\/product\/6572","targetHints":{"allow":["GET"]}}],"collection":[{"href":"https:\/\/www.provitek.fi\/et\/wp-json\/wp\/v2\/product"}],"about":[{"href":"https:\/\/www.provitek.fi\/et\/wp-json\/wp\/v2\/types\/product"}],"wp:featuredmedia":[{"embeddable":true,"href":"https:\/\/www.provitek.fi\/et\/wp-json\/wp\/v2\/media\/5165"}],"wp:attachment":[{"href":"https:\/\/www.provitek.fi\/et\/wp-json\/wp\/v2\/media?parent=6572"}],"wp:term":[{"taxonomy":"product_brand","embeddable":true,"href":"https:\/\/www.provitek.fi\/et\/wp-json\/wp\/v2\/product_brand?post=6572"},{"taxonomy":"product_cat","embeddable":true,"href":"https:\/\/www.provitek.fi\/et\/wp-json\/wp\/v2\/product_cat?post=6572"},{"taxonomy":"product_tag","embeddable":true,"href":"https:\/\/www.provitek.fi\/et\/wp-json\/wp\/v2\/product_tag?post=6572"},{"taxonomy":"product_brands","embeddable":true,"href":"https:\/\/www.provitek.fi\/et\/wp-json\/wp\/v2\/product_brands?post=6572"}],"curies":[{"name":"wp","href":"https:\/\/api.w.org\/{rel}","templated":true}]}}