{"id":6574,"date":"2021-08-29T20:35:10","date_gmt":"2022-12-01T12:42:41","guid":{"rendered":"https:\/\/www.provitek.fi\/tuotteet\/maaratlemata\/kupsetustunnel\/"},"modified":"2022-12-01T14:42:41","modified_gmt":"2022-12-01T12:42:41","slug":"kupsetustunnel","status":"publish","type":"product","link":"https:\/\/www.provitek.fi\/et\/toode\/kupsetustunnel\/","title":{"rendered":"K\u00fcpsetustunnel"},"content":{"rendered":"","protected":false},"excerpt":{"rendered":"<p>T\u00e4isautomaatne HOJA k\u00fcpsetustunnel.<br \/>\nMadalad hoolduskulud tagavad seadmele pikaajalisuse<br \/>\n-&gt; 0,00\u20ac esimesed 12 kuud<br \/>\n-&gt; Hiljem 1% aastas<\/p>\n<p>Esitlusvideo<\/p>\n[embed]https:\/\/youtu.be\/7ne0ArUV8io[\/embed]\n","protected":false},"featured_media":5252,"template":"","meta":{"_seopress_robots_primary_cat":"none","_seopress_titles_title":"","_seopress_titles_desc":"","_seopress_robots_index":"","_kad_blocks_custom_css":"","_kad_blocks_head_custom_js":"","_kad_blocks_body_custom_js":"","_kad_blocks_footer_custom_js":"","editor_plus_copied_stylings":"{}","_kad_post_transparent":"","_kad_post_title":"","_kad_post_layout":"","_kad_post_sidebar_id":"","_kad_post_content_style":"","_kad_post_vertical_padding":"","_kad_post_feature":"","_kad_post_feature_position":"","_kad_post_header":false,"_kad_post_footer":false,"_kad_post_classname":""},"product_brand":[],"product_cat":[171,169,178,168,175,165,173],"product_tag":[],"product_brands":[258],"class_list":{"0":"post-6574","1":"product","2":"type-product","3":"status-publish","4":"has-post-thumbnail","6":"product_cat-juurvili","7":"product_cat-kala-et-2","8":"product_cat-lemmikloomatoit","9":"product_cat-liha-et-2","10":"product_cat-pagaritoostus-2","11":"product_cat-uldine-et-et","12":"product_cat-valmistoit","13":"pa_kayttotarkoitus-kupsetus-et","14":"pa_tuotekategoria-masinad-ja-seadmed","15":"product_brands-hoja-et","17":"first","18":"instock","19":"shipping-taxable","20":"purchasable","21":"product-type-simple","22":"entry","23":"content-bg","24":"loop-entry"},"taxonomy_info":{"product_cat":[{"value":171,"label":"Juurvili"},{"value":169,"label":"Kala"},{"value":178,"label":"Lemmikloomatoit"},{"value":168,"label":"Liha"},{"value":175,"label":"Pagarit\u00f6\u00f6stus"},{"value":165,"label":"\u00dcldine"},{"value":173,"label":"Valmistoit"}],"pa_kayttotarkoitus":[{"value":232,"label":"K\u00fcpsetus"}],"pa_tuotekategoria":[{"value":179,"label":"Masinad ja seadmed"}],"product_brands":[{"value":258,"label":"Hoja"}]},"featured_image_src_large":["https:\/\/www.provitek.fi\/wp-content\/uploads\/2021\/08\/Kypsytystunneli1-5.jpg",568,233,false],"author_info":[],"comment_info":"","_links":{"self":[{"href":"https:\/\/www.provitek.fi\/et\/wp-json\/wp\/v2\/product\/6574","targetHints":{"allow":["GET"]}}],"collection":[{"href":"https:\/\/www.provitek.fi\/et\/wp-json\/wp\/v2\/product"}],"about":[{"href":"https:\/\/www.provitek.fi\/et\/wp-json\/wp\/v2\/types\/product"}],"wp:featuredmedia":[{"embeddable":true,"href":"https:\/\/www.provitek.fi\/et\/wp-json\/wp\/v2\/media\/5252"}],"wp:attachment":[{"href":"https:\/\/www.provitek.fi\/et\/wp-json\/wp\/v2\/media?parent=6574"}],"wp:term":[{"taxonomy":"product_brand","embeddable":true,"href":"https:\/\/www.provitek.fi\/et\/wp-json\/wp\/v2\/product_brand?post=6574"},{"taxonomy":"product_cat","embeddable":true,"href":"https:\/\/www.provitek.fi\/et\/wp-json\/wp\/v2\/product_cat?post=6574"},{"taxonomy":"product_tag","embeddable":true,"href":"https:\/\/www.provitek.fi\/et\/wp-json\/wp\/v2\/product_tag?post=6574"},{"taxonomy":"product_brands","embeddable":true,"href":"https:\/\/www.provitek.fi\/et\/wp-json\/wp\/v2\/product_brands?post=6574"}],"curies":[{"name":"wp","href":"https:\/\/api.w.org\/{rel}","templated":true}]}}