{"id":6576,"date":"2021-08-29T20:36:02","date_gmt":"2022-12-01T13:20:06","guid":{"rendered":"https:\/\/www.provitek.fi\/tuotteet\/maaratlemata\/karupesuseade\/"},"modified":"2022-12-01T15:20:06","modified_gmt":"2022-12-01T13:20:06","slug":"karupesuseade","status":"publish","type":"product","link":"https:\/\/www.provitek.fi\/et\/toode\/karupesuseade\/","title":{"rendered":"K\u00e4rupesuseade"},"content":{"rendered":"","protected":false},"excerpt":{"rendered":"<p><span style=\"font-weight: 400;\">Firma Nowicki kambert\u00fc\u00fcpi k\u00e4rupesuseade, nii 200 ltr kui ka 300 ltr. lihak\u00e4rudele ,tagab maksimaalse puhtuse kuna pesuprotsess kulgeb nii,et k\u00e4ru on kummuli,pesuraami peal. V\u00f5imas pesupump tagab makimaalse surve,mis jaguneb \u00fchtlaselt pesuraamil olevat d\u00fc\u00fcside vahel .Toimub nii sise- kui ka v\u00e4lispinna k a k\u00e4rurataste pesu. Automaatne pesuprotsess,kus operaator l\u00fckkab m\u00e4\u00e4rdunud k\u00e4ru seadmesse ning peale pesu v\u00f5tab selle j\u00e4lle v\u00e4lja. T\u00f5hus veesirkulatsioon tagab vee ja pesuaine optimaalse tarbimise.Seadme enda hooldamine ja puhastamine on v\u00e4ga lihtsaks tehtud. Kvaliteetne ja kauakestev seade.<\/span><\/p>\n<p><span style=\"font-weight: 400;\">Pakkuda on ka Dolav ((BB) konteineritele ja neile sarnastele toodetele pesuseade .<\/span><\/p>\n<p><b>M\u00f5\u00f5tmed (mm): <\/b><\/p>\n<p><span style=\"font-weight: 400;\">Pikkus 3255 &#8211; 4620, Laius 1680 &#8211; 2820, K\u00f5rgus 2040 \u2013 2860<\/span><\/p>\n<p><span style=\"font-weight: 400;\">Tootlikkus 30 \u2013 90 k\u00e4ru\/tunnnis,s\u00f5ltub k\u00e4ru m\u00e4\u00e4ruvusest<\/span><\/p>\n<p><span style=\"font-weight: 400;\">Kaal 850 &#8211; 1600 kg<\/span><\/p>\n<p><span style=\"font-weight: 400;\">Omadused<\/span><\/p>\n<ul>\n<li style=\"font-weight: 400;\" aria-level=\"1\"><span style=\"font-weight: 400;\">Tugev, roostevabast terasest (AISI 304) valmistatud raam <\/span><\/li>\n<li style=\"font-weight: 400;\" aria-level=\"1\"><span style=\"font-weight: 400;\">Pesuprotsess toimub suletud kambris <\/span><\/li>\n<li style=\"font-weight: 400;\" aria-level=\"1\"><span style=\"font-weight: 400;\">P\u00f6\u00f6rlev pesu- ja loputusraam<\/span><\/li>\n<li style=\"font-weight: 400;\" aria-level=\"1\"><span style=\"font-weight: 400;\">Pesuprotsess on nii optimeeritud,et see tagab minimaalsed kulud<\/span><\/li>\n<li style=\"font-weight: 400;\" aria-level=\"1\"><span style=\"font-weight: 400;\">T\u00e4ielikult suletud kambert\u00fc\u00fcpi konstruktsioon <\/span><\/li>\n<li style=\"font-weight: 400;\" aria-level=\"1\"><span style=\"font-weight: 400;\">Pesuauru eraldamine kasutades tootmises olevaid ventilatsiooni s\u00fcsteeme <\/span><\/li>\n<li style=\"font-weight: 400;\" aria-level=\"1\"><span style=\"font-weight: 400;\">Automaatne k\u00e4ru sisse- ja v\u00e4ljalaadimine kui ka pesu- ja loputusprostess <\/span><\/li>\n<li style=\"font-weight: 400;\" aria-level=\"1\"><span style=\"font-weight: 400;\">Suletud veesirkulatsioon koos fiters\u00fcsteemiga<\/span><\/li>\n<li style=\"font-weight: 400;\" aria-level=\"1\"><span style=\"font-weight: 400;\">H\u00fcgieeniline konstruktsioon <\/span><\/li>\n<li style=\"font-weight: 400;\" aria-level=\"1\"><span style=\"font-weight: 400;\">Sise -ja v\u00e4lispesuraamid pesevad k\u00e4ru nii seest- kui ka v\u00e4ljastpoolt k.a. p\u00f5hja. <\/span><\/li>\n<li style=\"font-weight: 400;\" aria-level=\"1\"><span style=\"font-weight: 400;\">RST-turvaraam CE -sertifikaadile vastav <\/span><\/li>\n<li style=\"font-weight: 400;\" aria-level=\"1\"><span style=\"font-weight: 400;\">Automaatne pesuaine ja vee doseerimine<\/span><\/li>\n<li style=\"font-weight: 400;\" aria-level=\"1\"><span style=\"font-weight: 400;\">Roostevabast terasest pump <\/span><\/li>\n<li style=\"font-weight: 400;\" aria-level=\"1\"><span style=\"font-weight: 400;\">Juhtimine 4,3\u201d v\u00e4rvilise Mitsubishi ProFace paneeli kaudu <\/span><\/li>\n<li style=\"font-weight: 400;\" aria-level=\"1\"><span style=\"font-weight: 400;\">Kuni 30 erinevat pesuprogrammi <\/span><\/li>\n<li style=\"font-weight: 400;\" aria-level=\"1\"><span style=\"font-weight: 400;\">H\u00e4ired on j\u00e4relkontrollitavad <\/span><\/li>\n<li style=\"font-weight: 400;\" aria-level=\"1\"><span style=\"font-weight: 400;\">Elektrikilp seadme sisse paigutatud <\/span><\/li>\n<li style=\"font-weight: 400;\" aria-level=\"1\"><span style=\"font-weight: 400;\">IP 66 &#8211; turvalisusklass<\/span><\/li>\n<\/ul>\n<p><span style=\"font-weight: 400;\">Videod seadmetest<\/span><\/p>\n<p>https:\/\/youtu.be\/5D3ZEFCWin0<\/p>\n<p>https:\/\/youtu.be\/HTU4JYAOyrs<\/p>\n<p>https:\/\/youtu.be\/Zmwx7OoaNFc<\/p>\n","protected":false},"featured_media":5279,"template":"","meta":{"_seopress_robots_primary_cat":"none","_seopress_titles_title":"","_seopress_titles_desc":"","_seopress_robots_index":"","_kad_blocks_custom_css":"","_kad_blocks_head_custom_js":"","_kad_blocks_body_custom_js":"","_kad_blocks_footer_custom_js":"","editor_plus_copied_stylings":"{}","_kad_post_transparent":"","_kad_post_title":"","_kad_post_layout":"","_kad_post_sidebar_id":"","_kad_post_content_style":"","_kad_post_vertical_padding":"","_kad_post_feature":"","_kad_post_feature_position":"","_kad_post_header":false,"_kad_post_footer":false,"_kad_post_classname":""},"product_brand":[],"product_cat":[171,169,178,168,177,175,172,165,173],"product_tag":[],"product_brands":[269],"class_list":{"0":"post-6576","1":"product","2":"type-product","3":"status-publish","4":"has-post-thumbnail","6":"product_cat-juurvili","7":"product_cat-kala-et-2","8":"product_cat-lemmikloomatoit","9":"product_cat-liha-et-2","10":"product_cat-marjad-puuviljad-et","11":"product_cat-pagaritoostus-2","12":"product_cat-piimatoostus-et","13":"product_cat-uldine-et-et","14":"product_cat-valmistoit","15":"pa_kayttotarkoitus-pesu-et","16":"pa_tuotekategoria-masinad-ja-seadmed","17":"product_brands-nowicki-et","19":"first","20":"instock","21":"shipping-taxable","22":"purchasable","23":"product-type-simple","24":"entry","25":"content-bg","26":"loop-entry"},"taxonomy_info":{"product_cat":[{"value":171,"label":"Juurvili"},{"value":169,"label":"Kala"},{"value":178,"label":"Lemmikloomatoit"},{"value":168,"label":"Liha"},{"value":177,"label":"Marjad &amp; Puuviljad"},{"value":175,"label":"Pagarit\u00f6\u00f6stus"},{"value":172,"label":"Piimat\u00f6\u00f6stus"},{"value":165,"label":"\u00dcldine"},{"value":173,"label":"Valmistoit"}],"pa_kayttotarkoitus":[{"value":182,"label":"Pesu"}],"pa_tuotekategoria":[{"value":179,"label":"Masinad ja seadmed"}],"product_brands":[{"value":269,"label":"Nowicki"}]},"featured_image_src_large":["https:\/\/www.provitek.fi\/wp-content\/uploads\/2021\/08\/Mollapesukoneet1-5.jpg",729,600,false],"author_info":[],"comment_info":"","_links":{"self":[{"href":"https:\/\/www.provitek.fi\/et\/wp-json\/wp\/v2\/product\/6576","targetHints":{"allow":["GET"]}}],"collection":[{"href":"https:\/\/www.provitek.fi\/et\/wp-json\/wp\/v2\/product"}],"about":[{"href":"https:\/\/www.provitek.fi\/et\/wp-json\/wp\/v2\/types\/product"}],"wp:featuredmedia":[{"embeddable":true,"href":"https:\/\/www.provitek.fi\/et\/wp-json\/wp\/v2\/media\/5279"}],"wp:attachment":[{"href":"https:\/\/www.provitek.fi\/et\/wp-json\/wp\/v2\/media?parent=6576"}],"wp:term":[{"taxonomy":"product_brand","embeddable":true,"href":"https:\/\/www.provitek.fi\/et\/wp-json\/wp\/v2\/product_brand?post=6576"},{"taxonomy":"product_cat","embeddable":true,"href":"https:\/\/www.provitek.fi\/et\/wp-json\/wp\/v2\/product_cat?post=6576"},{"taxonomy":"product_tag","embeddable":true,"href":"https:\/\/www.provitek.fi\/et\/wp-json\/wp\/v2\/product_tag?post=6576"},{"taxonomy":"product_brands","embeddable":true,"href":"https:\/\/www.provitek.fi\/et\/wp-json\/wp\/v2\/product_brands?post=6576"}],"curies":[{"name":"wp","href":"https:\/\/api.w.org\/{rel}","templated":true}]}}