{"id":7145,"date":"2025-10-23T02:46:53","date_gmt":"2025-10-22T23:46:53","guid":{"rendered":"https:\/\/www.provitek.fi\/?post_type=product&#038;p=7145"},"modified":"2025-10-28T18:35:13","modified_gmt":"2025-10-28T16:35:13","slug":"steritech-goutstave-autoklaavi","status":"publish","type":"product","link":"https:\/\/www.provitek.fi\/et\/toode\/steritech-goutstave-autoklaavi\/","title":{"rendered":"Autoklaavi Steritech Go\u00fbt\u2019stave"},"content":{"rendered":"<h3><strong>Ison autoklaavin ominaisuudet kompaktissa paketissa<\/strong><\/h3>\n<p><img loading=\"lazy\" decoding=\"async\" class=\"alignleft wp-image-7175\" src=\"https:\/\/www.provitek.fi\/wp-content\/uploads\/2025\/10\/GOUTSTAVE_2-300x225.jpeg\" alt=\"\" width=\"285\" height=\"214\" srcset=\"https:\/\/www.provitek.fi\/wp-content\/uploads\/2025\/10\/GOUTSTAVE_2-300x225.jpeg 300w, https:\/\/www.provitek.fi\/wp-content\/uploads\/2025\/10\/GOUTSTAVE_2-64x48.jpeg 64w, https:\/\/www.provitek.fi\/wp-content\/uploads\/2025\/10\/GOUTSTAVE_2.jpeg 640w\" sizes=\"auto, (max-width: 285px) 100vw, 285px\" \/>Steritech Go\u00fbt\u00b4stave on pieneen ja keskisuureen tuotantoon sek\u00e4 tuotekehitykseen suunnattu kompakti versio suurista STERITECH-teollisuusautoklaaveista. Go\u00fbt\u00b4stave -autoklaavi pakkaa isompien koneiden ominaisuudet pieneen kokoon: Ohjausj\u00e4rjestelm\u00e4, automaatio ja tuotantoprosessi on sama isompien autoklaavien kanssa.<\/p>\n<p>Steritech Go\u00fbt\u00b4stave -autoklaavi sopii sek\u00e4 elintarviketeollisuuden kuten valmisruoka- ja el\u00e4inruokateollisuuden tuottajille, ett\u00e4 l\u00e4\u00e4keteollisuuteen ja muihin prosesseihin joissa vaaditaan korkealaatuista ja toistettavaa sterilointi- tai past\u00f6rointiprosessia.<\/p>\n<p>&nbsp;<\/p>\n<h3><strong>Automaattinen prosessi STERITECH TRILOGY -ohjauksen avulla<\/strong><\/h3>\n<p><img loading=\"lazy\" decoding=\"async\" class=\"alignleft wp-image-7179\" src=\"https:\/\/www.provitek.fi\/wp-content\/uploads\/2025\/10\/Trilogy-300x226.png\" alt=\"Kuva, jossa autoklaavin n\u00e4yt\u00f6ll\u00e4 n\u00e4kyy laitteen senhetkinen toimintatila\" width=\"285\" height=\"214\" srcset=\"https:\/\/www.provitek.fi\/wp-content\/uploads\/2025\/10\/Trilogy-300x226.png 300w, https:\/\/www.provitek.fi\/wp-content\/uploads\/2025\/10\/Trilogy-768x578.png 768w, https:\/\/www.provitek.fi\/wp-content\/uploads\/2025\/10\/Trilogy-64x48.png 64w, https:\/\/www.provitek.fi\/wp-content\/uploads\/2025\/10\/Trilogy.png 775w\" sizes=\"auto, (max-width: 285px) 100vw, 285px\" \/>Steritech -autoklaavi m\u00e4\u00e4rittelee automaattisesti ohjelman keston, l\u00e4mp\u00f6tilojen muutokset ja vastapaineen (varustelun mukaan, kts. &#8220;Packsensor&#8221;). Ohjauksesta huolehtii kehittynyt STERITECH TRILOGY -ohjausj\u00e4rjestelm\u00e4. K\u00e4ytt\u00e4j\u00e4 ilmoittaa laitteelle halutun F-arvon, past\u00f6rointiarvon tai l\u00e4mp\u00f6tila-aika-arvon, ja autoklaavi huolehtii automaattisesti prosessin oikea-aikaisesta suorituksesta ja l\u00e4mp\u00f6tiloista.<\/p>\n<p>Prosessin p\u00e4\u00e4tteeksi autoklaavi tallentaa muistiin ohjelman keston, ja seuraavan ajon kohdalla tied\u00e4t, kauanko ohjelma kest\u00e4\u00e4, eik\u00e4 tuotel\u00e4mp\u00f6tila-anturia tarvitse asettaa pakkaukseen.<\/p>\n<p>&nbsp;<\/p>\n<p>&nbsp;<\/p>\n<h3><strong>F-arvon reaaliaikainen ja automaattinen laskenta ja tuotel\u00e4mp\u00f6tilan seuranta<\/strong><\/h3>\n<p><img loading=\"lazy\" decoding=\"async\" class=\"alignleft wp-image-7181\" style=\"display: inline-block; margin-right: 32px;\" src=\"https:\/\/www.provitek.fi\/wp-content\/uploads\/2025\/10\/Trilogy_2-300x160.png\" alt=\"Kuva, jossa n\u00e4kyv\u00e4t autoklaavin tuotantoer\u00e4n tuotantok\u00e4yr\u00e4t\" width=\"285\" height=\"152\" srcset=\"https:\/\/www.provitek.fi\/wp-content\/uploads\/2025\/10\/Trilogy_2-300x160.png 300w, https:\/\/www.provitek.fi\/wp-content\/uploads\/2025\/10\/Trilogy_2-1024x547.png 1024w, https:\/\/www.provitek.fi\/wp-content\/uploads\/2025\/10\/Trilogy_2-768x410.png 768w, https:\/\/www.provitek.fi\/wp-content\/uploads\/2025\/10\/Trilogy_2-64x34.png 64w, https:\/\/www.provitek.fi\/wp-content\/uploads\/2025\/10\/Trilogy_2.png 1104w\" sizes=\"auto, (max-width: 285px) 100vw, 285px\" \/>Autoklaavin valvoo ja korjaa s\u00e4\u00e4t\u00f6parametreja reaaliaikaisesti antureilta saadun tiedon perusteella sek\u00e4 laatii tuotantoerist\u00e4 ladattavat raportit. Tuotel\u00e4mp\u00f6tila-anturi mahdollistaa prosessin ohjauksen laskennallisen sterilointi\/past\u00f6rointiarvon perusteella, mik\u00e4 nopeuttaa merkitt\u00e4v\u00e4sti uusien ohjelmien laatimista.<\/p>\n<p>Kun prosessi on valmis, tallentuu ohjelman kesto muistiin, ja seuraavat ohjelmat voidaan haluttaessa ajaa ilman tuotel\u00e4mp\u00f6tila-anturia &#8211; tai l\u00e4mp\u00f6tila-anturin kanssa HACCP-seurantaa varten.<\/p>\n<p>&nbsp;<\/p>\n<h3><strong>PACKSENSOR &#8211; automaattinen vastapaineen asetus<\/strong><\/h3>\n<p data-wp-editing=\"1\"><img loading=\"lazy\" decoding=\"async\" class=\"wp-image-7183 alignleft\" src=\"https:\/\/www.provitek.fi\/wp-content\/uploads\/2025\/10\/Elodie-Winter-\u00aeSeegn-Steritech-HD-1107-300x200.jpg\" alt=\"Kuva, jossa n\u00e4ytet\u00e4\u00e4n Steritechin Packsensor asennettuna tuotepakkauksen pintaan\" width=\"285\" height=\"190\" srcset=\"https:\/\/www.provitek.fi\/wp-content\/uploads\/2025\/10\/Elodie-Winter-\u00aeSeegn-Steritech-HD-1107-300x200.jpg 300w, https:\/\/www.provitek.fi\/wp-content\/uploads\/2025\/10\/Elodie-Winter-\u00aeSeegn-Steritech-HD-1107-768x512.jpg 768w, https:\/\/www.provitek.fi\/wp-content\/uploads\/2025\/10\/Elodie-Winter-\u00aeSeegn-Steritech-HD-1107-64x43.jpg 64w, https:\/\/www.provitek.fi\/wp-content\/uploads\/2025\/10\/Elodie-Winter-\u00aeSeegn-Steritech-HD-1107.jpg 1024w\" sizes=\"auto, (max-width: 285px) 100vw, 285px\" \/>Lis\u00e4\u00e4m\u00e4ll\u00e4 autoklaaviin <strong>PACKSENSOR reaaliaikaisen pakkauksen mittausanturin,<\/strong> siirr\u00e4t my\u00f6s vastapaineesta huolehtimisen autoklaaville.<\/p>\n<p data-wp-editing=\"1\">PackSensor asetetaan autoklaavin sis\u00e4\u00e4n tuotepaketin pintaan. <strong>PackSensor mittaa<\/strong> prosessin aikana <strong>reaaliaikaisesti<\/strong> eritt\u00e4in korkealla resoluutiolla <strong>pakkauksen muodon muutoksia, ja asettaa vastapaineen automaattisesti t\u00e4m\u00e4n perusteella<\/strong>, minimoiden tuotepakkaukseen kohdistuvan paine-eron.<\/p>\n<p data-wp-editing=\"1\">Vastapaineen asetusarvo tallentuu tuoteohjelman muistiin, ja seuraavat tuotantoer\u00e4t voidaan ajaa ilman PackSensor anturia.<\/p>\n<h3><strong>Vesisuihkuperiaate &#8211; energiatehokas, vett\u00e4 s\u00e4\u00e4st\u00e4v\u00e4 ja nopea tuotantomenetelm\u00e4<\/strong><\/h3>\n<p><img loading=\"lazy\" decoding=\"async\" class=\"wp-image-7177 alignleft\" src=\"https:\/\/www.provitek.fi\/wp-content\/uploads\/2025\/10\/Goutstave-a-Saverne-125-300x200.jpg\" alt=\"Kuva, jossa esiintyv\u00e4t Goutstave-autoklaavin vesisuihkusuuttimet\" width=\"285\" height=\"190\" srcset=\"https:\/\/www.provitek.fi\/wp-content\/uploads\/2025\/10\/Goutstave-a-Saverne-125-300x200.jpg 300w, https:\/\/www.provitek.fi\/wp-content\/uploads\/2025\/10\/Goutstave-a-Saverne-125-1024x683.jpg 1024w, https:\/\/www.provitek.fi\/wp-content\/uploads\/2025\/10\/Goutstave-a-Saverne-125-768x512.jpg 768w, https:\/\/www.provitek.fi\/wp-content\/uploads\/2025\/10\/Goutstave-a-Saverne-125-1536x1024.jpg 1536w, https:\/\/www.provitek.fi\/wp-content\/uploads\/2025\/10\/Goutstave-a-Saverne-125-2048x1365.jpg 2048w, https:\/\/www.provitek.fi\/wp-content\/uploads\/2025\/10\/Goutstave-a-Saverne-125-64x43.jpg 64w\" sizes=\"auto, (max-width: 285px) 100vw, 285px\" \/>Go\u00fbt\u00b4stave -autoklaavi toimii vesisuihkuperiaatteella. Kuuma vesi kierr\u00e4tet\u00e4\u00e4n kiertopumpulla suuttimille, jotka sumuttavat veden tasaisesti korin ymp\u00e4rille asennettujen suuttimien l\u00e4pi. Vesisuihku on optimoitu, jotta l\u00e4mp\u00f6vaikutus korin sis\u00e4ll\u00e4 on kauttaaltaan tasainen ja tuotannon laadullinen tulos hyv\u00e4.<\/p>\n<p>Vesisuihkuperiaate l\u00e4mmitt\u00e4\u00e4 vain hyvin pienen m\u00e4\u00e4r\u00e4n vett\u00e4 s\u00e4\u00e4st\u00e4en n\u00e4in merkitt\u00e4v\u00e4sti vett\u00e4 ja l\u00e4mmitysenergiaa. L\u00e4mm\u00f6nvaihdinta k\u00e4ytett\u00e4ess\u00e4 autoklaavin sis\u00e4ll\u00e4 oleva vesi on mahdollista s\u00e4ilytt\u00e4\u00e4 samana koko prosessin keston ajan, jolloin vesi on steriili my\u00f6s j\u00e4\u00e4hdytyksess\u00e4. L\u00e4mm\u00f6nvaihtimen luovuttama l\u00e4mp\u00f6energia on mahdollista ottaa talteen uudelleenk\u00e4ytt\u00f6\u00e4 varten.<\/p>\n<p>&nbsp;<\/p>\n<h3><strong>Yhden- tai kahden vaunun kapasiteetilla<\/strong><\/h3>\n<p><img loading=\"lazy\" decoding=\"async\" class=\"alignleft wp-image-7187 size-medium\" style=\"display: inline-block; margin-right: 32px;\" src=\"https:\/\/www.provitek.fi\/wp-content\/uploads\/2025\/10\/BD-Img26627-e1761668334517-300x273.jpg\" alt=\"Goutstave -autoklaavin kori\/vaunu\" width=\"300\" height=\"273\" srcset=\"https:\/\/www.provitek.fi\/wp-content\/uploads\/2025\/10\/BD-Img26627-e1761668334517-300x273.jpg 300w, https:\/\/www.provitek.fi\/wp-content\/uploads\/2025\/10\/BD-Img26627-e1761668334517-1024x930.jpg 1024w, https:\/\/www.provitek.fi\/wp-content\/uploads\/2025\/10\/BD-Img26627-e1761668334517-768x698.jpg 768w, https:\/\/www.provitek.fi\/wp-content\/uploads\/2025\/10\/BD-Img26627-e1761668334517-64x58.jpg 64w, https:\/\/www.provitek.fi\/wp-content\/uploads\/2025\/10\/BD-Img26627-e1761668334517.jpg 1332w\" sizes=\"auto, (max-width: 300px) 100vw, 300px\" \/>Steritech Go\u00fbt\u00b4stave -autoklaavi on saatavilla yhden tai kahden vaunun kapasiteetilla tuotannon tarpeista riippuen.<\/p>\n<p>Yhteen koriin mahtuu noin:<\/p>\n<ul>\n<li>200 4\/4 t\u00f6lkki\u00e4<\/li>\n<li>210 lasipurkkia \u00e1 580 ml<\/li>\n<li>150 lasipulloa \u00e1 1 000 ml<\/li>\n<li>460 lasipurkkia \u00e1 230 ml<\/li>\n<li>165 doypack -tuotepakkausta \u00e1 250 g<\/li>\n<\/ul>\n<p>&nbsp;<\/p>\n<h3><strong>S\u00e4hk\u00f6- tai h\u00f6yryl\u00e4mmityksell\u00e4 tai l\u00e4mm\u00f6nvaihtimella<\/strong><\/h3>\n<p><img loading=\"lazy\" decoding=\"async\" class=\"alignleft wp-image-7185\" src=\"https:\/\/www.provitek.fi\/wp-content\/uploads\/2025\/10\/Vaunu-300x192.png\" alt=\"Kuva, jossa esiintyy Goutstave-autoklaavin vaunu\/kori lastattuna tuotteilla\" width=\"285\" height=\"182\" srcset=\"https:\/\/www.provitek.fi\/wp-content\/uploads\/2025\/10\/Vaunu-300x192.png 300w, https:\/\/www.provitek.fi\/wp-content\/uploads\/2025\/10\/Vaunu-768x490.png 768w, https:\/\/www.provitek.fi\/wp-content\/uploads\/2025\/10\/Vaunu-64x41.png 64w, https:\/\/www.provitek.fi\/wp-content\/uploads\/2025\/10\/Vaunu.png 924w\" sizes=\"auto, (max-width: 285px) 100vw, 285px\" \/>Autoklaavissa on vakiovarusteisena s\u00e4hk\u00f6l\u00e4mmitys, jonka ansiosta se on helppo asentaa tuotantolaitoksiin joissa ei ole ennest\u00e4\u00e4n h\u00f6yrynkehitint\u00e4. Haluttaessa L\u00e4mmitys on mahdollista toteuttaa h\u00f6yryn tai l\u00e4mm\u00f6nvaihtimen avulla.<\/p>\n<p>&nbsp;<\/p>\n<p>&nbsp;<\/p>\n<p>&nbsp;<\/p>\n<h3>Kun laatu ratkaisee, on Steritech Go\u00fbt\u00b4stave oikea valinta<\/h3>\n<p>Go\u00fbt\u00b4stave on rakennettu Steritechin vuosikymmenten kokemuksen pohjalle isoista teollisuusautoklaaveista. Go\u00fbt\u00b4stave -autoklaavi on markkinajohtaja kokoluokassaan. Se on<strong> ensisijainen valinta yliopistojen tuotekehitys- ja innovaatioprosesseissa<\/strong> sek\u00e4 tuotekehitykseen erikoistuneissa yrityksiss\u00e4 ja tuotekehityskeitti\u00f6iss\u00e4, ja sit\u00e4 k\u00e4ytet\u00e4\u00e4n yleisesti my\u00f6s pienikokoisena teollisuuden tuotantolaitteena pienill\u00e4 ja keskisuurilla tuottajilla. Steritech <strong>Go\u00fbt\u00b4stave soveltuu vaativalle toimijalle<\/strong> joka hakee laatua, automatisaatiota ja tuotannollisia tuloksia, jotka ovat toistettavissa tarvittaessa my\u00f6hemmin my\u00f6s isommissa autoklaaveissa.<\/p>\n<p>&nbsp;<\/p>\n<div class=\"entry-content-asset videofit\"><iframe loading=\"lazy\" title=\"STERITECH | Go\u00fbt&#039;stave for the world of tomorrow\" width=\"720\" height=\"405\" src=\"https:\/\/www.youtube.com\/embed\/EMxsUpEDZXs?feature=oembed&#038;enablejsapi=1&#038;origin=https:\/\/www.provitek.fi\" frameborder=\"0\" allow=\"accelerometer; autoplay; clipboard-write; encrypted-media; gyroscope; picture-in-picture; web-share\" referrerpolicy=\"strict-origin-when-cross-origin\" allowfullscreen><\/iframe><\/div>\n<h4><\/h4>\n<h4>Linkit:<\/h4>\n<p><a href=\"https:\/\/www.provitek.fi\/tuotteet\/teolliset-autoklaavit\/\">Tarve isommalle? Katso Steritechin suuremmat autoklaavit t\u00e4st\u00e4.<\/a><\/p>\n<p><a href=\"https:\/\/www.provitek.fi\/valmistaja\/steritech\/\">Katso muut laitevalmistajan Steritech laitteet klikkaamalla t\u00e4st\u00e4.<\/a><\/p>\n<p><a href=\"https:\/\/www.steritech.eu.com\/en\/goutstave-small-electric-autoclave\/\">Lue lis\u00e4\u00e4 Goutstave -autoklaavista laitevalmistajan sivuilla klikkaamalla t\u00e4st\u00e4.<\/a><\/p>\n","protected":false},"excerpt":{"rendered":"<p>Kompakti autoklaavi vaativaan tuotannolliseen- ja tuotekehitysk\u00e4ytt\u00f6\u00f6n. Steritech Go\u00fbt\u00b4stave on vaakatasossa toimiva autoklaavi, jonka prosessi perustuu sadetus\/vesisumutusperiaatteeseen. Autoklaavissa on hy\u00f6dynnetty innovaatioita Steritechin isoista teollisuusautoklaaveista, joiden avulla Go\u00fbt\u00b4stave on markkinoiden kehittynein ja monipuolisin kompakti autoklaavi.<\/p>\n","protected":false},"featured_media":7148,"template":"","meta":{"_seopress_robots_primary_cat":"none","_seopress_titles_title":"Kompakti autoklaavi tuotantoon ja tuotekehitykseen","_seopress_titles_desc":"Steritech Goutstave -sadetusautoklaavi elintarviketeollisuudelle ja muihin teollisuuden sterilointi- ja past\u00f6rointiprosesseihin.","_seopress_robots_index":"","_kad_blocks_custom_css":"","_kad_blocks_head_custom_js":"","_kad_blocks_body_custom_js":"","_kad_blocks_footer_custom_js":"","editor_plus_copied_stylings":"{}","_kad_post_transparent":"default","_kad_post_title":"","_kad_post_layout":"default","_kad_post_sidebar_id":"","_kad_post_content_style":"default","_kad_post_vertical_padding":"default","_kad_post_feature":"","_kad_post_feature_position":"","_kad_post_header":false,"_kad_post_footer":false,"_kad_post_classname":""},"product_brand":[],"product_cat":[114,23,24,72,22,73,70,71,15],"product_tag":[279,278,286,284,283,282,281,280,285],"product_brands":[46],"class_list":{"0":"post-7145","1":"product","2":"type-product","3":"status-publish","4":"has-post-thumbnail","6":"product_cat-elainruoka","7":"product_cat-kala","8":"product_cat-kasvis","9":"product_cat-leipomo","10":"product_cat-liha","11":"product_cat-marja-hedelma","12":"product_cat-meijeri","13":"product_cat-valmisruoka","14":"product_cat-yleinen","15":"product_tag-autoklaavaus","16":"product_tag-autoklaavi","17":"product_tag-goutstave","18":"product_tag-keitto","19":"product_tag-kuumennus","20":"product_tag-kypsytys","21":"product_tag-lampokasittely","22":"product_tag-pastorointi","23":"product_tag-steritech","24":"product_brands-steritech","26":"first","27":"instock","28":"shipping-taxable","29":"purchasable","30":"product-type-simple","31":"entry","32":"content-bg","33":"loop-entry"},"taxonomy_info":{"product_cat":[{"value":114,"label":"El\u00e4inruoka"},{"value":23,"label":"Kala"},{"value":24,"label":"Kasvis"},{"value":72,"label":"Leipomo"},{"value":22,"label":"Liha"},{"value":73,"label":"Marja &amp; Hedelm\u00e4"},{"value":70,"label":"Meijeri"},{"value":71,"label":"Valmisruoka"},{"value":15,"label":"Yleinen"}],"product_tag":[{"value":279,"label":"autoklaavaus"},{"value":278,"label":"Autoklaavi"},{"value":286,"label":"Goutstave"},{"value":284,"label":"keitto"},{"value":283,"label":"kuumennus"},{"value":282,"label":"kypsytys"},{"value":281,"label":"l\u00e4mp\u00f6k\u00e4sittely"},{"value":280,"label":"past\u00f6rointi"},{"value":285,"label":"Steritech"}],"product_brands":[{"value":46,"label":"Steritech"}]},"featured_image_src_large":["https:\/\/www.provitek.fi\/wp-content\/uploads\/2025\/10\/GOUTSTAVE-1024x718.png",1024,718,true],"author_info":[],"comment_info":"","_links":{"self":[{"href":"https:\/\/www.provitek.fi\/et\/wp-json\/wp\/v2\/product\/7145","targetHints":{"allow":["GET"]}}],"collection":[{"href":"https:\/\/www.provitek.fi\/et\/wp-json\/wp\/v2\/product"}],"about":[{"href":"https:\/\/www.provitek.fi\/et\/wp-json\/wp\/v2\/types\/product"}],"wp:featuredmedia":[{"embeddable":true,"href":"https:\/\/www.provitek.fi\/et\/wp-json\/wp\/v2\/media\/7148"}],"wp:attachment":[{"href":"https:\/\/www.provitek.fi\/et\/wp-json\/wp\/v2\/media?parent=7145"}],"wp:term":[{"taxonomy":"product_brand","embeddable":true,"href":"https:\/\/www.provitek.fi\/et\/wp-json\/wp\/v2\/product_brand?post=7145"},{"taxonomy":"product_cat","embeddable":true,"href":"https:\/\/www.provitek.fi\/et\/wp-json\/wp\/v2\/product_cat?post=7145"},{"taxonomy":"product_tag","embeddable":true,"href":"https:\/\/www.provitek.fi\/et\/wp-json\/wp\/v2\/product_tag?post=7145"},{"taxonomy":"product_brands","embeddable":true,"href":"https:\/\/www.provitek.fi\/et\/wp-json\/wp\/v2\/product_brands?post=7145"}],"curies":[{"name":"wp","href":"https:\/\/api.w.org\/{rel}","templated":true}]}}