{"id":7267,"date":"2025-11-06T09:46:10","date_gmt":"2025-11-06T07:46:10","guid":{"rendered":"https:\/\/www.provitek.fi\/?post_type=product&#038;p=7267"},"modified":"2025-11-06T10:10:09","modified_gmt":"2025-11-06T08:10:09","slug":"compact-jaahdytys-ja-pakastusspiraali","status":"publish","type":"product","link":"https:\/\/www.provitek.fi\/et\/toode\/compact-jaahdytys-ja-pakastusspiraali\/","title":{"rendered":"Compact j\u00e4\u00e4hdytys- ja pakastusspiraali"},"content":{"rendered":"<h1>Heinen Freezing Compact j\u00e4\u00e4hdytys- ja pakastusspiraali<\/h1>\n<div>\n<h3 id=\"heinenfreezingcompactspiraltehokashygieeninenjanopeastikyttnotettavapakastusratkaisu\"><strong>Tehokas, hygieeninen ja nopeasti k\u00e4ytt\u00f6\u00f6notettava j\u00e4\u00e4hdytys- ja pakastusratkaisu<\/strong><\/h3>\n<p><strong>Heinen Compact spiraali<\/strong> on suunniteltu tuomaan huipputason j\u00e4\u00e4hdytys- ja pakastustehoa kompaktissa ja \u00e4lykk\u00e4\u00e4ss\u00e4 muodossa. Saksassa suunniteltu ja valmistettu spiraali kutistaa perinteisen ison j\u00e4\u00e4hdytysspiraalin ominaisuudet kompaktiin kokoon. Heinen Compact spiraali on t\u00e4ydellinen valinta pieneen ja keskisuureen tuotantolinjaan.<\/p>\n<h3><strong>Kompakti, joustava ja modulaarinen<\/strong><\/h3>\n<p>S\u00e4\u00e4dett\u00e4v\u00e4t hihnakonfiguraatiot ja modulaariset puhdistusratkaisut tekev\u00e4t laitteesta helposti mukautettavan eri tuotetyypeille \u2013 olipa kyseess\u00e4 liha, valmisruoat, leivonnaiset tai merenel\u00e4v\u00e4t.<\/p>\n<h3><strong>Kokonaan suljettu, konttimainen rakenne<\/strong><\/h3>\n<p>Laite toimitetaan <strong>t\u00e4ysin koottuna<\/strong> rekalla, mik\u00e4 mahdollistaa <strong>eritt\u00e4in nopean asennuksen ja k\u00e4ytt\u00f6\u00f6noton<\/strong> paikan p\u00e4\u00e4ll\u00e4. Ei tarvetta monimutkaisille rakennust\u00f6ille \u2013 laite on valmis k\u00e4ytt\u00f6\u00f6n jopa muutamassa p\u00e4iv\u00e4ss\u00e4.<\/p>\n<h3><strong>Vankka ja kest\u00e4v\u00e4 rakenne<\/strong><\/h3>\n<p>Eritt\u00e4in tukeva kotelointi tarjoaa vakaan alustan spiraalimekanismille, mik\u00e4 takaa <strong>pitk\u00e4n k\u00e4ytt\u00f6i\u00e4n<\/strong>, <strong>v\u00e4h\u00e4isen huoltotarpeen<\/strong> ja <strong>tasaisen suorituskyvyn<\/strong> vuodesta toiseen.<\/p>\n<h3><strong>T\u00e4ysin automatisoitu pesuj\u00e4rjestelm\u00e4<\/strong><\/h3>\n<p>Laitteen sis\u00e4tilat \u2013 ei pelk\u00e4st\u00e4\u00e4n kuljetinhihna \u2013 puhdistetaan automaattisesti. T\u00e4m\u00e4 v\u00e4hent\u00e4\u00e4 merkitt\u00e4v\u00e4sti manuaalisen ty\u00f6n tarvetta ja varmistaa korkean hygieniatason tuotannossa.<\/p>\n<h3><strong>Compact Duo &#8211; kaksinkertainen kapasiteetti kahdella rummulla<\/strong><\/h3>\n<p>Compact Duo yhdist\u00e4\u00e4 kaksi Compact-spiraalia yhteen. Compact Duo -spiraali tuplaa compact-spiraalin tuotantokapasiteetin. Jos valmiste vaatii pitk\u00e4n j\u00e4\u00e4hdytysajan, tai tuotantom\u00e4\u00e4r\u00e4t ylitt\u00e4v\u00e4t yksirumpuisen Compact-spiraalin kapasiteetin, on Compact Duo oikea valinta.<\/p>\n<h3>Kapasiteetti, joka ylitt\u00e4\u00e4 odotukset<\/h3>\n<h3><span style=\"font-size: 17px; font-weight: 400;\">Vaikka laite on fyysisesti pieni, sen <strong>j\u00e4\u00e4hdytyskapasiteetti on iso<\/strong>. T\u00e4m\u00e4n ansiosta Compact spiraali l\u00f6yt\u00e4\u00e4 paikkansa my\u00f6s suuren kapasiteetin tuotannossa. <\/span><span style=\"font-size: 17px; font-weight: 400;\">Pienemmille elintarvikevalmistajille Compact -spiraali mahdollistaa matalan kynnyksen siirtym\u00e4n <strong>markkinoiden tehokkaimpaan j\u00e4\u00e4hdytysj\u00e4rjestelm\u00e4\u00e4n<\/strong>. Compact-spiraalin helpon siirrett\u00e4vyyden ja poikkeuksellisen korkean j\u00e4lleenmyyntiarvon ansiosta se on <strong>huoleton investointi kasvavalle tehtaalle<\/strong>.<\/span><\/h3>\n<h3><span style=\"font-size: 17px; font-weight: 400;\">Suuremmille elintarvikevalmistajille useamman Compact- tai Compact Duo -spiraalin k\u00e4ytt\u00f6 <\/span><span style=\"font-size: 17px; font-weight: 400;\">mahdollistaa <strong>modulaarisen laajentamisen<\/strong>, tuo <\/span><span style=\"font-size: 17px; font-weight: 400;\"><strong>joustavuutta tuotantoon<\/strong>, <\/span><span style=\"font-size: 17px; font-weight: 400;\">ja parantaa <strong>toimintavarmuutta<\/strong>. <\/span><span style=\"font-size: 17px; font-weight: 400;\">Unohtamatta <strong>nopeampaa investoinnin takaisinmaksuaikaa<\/strong>\u00a0verrattuna yhteen suureen spiraaliin.<\/span><\/h3>\n<hr \/>\n<h3><strong>Kompakti. Hygieeninen. Nopea k\u00e4ytt\u00f6\u00f6notto, pitk\u00e4 elinkaari.<\/strong><\/h3>\n<p>Valitse <strong>Heinen<\/strong>, kun haluat yhdist\u00e4\u00e4 tehokkuuden, puhtauden ja kest\u00e4vyyden \u2013 ilman kompromisseja.<\/p>\n<hr \/>\n<h3>Linkit:<\/h3>\n<p><a href=\"https:\/\/heinen.flux-cms.de\/?SituationID=4\" target=\"_blank\" rel=\"noopener\">Tutustu Heinen Freezing virtuaaliseen tuoten\u00e4yttelyyn!<\/a><\/p>\n<p><a href=\"https:\/\/www.heinen.biz\/products\/heinen-compact\" target=\"_blank\" rel=\"noopener\">Lue lis\u00e4\u00e4 valmistajan sivuilla<\/a><\/p>\n<p><a href=\"https:\/\/www.provitek.fi\/wp-content\/uploads\/2025\/11\/flyer_a4_4_seiten_compact_en.pdf\" target=\"_blank\" rel=\"noopener\">Avaa tuote-esite (PDF)<\/a><\/p>\n<p><a href=\"https:\/\/www.provitek.fi\/tuotteet\/jaahdytysspiraalit-ja-pakastusspiraalit\/\">Katso my\u00f6s Heinen Arctic -spiraalit<\/a><\/p>\n<\/div>\n","protected":false},"excerpt":{"rendered":"<p>Heinen Compact ja Compact Duo j\u00e4\u00e4hdytys-ja pakastusspiraalit. Modulaarinen ja kompakti spiraali pienelle ja suurelle tuotantokapasiteetille.<\/p>\n","protected":false},"featured_media":7271,"template":"","meta":{"_seopress_robots_primary_cat":"none","_seopress_titles_title":"Heinen Compact j\u00e4\u00e4hdytysspiraali ja pakastusspiraali","_seopress_titles_desc":"Heinen Compact ja Compact Duo j\u00e4\u00e4hdytys-ja pakastusspiraalit. Modulaarinen ja kompakti spiraali pienelle ja suurelle tuotantokapasiteetille.","_seopress_robots_index":"","_kad_blocks_custom_css":"","_kad_blocks_head_custom_js":"","_kad_blocks_body_custom_js":"","_kad_blocks_footer_custom_js":"","editor_plus_copied_stylings":"{}","_kad_post_transparent":"default","_kad_post_title":"","_kad_post_layout":"default","_kad_post_sidebar_id":"","_kad_post_content_style":"default","_kad_post_vertical_padding":"default","_kad_post_feature":"","_kad_post_feature_position":"","_kad_post_header":false,"_kad_post_footer":false,"_kad_post_classname":""},"product_brand":[],"product_cat":[114,23,24,72,22,73,71,15],"product_tag":[],"product_brands":[38],"class_list":{"0":"post-7267","1":"product","2":"type-product","3":"status-publish","4":"has-post-thumbnail","6":"product_cat-elainruoka","7":"product_cat-kala","8":"product_cat-kasvis","9":"product_cat-leipomo","10":"product_cat-liha","11":"product_cat-marja-hedelma","12":"product_cat-valmisruoka","13":"product_cat-yleinen","14":"product_brands-heinen","16":"first","17":"instock","18":"shipping-taxable","19":"purchasable","20":"product-type-simple","21":"entry","22":"content-bg","23":"loop-entry"},"taxonomy_info":{"product_cat":[{"value":114,"label":"El\u00e4inruoka"},{"value":23,"label":"Kala"},{"value":24,"label":"Kasvis"},{"value":72,"label":"Leipomo"},{"value":22,"label":"Liha"},{"value":73,"label":"Marja &amp; Hedelm\u00e4"},{"value":71,"label":"Valmisruoka"},{"value":15,"label":"Yleinen"}],"product_brands":[{"value":38,"label":"Heinen"}]},"featured_image_src_large":["https:\/\/www.provitek.fi\/wp-content\/uploads\/2025\/11\/Compact-1024x758.png",1024,758,true],"author_info":[],"comment_info":"","_links":{"self":[{"href":"https:\/\/www.provitek.fi\/et\/wp-json\/wp\/v2\/product\/7267","targetHints":{"allow":["GET"]}}],"collection":[{"href":"https:\/\/www.provitek.fi\/et\/wp-json\/wp\/v2\/product"}],"about":[{"href":"https:\/\/www.provitek.fi\/et\/wp-json\/wp\/v2\/types\/product"}],"wp:featuredmedia":[{"embeddable":true,"href":"https:\/\/www.provitek.fi\/et\/wp-json\/wp\/v2\/media\/7271"}],"wp:attachment":[{"href":"https:\/\/www.provitek.fi\/et\/wp-json\/wp\/v2\/media?parent=7267"}],"wp:term":[{"taxonomy":"product_brand","embeddable":true,"href":"https:\/\/www.provitek.fi\/et\/wp-json\/wp\/v2\/product_brand?post=7267"},{"taxonomy":"product_cat","embeddable":true,"href":"https:\/\/www.provitek.fi\/et\/wp-json\/wp\/v2\/product_cat?post=7267"},{"taxonomy":"product_tag","embeddable":true,"href":"https:\/\/www.provitek.fi\/et\/wp-json\/wp\/v2\/product_tag?post=7267"},{"taxonomy":"product_brands","embeddable":true,"href":"https:\/\/www.provitek.fi\/et\/wp-json\/wp\/v2\/product_brands?post=7267"}],"curies":[{"name":"wp","href":"https:\/\/api.w.org\/{rel}","templated":true}]}}